{"id":5930,"date":"2022-08-15T13:20:20","date_gmt":"2022-08-15T13:20:20","guid":{"rendered":"https:\/\/slowfoodnordic.com\/?page_id=5930"},"modified":"2022-08-26T09:39:34","modified_gmt":"2022-08-26T09:39:34","slug":"slowfoodstockholm","status":"publish","type":"page","link":"https:\/\/slowfoodnordic.com\/sv\/terra-madre-nordic\/slowfoodstockholm\/","title":{"rendered":"Slow Food Stockholm, utomhusklassrummet"},"content":{"rendered":"<h2>Fredag 2 sep<\/h2>\n<h3>A Walk on the Wild Side pt. 1<\/h3>\n<p>Plocka, laga, \u00e4t och diskutera vild mat med Niki Sj\u00f6lund, Lena Flaten och Andreas Lidstr\u00f6m. Alla tre har en l\u00e5ngvarig och djup relation till den vilda maten, var och en p\u00e5 sitt eget s\u00e4tt. L\u00e5t denna treenighet inspirera dig att komma i kontakt med b\u00e5de varandra och naturen under ett par sociala, v\u00e4lsmakande och interaktiva timmar.<\/p>\n<p><img fetchpriority=\"high\" decoding=\"async\" class=\"alignnone size-medium wp-image-5931\" src=\"https:\/\/slowfoodnordic.com\/wp-content\/uploads\/2022\/08\/LenaFlaten-200x300.jpg\" alt=\"\" width=\"200\" height=\"300\" srcset=\"https:\/\/slowfoodnordic.com\/wp-content\/uploads\/2022\/08\/LenaFlaten-200x300.jpg 200w, https:\/\/slowfoodnordic.com\/wp-content\/uploads\/2022\/08\/LenaFlaten.jpg 640w\" sizes=\"(max-width: 200px) 100vw, 200px\" \/><\/p>\n<p><strong><a href=\"https:\/\/docs.google.com\/forms\/d\/e\/1FAIpQLScIhGZUPQ4ArCwyPyrF9qoCWOQVc6y7ihVHe8cVJUftCVZKIQ\/viewform\">Biljetter 300 SEK, mat ing\u00e5r, anm\u00e4l dig h\u00e4r hos Slow Food Stockholm.<\/a><br \/>\n<\/strong>Aktiviteten \u00e4r den 2 september kl 12.00-14.00<br \/>\nPlats: Utomhusklassrummet<\/p>\n<h3>Slow Food Taste Education &#8211; Snack &#8220;fika&#8221; tasting experience \u2013 for kids of all ages<\/h3>\n<p>L\u00e5t oss uppt\u00e4cka n\u00e5gra kopplingar mellan sinnena och njutning, med en fika smakupplevelsen. Under provningen guidas deltagarna att identifiera de olika sinnenas roll i den \u00f6vergripande smakuppfattningen och att fokusera p\u00e5 n\u00e5gra av de f\u00f6rnimmelser och k\u00e4nslor som \u00e4r kopplade till upplevelsen. Varf\u00f6r \u00e4r maten njutbar? Vilka minnen och \u00f6gonblick \u00e4r det f\u00f6rknippat med? Vilka id\u00e9er f\u00e5r det en att t\u00e4nka p\u00e5? Tanken \u00e4r att v\u00e4cka nyfikenhet, l\u00e4ra ut de grundl\u00e4ggande reglerna f\u00f6r att smaka och att skilja de individuella sinnena, inte alltid en l\u00e4tt uppgift f\u00f6r barn under 7 \u00e5r, men alltid roligt och gott!<\/p>\n<p><strong>Denna aktivitet \u00e4r gratis men donationer \u00e4r v\u00e4lkomna, oavsett hur mycket eller lite du vill sk\u00e4nka.<br \/>\n<\/strong>Aktiviteten \u00e4r den 2 september kl: 17.00-17.45<br \/>\nPlats: Utomhusklassrummet<\/p>\n<p>Max 20 deltagare. Barn under 12 \u00e5r m\u00e5ste ha med sig en vuxen, som <a href=\"https:\/\/docs.google.com\/forms\/d\/e\/1FAIpQLSfsC0NwoexwwXpKcr-dC5s7BNyE8LbcikIg_iEFWdixvR8dIA\/viewform\">ocks\u00e5 registrerar sig h\u00e4r hos Slow Food Stockholm.<\/a><\/p>\n<h2>L\u00f6rdag 3 sep<\/h2>\n<h3>Slow Food Yoga (45 min with Krisztina Jonas)<\/h3>\n<p>Kom och f\u00f6lj med p\u00e5 en resa d\u00e4r vi \u00f6ppnar v\u00e5ra sinnen genom att sakta ner. Slow Food Yoga kommer att visa dig hur du andas l\u00e5ngsammare och r\u00f6r dig medvetet f\u00f6r att \u00f6ppna dina sinnen, vilket g\u00f6r att du kan ansluta till mat mer medvetet. Alla \u00e4r v\u00e4lkomna, nyb\u00f6rjare och erfarna yogaut\u00f6vare ocks\u00e5.<\/p>\n<p><strong>Denna aktivitet \u00e4r gratis men donationer \u00e4r v\u00e4lkomna, oavsett hur mycket eller lite du vill sk\u00e4nka. Ta med egen matta!<\/strong><\/p>\n<p>Aktiviteten \u00e4r den 3e september kl 09.00-10.00.<br \/>\nPlats: Utomhusklassrummet<br \/>\n<a href=\"https:\/\/docs.google.com\/forms\/d\/e\/1FAIpQLSfGz-XOlHnVTAzcQvc4p3WMbLw7Gupb8iQObvWwbXs1tNRETA\/viewform\">Anm\u00e4l dig h\u00e4r hos Slow food Stockholm.<\/a><\/p>\n<h3>A Walk on the Wild Side pt. 2<\/h3>\n<p>Markus S\u00e4rhagen \u00e4r bland annat vildplockare. Slipa p\u00e5 din uppm\u00e4rksamhetsf\u00f6rm\u00e5ga f\u00f6r ekosystemen som omger oss. F\u00f6rst\u00e5 deras sammankopplingar och bli en del av dem under denna unika utflykt p\u00e5 Stora Skuggan. En s\u00e4rskild inbjudan till denna aktivitet har skickats ut till v\u00e5ra v\u00e4nner i J\u00e4rva kolonitr\u00e4dg\u00e5rd och Reformaten, som kommer att spela en central roll i utflykten till J\u00e4rva som f\u00f6ljer direkt efter denna aktivitet (separat registrering kr\u00e4vs, l\u00e4nk <a href=\"https:\/\/forms.gle\/tujANheg1V85vynE8\">h\u00e4r<\/a>).<\/p>\n<p><strong>Biljetter 150 SEK.<br \/>\n<\/strong>Aktiviteten \u00e4r den 3e september kl 11.00-12.30<br \/>\nPlats: Utomhusklassrummet, Stora Skuggan<br \/>\n<a href=\"https:\/\/docs.google.com\/forms\/d\/e\/1FAIpQLScxFuMs-2mzaQOIVujaIYXtGRnsL0xWKjhaPuofFfZz62Oibw\/viewform\">Max 15 deltagare, anm\u00e4l dig h\u00e4r hos Slow Food Stockholm.<\/a><\/p>\n<h3>Field trip with Reformaten<\/h3>\n<p><strong>En smakresa fr\u00e5n skogarna av storaskuggan till kolonilotter p\u00e5 J\u00e4rvaf\u00e4ltet<\/strong><\/p>\n<p>Slow Food Stockholm och Reformaten med v\u00e4nner anordnar en utforskande matresa som t\u00e4njer p\u00e5 gr\u00e4nserna av vad lokal mat med inspiration fr\u00e5n v\u00e4rlden har att erbjuda. Vi b\u00f6rjar p\u00e5 stora skuggan med en tur i skogen och matlagning av vad som erbj\u00f6ds samt en kort f\u00f6rel\u00e4sning\/workshop om varf\u00f6r vi beh\u00f6ver st\u00e4lla om matsystemet och zoom ut av Reformaten. D\u00e4refter g\u00e5r bussen fr\u00e5n stora skuggan till J\u00e4rva. Yalla Rinkeby, Boodla, Reformaten &amp; co bjuder in till Sk\u00f6rdefest vid sin kolonilott p\u00e5 J\u00e4rvaf\u00e4ltet. D\u00e4r f\u00e5r v\u00e5ra g\u00e4ster smaka p\u00e5 vad som kommit upp ur jorden p\u00e5 platsen. R\u00e5a eller tillagade delikata smakprov inspirerade av matkulturer fr\u00e5n v\u00e4rlden. Maten f\u00f6renar s\u00e5 l\u00e5t oss inspireras, l\u00e4ra och njuta! Bussen tar er sedan tillbaka till Stora Skuggan innan klockan 16.00.<\/p>\n<p><strong>Denna aktivitet \u00e4r gratis, mat ing\u00e5r.<br \/>\n<\/strong>Aktiviteten \u00e4r den 3 september kl 12.45-16.00.<br \/>\nPlats: Utomhusklassrummet, Stora Skuggan<br \/>\n<a href=\"https:\/\/docs.google.com\/forms\/d\/e\/1FAIpQLSeU_4ALbspoQuGjjDlBC-pH0EhGX8fFqXOu1qNLJc9v_iw9ZA\/viewform\">Max 15 deltagare, anm\u00e4l dig h\u00e4r hos Slow Food Stockholm.<\/a><\/p>\n<h3>Leftover After Party<\/h3>\n<p>Sigvard Dackevall (BRUS) kommer att bjuda in till en upplyftande, minimal och organisk elektronisk musikupps\u00e4ttning som vi kommer att njuta av tillsammans. Det blir f\u00f6rtrollande l\u00e5tar blandat med ett tungt groove.<\/p>\n<p><strong>Denna aktivitet \u00e4r gratis men donationer \u00e4r v\u00e4lkomna, oavsett hur mycket eller lite du vill sk\u00e4nka.<br \/>\n<\/strong>Aktiviteten \u00e4r den 3e september fr\u00e5n ca kl 18.00<br \/>\nPlats: Utomhusklassrummet<\/p>\n<p><img decoding=\"async\" class=\"alignnone size-medium wp-image-5943\" src=\"https:\/\/slowfoodnordic.com\/wp-content\/uploads\/2022\/08\/slowfoodstockholm_logo-300x233.jpg\" alt=\"\" width=\"300\" height=\"233\" srcset=\"https:\/\/slowfoodnordic.com\/wp-content\/uploads\/2022\/08\/slowfoodstockholm_logo-300x233.jpg 300w, https:\/\/slowfoodnordic.com\/wp-content\/uploads\/2022\/08\/slowfoodstockholm_logo-1024x794.jpg 1024w, https:\/\/slowfoodnordic.com\/wp-content\/uploads\/2022\/08\/slowfoodstockholm_logo-768x596.jpg 768w, https:\/\/slowfoodnordic.com\/wp-content\/uploads\/2022\/08\/slowfoodstockholm_logo-1536x1191.jpg 1536w, https:\/\/slowfoodnordic.com\/wp-content\/uploads\/2022\/08\/slowfoodstockholm_logo-2048x1588.jpg 2048w\" sizes=\"(max-width: 300px) 100vw, 300px\" \/><\/p>\n","protected":false},"excerpt":{"rendered":"<p>Fredag 2 sep A Walk on the Wild Side pt. 1 Plocka, laga, \u00e4t och diskutera vild mat med Niki Sj\u00f6lund, Lena Flaten och Andreas Lidstr\u00f6m. Alla tre har en l\u00e5ngvarig och djup relation till den vilda maten, var och en p\u00e5 sitt eget s\u00e4tt. L\u00e5t denna treenighet inspirera dig att komma i kontakt med [&hellip;]<\/p>\n","protected":false},"author":5,"featured_media":0,"parent":4927,"menu_order":2,"comment_status":"closed","ping_status":"closed","template":"","meta":{"footnotes":""},"class_list":["post-5930","page","type-page","status-publish","hentry"],"yoast_head":"<!-- This site is optimized with the Yoast SEO plugin v25.2 - https:\/\/yoast.com\/wordpress\/plugins\/seo\/ -->\n<title>Slow Food Stockholm, utomhusklassrummet - Slow Food in the Nordic Countries<\/title>\n<meta name=\"robots\" content=\"index, follow, max-snippet:-1, max-image-preview:large, max-video-preview:-1\" \/>\n<link rel=\"canonical\" href=\"https:\/\/slowfoodnordic.com\/sv\/terra-madre-nordic\/slowfoodstockholm\/\" \/>\n<meta property=\"og:locale\" content=\"sv_SE\" \/>\n<meta property=\"og:type\" content=\"article\" \/>\n<meta property=\"og:title\" content=\"Slow Food Stockholm, utomhusklassrummet - Slow Food in the Nordic Countries\" \/>\n<meta property=\"og:description\" content=\"Fredag 2 sep A Walk on the Wild Side pt. 1 Plocka, laga, \u00e4t och diskutera vild mat med Niki Sj\u00f6lund, Lena Flaten och Andreas Lidstr\u00f6m. Alla tre har en l\u00e5ngvarig och djup relation till den vilda maten, var och en p\u00e5 sitt eget s\u00e4tt. L\u00e5t denna treenighet inspirera dig att komma i kontakt med [&hellip;]\" \/>\n<meta property=\"og:url\" content=\"https:\/\/slowfoodnordic.com\/sv\/terra-madre-nordic\/slowfoodstockholm\/\" \/>\n<meta property=\"og:site_name\" content=\"Slow Food in the Nordic Countries\" \/>\n<meta property=\"article:modified_time\" content=\"2022-08-26T09:39:34+00:00\" \/>\n<meta property=\"og:image\" content=\"https:\/\/slowfoodnordic.com\/wp-content\/uploads\/2022\/08\/LenaFlaten-200x300.jpg\" \/>\n<meta name=\"twitter:card\" content=\"summary_large_image\" \/>\n<meta name=\"twitter:label1\" content=\"Ber\u00e4knad l\u00e4stid\" \/>\n\t<meta name=\"twitter:data1\" content=\"4 minuter\" \/>\n<script type=\"application\/ld+json\" class=\"yoast-schema-graph\">{\"@context\":\"https:\/\/schema.org\",\"@graph\":[{\"@type\":\"WebPage\",\"@id\":\"https:\/\/slowfoodnordic.com\/sv\/terra-madre-nordic\/slowfoodstockholm\/\",\"url\":\"https:\/\/slowfoodnordic.com\/sv\/terra-madre-nordic\/slowfoodstockholm\/\",\"name\":\"Slow Food Stockholm, utomhusklassrummet - Slow Food in the Nordic Countries\",\"isPartOf\":{\"@id\":\"https:\/\/slowfoodnordic.com\/#website\"},\"primaryImageOfPage\":{\"@id\":\"https:\/\/slowfoodnordic.com\/sv\/terra-madre-nordic\/slowfoodstockholm\/#primaryimage\"},\"image\":{\"@id\":\"https:\/\/slowfoodnordic.com\/sv\/terra-madre-nordic\/slowfoodstockholm\/#primaryimage\"},\"thumbnailUrl\":\"https:\/\/slowfoodnordic.com\/wp-content\/uploads\/2022\/08\/LenaFlaten-200x300.jpg\",\"datePublished\":\"2022-08-15T13:20:20+00:00\",\"dateModified\":\"2022-08-26T09:39:34+00:00\",\"breadcrumb\":{\"@id\":\"https:\/\/slowfoodnordic.com\/sv\/terra-madre-nordic\/slowfoodstockholm\/#breadcrumb\"},\"inLanguage\":\"sv-SE\",\"potentialAction\":[{\"@type\":\"ReadAction\",\"target\":[\"https:\/\/slowfoodnordic.com\/sv\/terra-madre-nordic\/slowfoodstockholm\/\"]}]},{\"@type\":\"ImageObject\",\"inLanguage\":\"sv-SE\",\"@id\":\"https:\/\/slowfoodnordic.com\/sv\/terra-madre-nordic\/slowfoodstockholm\/#primaryimage\",\"url\":\"https:\/\/slowfoodnordic.com\/wp-content\/uploads\/2022\/08\/LenaFlaten-200x300.jpg\",\"contentUrl\":\"https:\/\/slowfoodnordic.com\/wp-content\/uploads\/2022\/08\/LenaFlaten-200x300.jpg\"},{\"@type\":\"BreadcrumbList\",\"@id\":\"https:\/\/slowfoodnordic.com\/sv\/terra-madre-nordic\/slowfoodstockholm\/#breadcrumb\",\"itemListElement\":[{\"@type\":\"ListItem\",\"position\":1,\"name\":\"Home\",\"item\":\"https:\/\/slowfoodnordic.com\/sv\/\"},{\"@type\":\"ListItem\",\"position\":2,\"name\":\"Terra Madre Nordic\",\"item\":\"https:\/\/slowfoodnordic.com\/sv\/terra-madre-nordic\/\"},{\"@type\":\"ListItem\",\"position\":3,\"name\":\"Slow Food Stockholm, utomhusklassrummet\"}]},{\"@type\":\"WebSite\",\"@id\":\"https:\/\/slowfoodnordic.com\/#website\",\"url\":\"https:\/\/slowfoodnordic.com\/\",\"name\":\"Slow Food in the Nordic Countries\",\"description\":\"\",\"publisher\":{\"@id\":\"https:\/\/slowfoodnordic.com\/#organization\"},\"potentialAction\":[{\"@type\":\"SearchAction\",\"target\":{\"@type\":\"EntryPoint\",\"urlTemplate\":\"https:\/\/slowfoodnordic.com\/?s={search_term_string}\"},\"query-input\":{\"@type\":\"PropertyValueSpecification\",\"valueRequired\":true,\"valueName\":\"search_term_string\"}}],\"inLanguage\":\"sv-SE\"},{\"@type\":\"Organization\",\"@id\":\"https:\/\/slowfoodnordic.com\/#organization\",\"name\":\"Slow Food in the Nordic Countries\",\"url\":\"https:\/\/slowfoodnordic.com\/\",\"logo\":{\"@type\":\"ImageObject\",\"inLanguage\":\"sv-SE\",\"@id\":\"https:\/\/slowfoodnordic.com\/#\/schema\/logo\/image\/\",\"url\":\"https:\/\/slowfoodnordic.com\/wp-content\/uploads\/2025\/06\/EN_SF_convivium-in-the-Nordic-Countries.jpg\",\"contentUrl\":\"https:\/\/slowfoodnordic.com\/wp-content\/uploads\/2025\/06\/EN_SF_convivium-in-the-Nordic-Countries.jpg\",\"width\":1375,\"height\":543,\"caption\":\"Slow Food in the Nordic Countries\"},\"image\":{\"@id\":\"https:\/\/slowfoodnordic.com\/#\/schema\/logo\/image\/\"}}]}<\/script>\n<!-- \/ Yoast SEO plugin. -->","yoast_head_json":{"title":"Slow Food Stockholm, utomhusklassrummet - Slow Food in the Nordic Countries","robots":{"index":"index","follow":"follow","max-snippet":"max-snippet:-1","max-image-preview":"max-image-preview:large","max-video-preview":"max-video-preview:-1"},"canonical":"https:\/\/slowfoodnordic.com\/sv\/terra-madre-nordic\/slowfoodstockholm\/","og_locale":"sv_SE","og_type":"article","og_title":"Slow Food Stockholm, utomhusklassrummet - Slow Food in the Nordic Countries","og_description":"Fredag 2 sep A Walk on the Wild Side pt. 1 Plocka, laga, \u00e4t och diskutera vild mat med Niki Sj\u00f6lund, Lena Flaten och Andreas Lidstr\u00f6m. Alla tre har en l\u00e5ngvarig och djup relation till den vilda maten, var och en p\u00e5 sitt eget s\u00e4tt. L\u00e5t denna treenighet inspirera dig att komma i kontakt med [&hellip;]","og_url":"https:\/\/slowfoodnordic.com\/sv\/terra-madre-nordic\/slowfoodstockholm\/","og_site_name":"Slow Food in the Nordic Countries","article_modified_time":"2022-08-26T09:39:34+00:00","og_image":[{"url":"https:\/\/slowfoodnordic.com\/wp-content\/uploads\/2022\/08\/LenaFlaten-200x300.jpg","type":"","width":"","height":""}],"twitter_card":"summary_large_image","twitter_misc":{"Ber\u00e4knad l\u00e4stid":"4 minuter"},"schema":{"@context":"https:\/\/schema.org","@graph":[{"@type":"WebPage","@id":"https:\/\/slowfoodnordic.com\/sv\/terra-madre-nordic\/slowfoodstockholm\/","url":"https:\/\/slowfoodnordic.com\/sv\/terra-madre-nordic\/slowfoodstockholm\/","name":"Slow Food Stockholm, utomhusklassrummet - Slow Food in the Nordic Countries","isPartOf":{"@id":"https:\/\/slowfoodnordic.com\/#website"},"primaryImageOfPage":{"@id":"https:\/\/slowfoodnordic.com\/sv\/terra-madre-nordic\/slowfoodstockholm\/#primaryimage"},"image":{"@id":"https:\/\/slowfoodnordic.com\/sv\/terra-madre-nordic\/slowfoodstockholm\/#primaryimage"},"thumbnailUrl":"https:\/\/slowfoodnordic.com\/wp-content\/uploads\/2022\/08\/LenaFlaten-200x300.jpg","datePublished":"2022-08-15T13:20:20+00:00","dateModified":"2022-08-26T09:39:34+00:00","breadcrumb":{"@id":"https:\/\/slowfoodnordic.com\/sv\/terra-madre-nordic\/slowfoodstockholm\/#breadcrumb"},"inLanguage":"sv-SE","potentialAction":[{"@type":"ReadAction","target":["https:\/\/slowfoodnordic.com\/sv\/terra-madre-nordic\/slowfoodstockholm\/"]}]},{"@type":"ImageObject","inLanguage":"sv-SE","@id":"https:\/\/slowfoodnordic.com\/sv\/terra-madre-nordic\/slowfoodstockholm\/#primaryimage","url":"https:\/\/slowfoodnordic.com\/wp-content\/uploads\/2022\/08\/LenaFlaten-200x300.jpg","contentUrl":"https:\/\/slowfoodnordic.com\/wp-content\/uploads\/2022\/08\/LenaFlaten-200x300.jpg"},{"@type":"BreadcrumbList","@id":"https:\/\/slowfoodnordic.com\/sv\/terra-madre-nordic\/slowfoodstockholm\/#breadcrumb","itemListElement":[{"@type":"ListItem","position":1,"name":"Home","item":"https:\/\/slowfoodnordic.com\/sv\/"},{"@type":"ListItem","position":2,"name":"Terra Madre Nordic","item":"https:\/\/slowfoodnordic.com\/sv\/terra-madre-nordic\/"},{"@type":"ListItem","position":3,"name":"Slow Food Stockholm, utomhusklassrummet"}]},{"@type":"WebSite","@id":"https:\/\/slowfoodnordic.com\/#website","url":"https:\/\/slowfoodnordic.com\/","name":"Slow Food in the Nordic Countries","description":"","publisher":{"@id":"https:\/\/slowfoodnordic.com\/#organization"},"potentialAction":[{"@type":"SearchAction","target":{"@type":"EntryPoint","urlTemplate":"https:\/\/slowfoodnordic.com\/?s={search_term_string}"},"query-input":{"@type":"PropertyValueSpecification","valueRequired":true,"valueName":"search_term_string"}}],"inLanguage":"sv-SE"},{"@type":"Organization","@id":"https:\/\/slowfoodnordic.com\/#organization","name":"Slow Food in the Nordic Countries","url":"https:\/\/slowfoodnordic.com\/","logo":{"@type":"ImageObject","inLanguage":"sv-SE","@id":"https:\/\/slowfoodnordic.com\/#\/schema\/logo\/image\/","url":"https:\/\/slowfoodnordic.com\/wp-content\/uploads\/2025\/06\/EN_SF_convivium-in-the-Nordic-Countries.jpg","contentUrl":"https:\/\/slowfoodnordic.com\/wp-content\/uploads\/2025\/06\/EN_SF_convivium-in-the-Nordic-Countries.jpg","width":1375,"height":543,"caption":"Slow Food in the Nordic Countries"},"image":{"@id":"https:\/\/slowfoodnordic.com\/#\/schema\/logo\/image\/"}}]}},"_links":{"self":[{"href":"https:\/\/slowfoodnordic.com\/sv\/wp-json\/wp\/v2\/pages\/5930","targetHints":{"allow":["GET"]}}],"collection":[{"href":"https:\/\/slowfoodnordic.com\/sv\/wp-json\/wp\/v2\/pages"}],"about":[{"href":"https:\/\/slowfoodnordic.com\/sv\/wp-json\/wp\/v2\/types\/page"}],"author":[{"embeddable":true,"href":"https:\/\/slowfoodnordic.com\/sv\/wp-json\/wp\/v2\/users\/5"}],"replies":[{"embeddable":true,"href":"https:\/\/slowfoodnordic.com\/sv\/wp-json\/wp\/v2\/comments?post=5930"}],"version-history":[{"count":6,"href":"https:\/\/slowfoodnordic.com\/sv\/wp-json\/wp\/v2\/pages\/5930\/revisions"}],"predecessor-version":[{"id":6246,"href":"https:\/\/slowfoodnordic.com\/sv\/wp-json\/wp\/v2\/pages\/5930\/revisions\/6246"}],"up":[{"embeddable":true,"href":"https:\/\/slowfoodnordic.com\/sv\/wp-json\/wp\/v2\/pages\/4927"}],"wp:attachment":[{"href":"https:\/\/slowfoodnordic.com\/sv\/wp-json\/wp\/v2\/media?parent=5930"}],"curies":[{"name":"wp","href":"https:\/\/api.w.org\/{rel}","templated":true}]}}