{"id":5401,"date":"2022-07-13T16:47:32","date_gmt":"2022-07-13T16:47:32","guid":{"rendered":"https:\/\/slowfoodnordic.com\/?page_id=5401"},"modified":"2022-07-18T11:05:03","modified_gmt":"2022-07-18T11:05:03","slug":"volontarer-eventvarder","status":"publish","type":"page","link":"https:\/\/slowfoodnordic.com\/sv\/terra-madre-nordic\/volontarer-eventvarder\/","title":{"rendered":"Volont\u00e4rer &#8211; Eventv\u00e4rder"},"content":{"rendered":"<p><img fetchpriority=\"high\" decoding=\"async\" class=\"size-medium wp-image-5422 aligncenter\" src=\"https:\/\/slowfoodnordic.com\/wp-content\/uploads\/2022\/07\/DSC_7514-300x200.jpg\" alt=\"\" width=\"300\" height=\"200\" srcset=\"https:\/\/slowfoodnordic.com\/wp-content\/uploads\/2022\/07\/DSC_7514-300x200.jpg 300w, https:\/\/slowfoodnordic.com\/wp-content\/uploads\/2022\/07\/DSC_7514-1024x683.jpg 1024w, https:\/\/slowfoodnordic.com\/wp-content\/uploads\/2022\/07\/DSC_7514-768x512.jpg 768w, https:\/\/slowfoodnordic.com\/wp-content\/uploads\/2022\/07\/DSC_7514-1536x1024.jpg 1536w, https:\/\/slowfoodnordic.com\/wp-content\/uploads\/2022\/07\/DSC_7514-2048x1365.jpg 2048w\" sizes=\"(max-width: 300px) 100vw, 300px\" \/><\/p>\n<p><b>Vi s\u00f6ker eventv\u00e4rder &#8211; registrera dig som volont\u00e4r och var med och skapa Terra Madre Nordic 2022 i september!<\/b><\/p>\n<p><span style=\"font-weight: 400;\">Vill du vara med och fira nordisk mathantverk med oss och l\u00e4ra mer om regenerativa och resilienta matsystem i v\u00e5ra nordiska och arktiska regioner?<\/span><\/p>\n<p><span style=\"font-weight: 400;\">Registrera nu som volont\u00e4r och eventv\u00e4rd under Terra Madre Nordic, \u00e5rets matevent i Stockholm 1-3 september 2022<\/span><\/p>\n<p><span style=\"font-weight: 400;\">Som Terra Madre Nordic eventv\u00e4rd erbjuds du en fantastisk upplevelse samt:<\/span><\/p>\n<ul>\n<li style=\"font-weight: 400;\" aria-level=\"1\"><span style=\"font-weight: 400;\">God mat och dryck under din schemalagda tid som eventv\u00e4rd<\/span><\/li>\n<li style=\"font-weight: 400;\" aria-level=\"1\"><span style=\"font-weight: 400;\">Att komma med p\u00e5 en av Slow Food Stockholms bussturer med lunch till n\u00e5gra av Stockholms kolonitr\u00e4dg\u00e5rdar<\/span><\/li>\n<li style=\"font-weight: 400;\" aria-level=\"1\"><span style=\"font-weight: 400;\">Terra Madre Nordic t-shirt och tygkasse<\/span><\/li>\n<li style=\"font-weight: 400;\" aria-level=\"1\"><span style=\"font-weight: 400;\">Avslutningsfesten p\u00e5 l\u00f6rdag kv\u00e4ll<\/span><\/li>\n<li style=\"font-weight: 400;\" aria-level=\"1\"><span style=\"font-weight: 400;\">Eventuell plats p\u00e5 \u00e5terbudsplatser f\u00f6r v\u00e5ra masterclasses och smakverkst\u00e4der<\/span><\/li>\n<\/ul>\n<p><span style=\"font-weight: 400;\">Vi beh\u00f6ver volont\u00e4rer fr\u00e5n 31 augusti till 3 september p\u00e5 Stora Skuggan i Stockholm<\/span><\/p>\n<p><span style=\"font-weight: 400;\">Du kan s\u00e4kerst\u00e4lla din plats genom att registrara nu &#8211; fyll i formul\u00e4ret <a href=\"https:\/\/forms.gle\/RGn1MEtgWQ7MgdTb8\">h\u00e4r<\/a><\/span><\/p>\n<p><span style=\"font-weight: 400;\">Vi kommer kontakta dig f\u00f6r ett kort intervju snarast efter din registrering.<\/span><\/p>\n<p><span style=\"font-weight: 400;\">F\u00f6r ytterligare information kontakta v\u00e5ra kollegor fr\u00e5n Slow Food Stockholm:<\/span><\/p>\n<p><span style=\"font-weight: 400;\">Laurel\u00a0 <\/span><span style=\"font-weight: 400;\">tel. +46 73 442 4240 eller\u00a0<\/span><span style=\"font-weight: 400;\">Philip, tel. +46 73 368 6033<\/span><\/p>\n","protected":false},"excerpt":{"rendered":"<p>Vi s\u00f6ker eventv\u00e4rder &#8211; registrera dig som volont\u00e4r och var med och skapa Terra Madre Nordic 2022 i september! Vill du vara med och fira nordisk mathantverk med oss och l\u00e4ra mer om regenerativa och resilienta matsystem i v\u00e5ra nordiska och arktiska regioner? Registrera nu som volont\u00e4r och eventv\u00e4rd under Terra Madre Nordic, \u00e5rets matevent [&hellip;]<\/p>\n","protected":false},"author":5,"featured_media":0,"parent":4927,"menu_order":0,"comment_status":"closed","ping_status":"closed","template":"","meta":{"footnotes":""},"class_list":["post-5401","page","type-page","status-publish","hentry"],"yoast_head":"<!-- This site is optimized with the Yoast SEO plugin v25.2 - https:\/\/yoast.com\/wordpress\/plugins\/seo\/ -->\n<title>Volont\u00e4rer - Eventv\u00e4rder - Slow Food in the Nordic Countries<\/title>\n<meta name=\"robots\" content=\"index, follow, max-snippet:-1, max-image-preview:large, max-video-preview:-1\" \/>\n<link rel=\"canonical\" href=\"https:\/\/slowfoodnordic.com\/sv\/terra-madre-nordic\/volontarer-eventvarder\/\" \/>\n<meta property=\"og:locale\" content=\"sv_SE\" \/>\n<meta property=\"og:type\" content=\"article\" \/>\n<meta property=\"og:title\" content=\"Volont\u00e4rer - Eventv\u00e4rder - Slow Food in the Nordic Countries\" \/>\n<meta property=\"og:description\" content=\"Vi s\u00f6ker eventv\u00e4rder &#8211; registrera dig som volont\u00e4r och var med och skapa Terra Madre Nordic 2022 i september! Vill du vara med och fira nordisk mathantverk med oss och l\u00e4ra mer om regenerativa och resilienta matsystem i v\u00e5ra nordiska och arktiska regioner? Registrera nu som volont\u00e4r och eventv\u00e4rd under Terra Madre Nordic, \u00e5rets matevent [&hellip;]\" \/>\n<meta property=\"og:url\" content=\"https:\/\/slowfoodnordic.com\/sv\/terra-madre-nordic\/volontarer-eventvarder\/\" \/>\n<meta property=\"og:site_name\" content=\"Slow Food in the Nordic Countries\" \/>\n<meta property=\"article:modified_time\" content=\"2022-07-18T11:05:03+00:00\" \/>\n<meta property=\"og:image\" content=\"https:\/\/slowfoodnordic.com\/wp-content\/uploads\/2022\/07\/DSC_7514-300x200.jpg\" \/>\n<meta name=\"twitter:card\" content=\"summary_large_image\" \/>\n<meta name=\"twitter:label1\" content=\"Ber\u00e4knad l\u00e4stid\" \/>\n\t<meta name=\"twitter:data1\" content=\"1 minut\" \/>\n<script type=\"application\/ld+json\" class=\"yoast-schema-graph\">{\"@context\":\"https:\/\/schema.org\",\"@graph\":[{\"@type\":\"WebPage\",\"@id\":\"https:\/\/slowfoodnordic.com\/sv\/terra-madre-nordic\/volontarer-eventvarder\/\",\"url\":\"https:\/\/slowfoodnordic.com\/sv\/terra-madre-nordic\/volontarer-eventvarder\/\",\"name\":\"Volont\u00e4rer - Eventv\u00e4rder - Slow Food in the Nordic Countries\",\"isPartOf\":{\"@id\":\"https:\/\/slowfoodnordic.com\/#website\"},\"primaryImageOfPage\":{\"@id\":\"https:\/\/slowfoodnordic.com\/sv\/terra-madre-nordic\/volontarer-eventvarder\/#primaryimage\"},\"image\":{\"@id\":\"https:\/\/slowfoodnordic.com\/sv\/terra-madre-nordic\/volontarer-eventvarder\/#primaryimage\"},\"thumbnailUrl\":\"https:\/\/slowfoodnordic.com\/wp-content\/uploads\/2022\/07\/DSC_7514-300x200.jpg\",\"datePublished\":\"2022-07-13T16:47:32+00:00\",\"dateModified\":\"2022-07-18T11:05:03+00:00\",\"breadcrumb\":{\"@id\":\"https:\/\/slowfoodnordic.com\/sv\/terra-madre-nordic\/volontarer-eventvarder\/#breadcrumb\"},\"inLanguage\":\"sv-SE\",\"potentialAction\":[{\"@type\":\"ReadAction\",\"target\":[\"https:\/\/slowfoodnordic.com\/sv\/terra-madre-nordic\/volontarer-eventvarder\/\"]}]},{\"@type\":\"ImageObject\",\"inLanguage\":\"sv-SE\",\"@id\":\"https:\/\/slowfoodnordic.com\/sv\/terra-madre-nordic\/volontarer-eventvarder\/#primaryimage\",\"url\":\"https:\/\/slowfoodnordic.com\/wp-content\/uploads\/2022\/07\/DSC_7514-300x200.jpg\",\"contentUrl\":\"https:\/\/slowfoodnordic.com\/wp-content\/uploads\/2022\/07\/DSC_7514-300x200.jpg\"},{\"@type\":\"BreadcrumbList\",\"@id\":\"https:\/\/slowfoodnordic.com\/sv\/terra-madre-nordic\/volontarer-eventvarder\/#breadcrumb\",\"itemListElement\":[{\"@type\":\"ListItem\",\"position\":1,\"name\":\"Home\",\"item\":\"https:\/\/slowfoodnordic.com\/sv\/\"},{\"@type\":\"ListItem\",\"position\":2,\"name\":\"Terra Madre Nordic\",\"item\":\"https:\/\/slowfoodnordic.com\/sv\/terra-madre-nordic\/\"},{\"@type\":\"ListItem\",\"position\":3,\"name\":\"Volont\u00e4rer &#8211; Eventv\u00e4rder\"}]},{\"@type\":\"WebSite\",\"@id\":\"https:\/\/slowfoodnordic.com\/#website\",\"url\":\"https:\/\/slowfoodnordic.com\/\",\"name\":\"Slow Food in the Nordic Countries\",\"description\":\"\",\"publisher\":{\"@id\":\"https:\/\/slowfoodnordic.com\/#organization\"},\"potentialAction\":[{\"@type\":\"SearchAction\",\"target\":{\"@type\":\"EntryPoint\",\"urlTemplate\":\"https:\/\/slowfoodnordic.com\/?s={search_term_string}\"},\"query-input\":{\"@type\":\"PropertyValueSpecification\",\"valueRequired\":true,\"valueName\":\"search_term_string\"}}],\"inLanguage\":\"sv-SE\"},{\"@type\":\"Organization\",\"@id\":\"https:\/\/slowfoodnordic.com\/#organization\",\"name\":\"Slow Food in the Nordic Countries\",\"url\":\"https:\/\/slowfoodnordic.com\/\",\"logo\":{\"@type\":\"ImageObject\",\"inLanguage\":\"sv-SE\",\"@id\":\"https:\/\/slowfoodnordic.com\/#\/schema\/logo\/image\/\",\"url\":\"https:\/\/slowfoodnordic.com\/wp-content\/uploads\/2025\/06\/EN_SF_convivium-in-the-Nordic-Countries.jpg\",\"contentUrl\":\"https:\/\/slowfoodnordic.com\/wp-content\/uploads\/2025\/06\/EN_SF_convivium-in-the-Nordic-Countries.jpg\",\"width\":1375,\"height\":543,\"caption\":\"Slow Food in the Nordic Countries\"},\"image\":{\"@id\":\"https:\/\/slowfoodnordic.com\/#\/schema\/logo\/image\/\"}}]}<\/script>\n<!-- \/ Yoast SEO plugin. -->","yoast_head_json":{"title":"Volont\u00e4rer - Eventv\u00e4rder - Slow Food in the Nordic Countries","robots":{"index":"index","follow":"follow","max-snippet":"max-snippet:-1","max-image-preview":"max-image-preview:large","max-video-preview":"max-video-preview:-1"},"canonical":"https:\/\/slowfoodnordic.com\/sv\/terra-madre-nordic\/volontarer-eventvarder\/","og_locale":"sv_SE","og_type":"article","og_title":"Volont\u00e4rer - Eventv\u00e4rder - Slow Food in the Nordic Countries","og_description":"Vi s\u00f6ker eventv\u00e4rder &#8211; registrera dig som volont\u00e4r och var med och skapa Terra Madre Nordic 2022 i september! Vill du vara med och fira nordisk mathantverk med oss och l\u00e4ra mer om regenerativa och resilienta matsystem i v\u00e5ra nordiska och arktiska regioner? Registrera nu som volont\u00e4r och eventv\u00e4rd under Terra Madre Nordic, \u00e5rets matevent [&hellip;]","og_url":"https:\/\/slowfoodnordic.com\/sv\/terra-madre-nordic\/volontarer-eventvarder\/","og_site_name":"Slow Food in the Nordic Countries","article_modified_time":"2022-07-18T11:05:03+00:00","og_image":[{"url":"https:\/\/slowfoodnordic.com\/wp-content\/uploads\/2022\/07\/DSC_7514-300x200.jpg","type":"","width":"","height":""}],"twitter_card":"summary_large_image","twitter_misc":{"Ber\u00e4knad l\u00e4stid":"1 minut"},"schema":{"@context":"https:\/\/schema.org","@graph":[{"@type":"WebPage","@id":"https:\/\/slowfoodnordic.com\/sv\/terra-madre-nordic\/volontarer-eventvarder\/","url":"https:\/\/slowfoodnordic.com\/sv\/terra-madre-nordic\/volontarer-eventvarder\/","name":"Volont\u00e4rer - Eventv\u00e4rder - Slow Food in the Nordic Countries","isPartOf":{"@id":"https:\/\/slowfoodnordic.com\/#website"},"primaryImageOfPage":{"@id":"https:\/\/slowfoodnordic.com\/sv\/terra-madre-nordic\/volontarer-eventvarder\/#primaryimage"},"image":{"@id":"https:\/\/slowfoodnordic.com\/sv\/terra-madre-nordic\/volontarer-eventvarder\/#primaryimage"},"thumbnailUrl":"https:\/\/slowfoodnordic.com\/wp-content\/uploads\/2022\/07\/DSC_7514-300x200.jpg","datePublished":"2022-07-13T16:47:32+00:00","dateModified":"2022-07-18T11:05:03+00:00","breadcrumb":{"@id":"https:\/\/slowfoodnordic.com\/sv\/terra-madre-nordic\/volontarer-eventvarder\/#breadcrumb"},"inLanguage":"sv-SE","potentialAction":[{"@type":"ReadAction","target":["https:\/\/slowfoodnordic.com\/sv\/terra-madre-nordic\/volontarer-eventvarder\/"]}]},{"@type":"ImageObject","inLanguage":"sv-SE","@id":"https:\/\/slowfoodnordic.com\/sv\/terra-madre-nordic\/volontarer-eventvarder\/#primaryimage","url":"https:\/\/slowfoodnordic.com\/wp-content\/uploads\/2022\/07\/DSC_7514-300x200.jpg","contentUrl":"https:\/\/slowfoodnordic.com\/wp-content\/uploads\/2022\/07\/DSC_7514-300x200.jpg"},{"@type":"BreadcrumbList","@id":"https:\/\/slowfoodnordic.com\/sv\/terra-madre-nordic\/volontarer-eventvarder\/#breadcrumb","itemListElement":[{"@type":"ListItem","position":1,"name":"Home","item":"https:\/\/slowfoodnordic.com\/sv\/"},{"@type":"ListItem","position":2,"name":"Terra Madre Nordic","item":"https:\/\/slowfoodnordic.com\/sv\/terra-madre-nordic\/"},{"@type":"ListItem","position":3,"name":"Volont\u00e4rer &#8211; Eventv\u00e4rder"}]},{"@type":"WebSite","@id":"https:\/\/slowfoodnordic.com\/#website","url":"https:\/\/slowfoodnordic.com\/","name":"Slow Food in the Nordic Countries","description":"","publisher":{"@id":"https:\/\/slowfoodnordic.com\/#organization"},"potentialAction":[{"@type":"SearchAction","target":{"@type":"EntryPoint","urlTemplate":"https:\/\/slowfoodnordic.com\/?s={search_term_string}"},"query-input":{"@type":"PropertyValueSpecification","valueRequired":true,"valueName":"search_term_string"}}],"inLanguage":"sv-SE"},{"@type":"Organization","@id":"https:\/\/slowfoodnordic.com\/#organization","name":"Slow Food in the Nordic Countries","url":"https:\/\/slowfoodnordic.com\/","logo":{"@type":"ImageObject","inLanguage":"sv-SE","@id":"https:\/\/slowfoodnordic.com\/#\/schema\/logo\/image\/","url":"https:\/\/slowfoodnordic.com\/wp-content\/uploads\/2025\/06\/EN_SF_convivium-in-the-Nordic-Countries.jpg","contentUrl":"https:\/\/slowfoodnordic.com\/wp-content\/uploads\/2025\/06\/EN_SF_convivium-in-the-Nordic-Countries.jpg","width":1375,"height":543,"caption":"Slow Food in the Nordic Countries"},"image":{"@id":"https:\/\/slowfoodnordic.com\/#\/schema\/logo\/image\/"}}]}},"_links":{"self":[{"href":"https:\/\/slowfoodnordic.com\/sv\/wp-json\/wp\/v2\/pages\/5401","targetHints":{"allow":["GET"]}}],"collection":[{"href":"https:\/\/slowfoodnordic.com\/sv\/wp-json\/wp\/v2\/pages"}],"about":[{"href":"https:\/\/slowfoodnordic.com\/sv\/wp-json\/wp\/v2\/types\/page"}],"author":[{"embeddable":true,"href":"https:\/\/slowfoodnordic.com\/sv\/wp-json\/wp\/v2\/users\/5"}],"replies":[{"embeddable":true,"href":"https:\/\/slowfoodnordic.com\/sv\/wp-json\/wp\/v2\/comments?post=5401"}],"version-history":[{"count":3,"href":"https:\/\/slowfoodnordic.com\/sv\/wp-json\/wp\/v2\/pages\/5401\/revisions"}],"predecessor-version":[{"id":5500,"href":"https:\/\/slowfoodnordic.com\/sv\/wp-json\/wp\/v2\/pages\/5401\/revisions\/5500"}],"up":[{"embeddable":true,"href":"https:\/\/slowfoodnordic.com\/sv\/wp-json\/wp\/v2\/pages\/4927"}],"wp:attachment":[{"href":"https:\/\/slowfoodnordic.com\/sv\/wp-json\/wp\/v2\/media?parent=5401"}],"curies":[{"name":"wp","href":"https:\/\/api.w.org\/{rel}","templated":true}]}}