{"id":5265,"date":"2022-06-16T13:24:41","date_gmt":"2022-06-16T13:24:41","guid":{"rendered":"https:\/\/slowfoodnordic.com\/?page_id=5265"},"modified":"2022-08-31T12:43:10","modified_gmt":"2022-08-31T12:43:10","slug":"program","status":"publish","type":"page","link":"https:\/\/slowfoodnordic.com\/sv\/terra-madre-nordic\/program\/","title":{"rendered":"Program"},"content":{"rendered":"<h3><a href=\"https:\/\/slowfoodnordic.com\/wp-content\/uploads\/2022\/08\/Programoversikt-webb-3.pdf\">Program\u00f6versikt med anm\u00e4lningsl\u00e4nkar<\/a><\/h3>\n<p>Aktiviteterna arrangeras av Eldrimner &#8211; nationellt resurscentrum f\u00f6r mathantverk.<\/p>\n<p><a href=\"https:\/\/slowfoodnordic.com\/sv\/terra-madre-nordic\/kontakt-och-sociala-mediekanaler\/\">F\u00f6lj oss i sociala medier<\/a> f\u00f6r uppdateringar och senaste nytt!<\/p>\n<p><img fetchpriority=\"high\" decoding=\"async\" class=\"alignnone size-medium wp-image-5194\" src=\"https:\/\/slowfoodnordic.com\/wp-content\/uploads\/2022\/05\/3-2-169x300.png\" alt=\"\" width=\"169\" height=\"300\" srcset=\"https:\/\/slowfoodnordic.com\/wp-content\/uploads\/2022\/05\/3-2-169x300.png 169w, https:\/\/slowfoodnordic.com\/wp-content\/uploads\/2022\/05\/3-2-576x1024.png 576w, https:\/\/slowfoodnordic.com\/wp-content\/uploads\/2022\/05\/3-2-768x1365.png 768w, https:\/\/slowfoodnordic.com\/wp-content\/uploads\/2022\/05\/3-2-864x1536.png 864w, https:\/\/slowfoodnordic.com\/wp-content\/uploads\/2022\/05\/3-2.png 1080w\" sizes=\"(max-width: 169px) 100vw, 169px\" \/> <img decoding=\"async\" class=\"alignnone size-medium wp-image-5188\" src=\"https:\/\/slowfoodnordic.com\/wp-content\/uploads\/2022\/05\/2-2-169x300.png\" alt=\"\" width=\"169\" height=\"300\" srcset=\"https:\/\/slowfoodnordic.com\/wp-content\/uploads\/2022\/05\/2-2-169x300.png 169w, https:\/\/slowfoodnordic.com\/wp-content\/uploads\/2022\/05\/2-2-576x1024.png 576w, https:\/\/slowfoodnordic.com\/wp-content\/uploads\/2022\/05\/2-2-768x1365.png 768w, https:\/\/slowfoodnordic.com\/wp-content\/uploads\/2022\/05\/2-2-864x1536.png 864w, https:\/\/slowfoodnordic.com\/wp-content\/uploads\/2022\/05\/2-2.png 1080w\" sizes=\"(max-width: 169px) 100vw, 169px\" \/> <img decoding=\"async\" class=\"alignnone size-medium wp-image-5182\" src=\"https:\/\/slowfoodnordic.com\/wp-content\/uploads\/2022\/05\/1-2-169x300.png\" alt=\"\" width=\"169\" height=\"300\" srcset=\"https:\/\/slowfoodnordic.com\/wp-content\/uploads\/2022\/05\/1-2-169x300.png 169w, https:\/\/slowfoodnordic.com\/wp-content\/uploads\/2022\/05\/1-2-576x1024.png 576w, https:\/\/slowfoodnordic.com\/wp-content\/uploads\/2022\/05\/1-2-768x1365.png 768w, https:\/\/slowfoodnordic.com\/wp-content\/uploads\/2022\/05\/1-2-864x1536.png 864w, https:\/\/slowfoodnordic.com\/wp-content\/uploads\/2022\/05\/1-2.png 1080w\" sizes=\"(max-width: 169px) 100vw, 169px\" \/><\/p>\n<p><img loading=\"lazy\" decoding=\"async\" class=\"alignnone size-full wp-image-6061\" src=\"https:\/\/slowfoodnordic.com\/wp-content\/uploads\/2022\/08\/NAFA-TMN-logo-banner.jpg\" alt=\"\" width=\"2000\" height=\"350\" srcset=\"https:\/\/slowfoodnordic.com\/wp-content\/uploads\/2022\/08\/NAFA-TMN-logo-banner.jpg 2000w, https:\/\/slowfoodnordic.com\/wp-content\/uploads\/2022\/08\/NAFA-TMN-logo-banner-300x53.jpg 300w, https:\/\/slowfoodnordic.com\/wp-content\/uploads\/2022\/08\/NAFA-TMN-logo-banner-1024x179.jpg 1024w, https:\/\/slowfoodnordic.com\/wp-content\/uploads\/2022\/08\/NAFA-TMN-logo-banner-768x134.jpg 768w, https:\/\/slowfoodnordic.com\/wp-content\/uploads\/2022\/08\/NAFA-TMN-logo-banner-1536x269.jpg 1536w\" sizes=\"(max-width: 2000px) 100vw, 2000px\" \/><\/p>\n","protected":false},"excerpt":{"rendered":"<p>Program\u00f6versikt med anm\u00e4lningsl\u00e4nkar Aktiviteterna arrangeras av Eldrimner &#8211; nationellt resurscentrum f\u00f6r mathantverk. F\u00f6lj oss i sociala medier f\u00f6r uppdateringar och senaste nytt!<\/p>\n","protected":false},"author":5,"featured_media":0,"parent":4927,"menu_order":6,"comment_status":"closed","ping_status":"closed","template":"","meta":{"footnotes":""},"class_list":["post-5265","page","type-page","status-publish","hentry"],"yoast_head":"<!-- This site is optimized with the Yoast SEO plugin v25.2 - https:\/\/yoast.com\/wordpress\/plugins\/seo\/ -->\n<title>Program - Slow Food in the Nordic Countries<\/title>\n<meta name=\"robots\" content=\"index, follow, max-snippet:-1, max-image-preview:large, max-video-preview:-1\" \/>\n<link rel=\"canonical\" href=\"https:\/\/slowfoodnordic.com\/sv\/terra-madre-nordic\/program\/\" \/>\n<meta property=\"og:locale\" content=\"sv_SE\" \/>\n<meta property=\"og:type\" content=\"article\" \/>\n<meta property=\"og:title\" content=\"Program - Slow Food in the Nordic Countries\" \/>\n<meta property=\"og:description\" content=\"Program\u00f6versikt med anm\u00e4lningsl\u00e4nkar Aktiviteterna arrangeras av Eldrimner &#8211; nationellt resurscentrum f\u00f6r mathantverk. F\u00f6lj oss i sociala medier f\u00f6r uppdateringar och senaste nytt!\" \/>\n<meta property=\"og:url\" content=\"https:\/\/slowfoodnordic.com\/sv\/terra-madre-nordic\/program\/\" \/>\n<meta property=\"og:site_name\" content=\"Slow Food in the Nordic Countries\" \/>\n<meta property=\"article:modified_time\" content=\"2022-08-31T12:43:10+00:00\" \/>\n<meta property=\"og:image\" content=\"https:\/\/slowfoodnordic.com\/wp-content\/uploads\/2022\/05\/3-2-169x300.png\" \/>\n<meta name=\"twitter:card\" content=\"summary_large_image\" \/>\n<meta name=\"twitter:label1\" content=\"Ber\u00e4knad l\u00e4stid\" \/>\n\t<meta name=\"twitter:data1\" content=\"1 minut\" \/>\n<script type=\"application\/ld+json\" class=\"yoast-schema-graph\">{\"@context\":\"https:\/\/schema.org\",\"@graph\":[{\"@type\":\"WebPage\",\"@id\":\"https:\/\/slowfoodnordic.com\/sv\/terra-madre-nordic\/program\/\",\"url\":\"https:\/\/slowfoodnordic.com\/sv\/terra-madre-nordic\/program\/\",\"name\":\"Program - Slow Food in the Nordic Countries\",\"isPartOf\":{\"@id\":\"https:\/\/slowfoodnordic.com\/#website\"},\"primaryImageOfPage\":{\"@id\":\"https:\/\/slowfoodnordic.com\/sv\/terra-madre-nordic\/program\/#primaryimage\"},\"image\":{\"@id\":\"https:\/\/slowfoodnordic.com\/sv\/terra-madre-nordic\/program\/#primaryimage\"},\"thumbnailUrl\":\"https:\/\/slowfoodnordic.com\/wp-content\/uploads\/2022\/05\/3-2-169x300.png\",\"datePublished\":\"2022-06-16T13:24:41+00:00\",\"dateModified\":\"2022-08-31T12:43:10+00:00\",\"breadcrumb\":{\"@id\":\"https:\/\/slowfoodnordic.com\/sv\/terra-madre-nordic\/program\/#breadcrumb\"},\"inLanguage\":\"sv-SE\",\"potentialAction\":[{\"@type\":\"ReadAction\",\"target\":[\"https:\/\/slowfoodnordic.com\/sv\/terra-madre-nordic\/program\/\"]}]},{\"@type\":\"ImageObject\",\"inLanguage\":\"sv-SE\",\"@id\":\"https:\/\/slowfoodnordic.com\/sv\/terra-madre-nordic\/program\/#primaryimage\",\"url\":\"https:\/\/slowfoodnordic.com\/wp-content\/uploads\/2022\/05\/3-2-169x300.png\",\"contentUrl\":\"https:\/\/slowfoodnordic.com\/wp-content\/uploads\/2022\/05\/3-2-169x300.png\"},{\"@type\":\"BreadcrumbList\",\"@id\":\"https:\/\/slowfoodnordic.com\/sv\/terra-madre-nordic\/program\/#breadcrumb\",\"itemListElement\":[{\"@type\":\"ListItem\",\"position\":1,\"name\":\"Home\",\"item\":\"https:\/\/slowfoodnordic.com\/sv\/\"},{\"@type\":\"ListItem\",\"position\":2,\"name\":\"Terra Madre Nordic\",\"item\":\"https:\/\/slowfoodnordic.com\/sv\/terra-madre-nordic\/\"},{\"@type\":\"ListItem\",\"position\":3,\"name\":\"Program\"}]},{\"@type\":\"WebSite\",\"@id\":\"https:\/\/slowfoodnordic.com\/#website\",\"url\":\"https:\/\/slowfoodnordic.com\/\",\"name\":\"Slow Food in the Nordic Countries\",\"description\":\"\",\"publisher\":{\"@id\":\"https:\/\/slowfoodnordic.com\/#organization\"},\"potentialAction\":[{\"@type\":\"SearchAction\",\"target\":{\"@type\":\"EntryPoint\",\"urlTemplate\":\"https:\/\/slowfoodnordic.com\/?s={search_term_string}\"},\"query-input\":{\"@type\":\"PropertyValueSpecification\",\"valueRequired\":true,\"valueName\":\"search_term_string\"}}],\"inLanguage\":\"sv-SE\"},{\"@type\":\"Organization\",\"@id\":\"https:\/\/slowfoodnordic.com\/#organization\",\"name\":\"Slow Food in the Nordic Countries\",\"url\":\"https:\/\/slowfoodnordic.com\/\",\"logo\":{\"@type\":\"ImageObject\",\"inLanguage\":\"sv-SE\",\"@id\":\"https:\/\/slowfoodnordic.com\/#\/schema\/logo\/image\/\",\"url\":\"https:\/\/slowfoodnordic.com\/wp-content\/uploads\/2025\/06\/EN_SF_convivium-in-the-Nordic-Countries.jpg\",\"contentUrl\":\"https:\/\/slowfoodnordic.com\/wp-content\/uploads\/2025\/06\/EN_SF_convivium-in-the-Nordic-Countries.jpg\",\"width\":1375,\"height\":543,\"caption\":\"Slow Food in the Nordic Countries\"},\"image\":{\"@id\":\"https:\/\/slowfoodnordic.com\/#\/schema\/logo\/image\/\"}}]}<\/script>\n<!-- \/ Yoast SEO plugin. -->","yoast_head_json":{"title":"Program - Slow Food in the Nordic Countries","robots":{"index":"index","follow":"follow","max-snippet":"max-snippet:-1","max-image-preview":"max-image-preview:large","max-video-preview":"max-video-preview:-1"},"canonical":"https:\/\/slowfoodnordic.com\/sv\/terra-madre-nordic\/program\/","og_locale":"sv_SE","og_type":"article","og_title":"Program - Slow Food in the Nordic Countries","og_description":"Program\u00f6versikt med anm\u00e4lningsl\u00e4nkar Aktiviteterna arrangeras av Eldrimner &#8211; nationellt resurscentrum f\u00f6r mathantverk. F\u00f6lj oss i sociala medier f\u00f6r uppdateringar och senaste nytt!","og_url":"https:\/\/slowfoodnordic.com\/sv\/terra-madre-nordic\/program\/","og_site_name":"Slow Food in the Nordic Countries","article_modified_time":"2022-08-31T12:43:10+00:00","og_image":[{"url":"https:\/\/slowfoodnordic.com\/wp-content\/uploads\/2022\/05\/3-2-169x300.png","type":"","width":"","height":""}],"twitter_card":"summary_large_image","twitter_misc":{"Ber\u00e4knad l\u00e4stid":"1 minut"},"schema":{"@context":"https:\/\/schema.org","@graph":[{"@type":"WebPage","@id":"https:\/\/slowfoodnordic.com\/sv\/terra-madre-nordic\/program\/","url":"https:\/\/slowfoodnordic.com\/sv\/terra-madre-nordic\/program\/","name":"Program - Slow Food in the Nordic Countries","isPartOf":{"@id":"https:\/\/slowfoodnordic.com\/#website"},"primaryImageOfPage":{"@id":"https:\/\/slowfoodnordic.com\/sv\/terra-madre-nordic\/program\/#primaryimage"},"image":{"@id":"https:\/\/slowfoodnordic.com\/sv\/terra-madre-nordic\/program\/#primaryimage"},"thumbnailUrl":"https:\/\/slowfoodnordic.com\/wp-content\/uploads\/2022\/05\/3-2-169x300.png","datePublished":"2022-06-16T13:24:41+00:00","dateModified":"2022-08-31T12:43:10+00:00","breadcrumb":{"@id":"https:\/\/slowfoodnordic.com\/sv\/terra-madre-nordic\/program\/#breadcrumb"},"inLanguage":"sv-SE","potentialAction":[{"@type":"ReadAction","target":["https:\/\/slowfoodnordic.com\/sv\/terra-madre-nordic\/program\/"]}]},{"@type":"ImageObject","inLanguage":"sv-SE","@id":"https:\/\/slowfoodnordic.com\/sv\/terra-madre-nordic\/program\/#primaryimage","url":"https:\/\/slowfoodnordic.com\/wp-content\/uploads\/2022\/05\/3-2-169x300.png","contentUrl":"https:\/\/slowfoodnordic.com\/wp-content\/uploads\/2022\/05\/3-2-169x300.png"},{"@type":"BreadcrumbList","@id":"https:\/\/slowfoodnordic.com\/sv\/terra-madre-nordic\/program\/#breadcrumb","itemListElement":[{"@type":"ListItem","position":1,"name":"Home","item":"https:\/\/slowfoodnordic.com\/sv\/"},{"@type":"ListItem","position":2,"name":"Terra Madre Nordic","item":"https:\/\/slowfoodnordic.com\/sv\/terra-madre-nordic\/"},{"@type":"ListItem","position":3,"name":"Program"}]},{"@type":"WebSite","@id":"https:\/\/slowfoodnordic.com\/#website","url":"https:\/\/slowfoodnordic.com\/","name":"Slow Food in the Nordic Countries","description":"","publisher":{"@id":"https:\/\/slowfoodnordic.com\/#organization"},"potentialAction":[{"@type":"SearchAction","target":{"@type":"EntryPoint","urlTemplate":"https:\/\/slowfoodnordic.com\/?s={search_term_string}"},"query-input":{"@type":"PropertyValueSpecification","valueRequired":true,"valueName":"search_term_string"}}],"inLanguage":"sv-SE"},{"@type":"Organization","@id":"https:\/\/slowfoodnordic.com\/#organization","name":"Slow Food in the Nordic Countries","url":"https:\/\/slowfoodnordic.com\/","logo":{"@type":"ImageObject","inLanguage":"sv-SE","@id":"https:\/\/slowfoodnordic.com\/#\/schema\/logo\/image\/","url":"https:\/\/slowfoodnordic.com\/wp-content\/uploads\/2025\/06\/EN_SF_convivium-in-the-Nordic-Countries.jpg","contentUrl":"https:\/\/slowfoodnordic.com\/wp-content\/uploads\/2025\/06\/EN_SF_convivium-in-the-Nordic-Countries.jpg","width":1375,"height":543,"caption":"Slow Food in the Nordic Countries"},"image":{"@id":"https:\/\/slowfoodnordic.com\/#\/schema\/logo\/image\/"}}]}},"_links":{"self":[{"href":"https:\/\/slowfoodnordic.com\/sv\/wp-json\/wp\/v2\/pages\/5265","targetHints":{"allow":["GET"]}}],"collection":[{"href":"https:\/\/slowfoodnordic.com\/sv\/wp-json\/wp\/v2\/pages"}],"about":[{"href":"https:\/\/slowfoodnordic.com\/sv\/wp-json\/wp\/v2\/types\/page"}],"author":[{"embeddable":true,"href":"https:\/\/slowfoodnordic.com\/sv\/wp-json\/wp\/v2\/users\/5"}],"replies":[{"embeddable":true,"href":"https:\/\/slowfoodnordic.com\/sv\/wp-json\/wp\/v2\/comments?post=5265"}],"version-history":[{"count":5,"href":"https:\/\/slowfoodnordic.com\/sv\/wp-json\/wp\/v2\/pages\/5265\/revisions"}],"predecessor-version":[{"id":6411,"href":"https:\/\/slowfoodnordic.com\/sv\/wp-json\/wp\/v2\/pages\/5265\/revisions\/6411"}],"up":[{"embeddable":true,"href":"https:\/\/slowfoodnordic.com\/sv\/wp-json\/wp\/v2\/pages\/4927"}],"wp:attachment":[{"href":"https:\/\/slowfoodnordic.com\/sv\/wp-json\/wp\/v2\/media?parent=5265"}],"curies":[{"name":"wp","href":"https:\/\/api.w.org\/{rel}","templated":true}]}}