{"id":5013,"date":"2022-05-12T09:36:25","date_gmt":"2022-05-12T09:36:25","guid":{"rendered":"https:\/\/slowfoodnordic.com\/?page_id=5013"},"modified":"2022-05-25T09:25:37","modified_gmt":"2022-05-25T09:25:37","slug":"kontakt-och-sociala-mediekanaler","status":"publish","type":"page","link":"https:\/\/slowfoodnordic.com\/sv\/terra-madre-nordic\/kontakt-och-sociala-mediekanaler\/","title":{"rendered":"Kontakt och sociala mediekanaler"},"content":{"rendered":"<p><strong>Kontaktperson Terra Madre Nordic:<br \/>\n<\/strong>Sofia Klasson<br \/>\n<a href=\"mailto:sofiak@eldrimner.com\">sofiak@eldrimner.com<\/a> tel +4610 225\u00a032 64<\/p>\n<p><strong>Kontaktperson Nordic Artisan Food Awards:<\/strong><br \/>\nAleksandra Ahlgren<br \/>\n<a href=\"mailto:aleksandra@eldrimner.com\">aleksandra@eldrimner.com<\/a>\u00a0 tel +46 10 225 33 57<\/p>\n<p>F\u00f6r uppdateringar om Terra Madre Nordic 2022 och Nordic Artisan Food Awards f\u00f6lj oss g\u00e4rna i sociala medier.<br \/>\nTagga och dela g\u00e4rna!<\/p>\n<p><a href=\"https:\/\/www.facebook.com\/terramadrenordic\">Facebook.com\/terramadrenordic<\/a><br \/>\n<a href=\"https:\/\/www.instagram.com\/terramadrenordic\/\">Instagram.com\/terramadrenordic<\/a><\/p>\n<p><a href=\"https:\/\/www.facebook.com\/slowfoodnordic\">Facebook.com\/slowfoodnordic<\/a><\/p>\n<p><a href=\"https:\/\/www.facebook.com\/eldrimnermathantverk\">Facebook.com\/eldrimnermathantverk<\/a><br \/>\n<a href=\"https:\/\/www.instagram.com\/eldrimnermathantverk\/\">Instagram.com\/eldrimnermathantverk<\/a><br \/>\n<a href=\"https:\/\/www.linkedin.com\/company\/eldrimner\">LinkedIn.com\/eldrimnermathantverk<\/a><\/p>\n<h3>Loggor och sociala medier-inl\u00e4gg som \u00e4r fria att anv\u00e4nda i och kring kommunikation av Terra Madre Nordic ochNAFA:<\/h3>\n<p>Sociala medieinl\u00e4gg\/allm\u00e4n information:<br \/>\n<img fetchpriority=\"high\" decoding=\"async\" class=\"alignnone wp-image-5033 size-medium\" src=\"https:\/\/slowfoodnordic.com\/wp-content\/uploads\/2022\/05\/NAFA-TMN-INSTA-300x300.jpg\" alt=\"\" width=\"300\" height=\"300\" srcset=\"https:\/\/slowfoodnordic.com\/wp-content\/uploads\/2022\/05\/NAFA-TMN-INSTA-300x300.jpg 300w, https:\/\/slowfoodnordic.com\/wp-content\/uploads\/2022\/05\/NAFA-TMN-INSTA-150x150.jpg 150w, https:\/\/slowfoodnordic.com\/wp-content\/uploads\/2022\/05\/NAFA-TMN-INSTA-768x768.jpg 768w, https:\/\/slowfoodnordic.com\/wp-content\/uploads\/2022\/05\/NAFA-TMN-INSTA.jpg 1000w\" sizes=\"(max-width: 300px) 100vw, 300px\" \/><br \/>\nNAFA och TMN loggor:<\/p>\n<p><img decoding=\"async\" class=\"alignnone wp-image-5118 size-medium\" src=\"https:\/\/slowfoodnordic.com\/wp-content\/uploads\/2022\/05\/NAFA-TMN-logo-300x173.png\" alt=\"\" width=\"300\" height=\"173\" srcset=\"https:\/\/slowfoodnordic.com\/wp-content\/uploads\/2022\/05\/NAFA-TMN-logo-300x173.png 300w, https:\/\/slowfoodnordic.com\/wp-content\/uploads\/2022\/05\/NAFA-TMN-logo-768x443.png 768w, https:\/\/slowfoodnordic.com\/wp-content\/uploads\/2022\/05\/NAFA-TMN-logo.png 964w\" sizes=\"(max-width: 300px) 100vw, 300px\" \/><\/p>\n<p>Arrangeras av:<br \/>\n<img decoding=\"async\" class=\"alignnone size-medium wp-image-5124\" src=\"https:\/\/slowfoodnordic.com\/wp-content\/uploads\/2022\/05\/NAFA-TMN-logo-banner-300x53.jpg\" alt=\"\" width=\"300\" height=\"53\" srcset=\"https:\/\/slowfoodnordic.com\/wp-content\/uploads\/2022\/05\/NAFA-TMN-logo-banner-300x53.jpg 300w, https:\/\/slowfoodnordic.com\/wp-content\/uploads\/2022\/05\/NAFA-TMN-logo-banner-1024x179.jpg 1024w, https:\/\/slowfoodnordic.com\/wp-content\/uploads\/2022\/05\/NAFA-TMN-logo-banner-768x134.jpg 768w, https:\/\/slowfoodnordic.com\/wp-content\/uploads\/2022\/05\/NAFA-TMN-logo-banner-1536x269.jpg 1536w, https:\/\/slowfoodnordic.com\/wp-content\/uploads\/2022\/05\/NAFA-TMN-logo-banner.jpg 2000w\" sizes=\"(max-width: 300px) 100vw, 300px\" \/><\/p>\n<p>Instagram h\u00e4ndelser:<br \/>\n<img loading=\"lazy\" decoding=\"async\" class=\"alignnone size-medium wp-image-5154\" src=\"https:\/\/slowfoodnordic.com\/wp-content\/uploads\/2022\/05\/1-1-169x300.png\" alt=\"\" width=\"169\" height=\"300\" srcset=\"https:\/\/slowfoodnordic.com\/wp-content\/uploads\/2022\/05\/1-1-169x300.png 169w, https:\/\/slowfoodnordic.com\/wp-content\/uploads\/2022\/05\/1-1-576x1024.png 576w, https:\/\/slowfoodnordic.com\/wp-content\/uploads\/2022\/05\/1-1-768x1365.png 768w, https:\/\/slowfoodnordic.com\/wp-content\/uploads\/2022\/05\/1-1-864x1536.png 864w, https:\/\/slowfoodnordic.com\/wp-content\/uploads\/2022\/05\/1-1.png 1080w\" sizes=\"(max-width: 169px) 100vw, 169px\" \/> <img loading=\"lazy\" decoding=\"async\" class=\"alignnone size-medium wp-image-5160\" src=\"https:\/\/slowfoodnordic.com\/wp-content\/uploads\/2022\/05\/2-1-169x300.png\" alt=\"\" width=\"169\" height=\"300\" srcset=\"https:\/\/slowfoodnordic.com\/wp-content\/uploads\/2022\/05\/2-1-169x300.png 169w, https:\/\/slowfoodnordic.com\/wp-content\/uploads\/2022\/05\/2-1-576x1024.png 576w, https:\/\/slowfoodnordic.com\/wp-content\/uploads\/2022\/05\/2-1-768x1365.png 768w, https:\/\/slowfoodnordic.com\/wp-content\/uploads\/2022\/05\/2-1-864x1536.png 864w, https:\/\/slowfoodnordic.com\/wp-content\/uploads\/2022\/05\/2-1.png 1080w\" sizes=\"(max-width: 169px) 100vw, 169px\" \/> <img loading=\"lazy\" decoding=\"async\" class=\"alignnone size-medium wp-image-5166\" src=\"https:\/\/slowfoodnordic.com\/wp-content\/uploads\/2022\/05\/3-1-169x300.png\" alt=\"\" width=\"169\" height=\"300\" srcset=\"https:\/\/slowfoodnordic.com\/wp-content\/uploads\/2022\/05\/3-1-169x300.png 169w, https:\/\/slowfoodnordic.com\/wp-content\/uploads\/2022\/05\/3-1-576x1024.png 576w, https:\/\/slowfoodnordic.com\/wp-content\/uploads\/2022\/05\/3-1-768x1365.png 768w, https:\/\/slowfoodnordic.com\/wp-content\/uploads\/2022\/05\/3-1-864x1536.png 864w, https:\/\/slowfoodnordic.com\/wp-content\/uploads\/2022\/05\/3-1.png 1080w\" sizes=\"(max-width: 169px) 100vw, 169px\" \/><\/p>\n","protected":false},"excerpt":{"rendered":"<p>Kontaktperson Terra Madre Nordic: Sofia Klasson sofiak@eldrimner.com tel +4610 225\u00a032 64 Kontaktperson Nordic Artisan Food Awards: Aleksandra Ahlgren aleksandra@eldrimner.com\u00a0 tel +46 10 225 33 57 F\u00f6r uppdateringar om Terra Madre Nordic 2022 och Nordic Artisan Food Awards f\u00f6lj oss g\u00e4rna i sociala medier. Tagga och dela g\u00e4rna! Facebook.com\/terramadrenordic Instagram.com\/terramadrenordic Facebook.com\/slowfoodnordic Facebook.com\/eldrimnermathantverk Instagram.com\/eldrimnermathantverk LinkedIn.com\/eldrimnermathantverk Loggor och [&hellip;]<\/p>\n","protected":false},"author":5,"featured_media":0,"parent":4927,"menu_order":10,"comment_status":"closed","ping_status":"closed","template":"","meta":{"footnotes":""},"class_list":["post-5013","page","type-page","status-publish","hentry"],"yoast_head":"<!-- This site is optimized with the Yoast SEO plugin v25.2 - https:\/\/yoast.com\/wordpress\/plugins\/seo\/ -->\n<title>Kontakt och sociala mediekanaler - Slow Food in the Nordic Countries<\/title>\n<meta name=\"robots\" content=\"index, follow, max-snippet:-1, max-image-preview:large, max-video-preview:-1\" \/>\n<link rel=\"canonical\" href=\"https:\/\/slowfoodnordic.com\/sv\/terra-madre-nordic\/kontakt-och-sociala-mediekanaler\/\" \/>\n<meta property=\"og:locale\" content=\"sv_SE\" \/>\n<meta property=\"og:type\" content=\"article\" \/>\n<meta property=\"og:title\" content=\"Kontakt och sociala mediekanaler - Slow Food in the Nordic Countries\" \/>\n<meta property=\"og:description\" content=\"Kontaktperson Terra Madre Nordic: Sofia Klasson sofiak@eldrimner.com tel +4610 225\u00a032 64 Kontaktperson Nordic Artisan Food Awards: Aleksandra Ahlgren aleksandra@eldrimner.com\u00a0 tel +46 10 225 33 57 F\u00f6r uppdateringar om Terra Madre Nordic 2022 och Nordic Artisan Food Awards f\u00f6lj oss g\u00e4rna i sociala medier. Tagga och dela g\u00e4rna! Facebook.com\/terramadrenordic Instagram.com\/terramadrenordic Facebook.com\/slowfoodnordic Facebook.com\/eldrimnermathantverk Instagram.com\/eldrimnermathantverk LinkedIn.com\/eldrimnermathantverk Loggor och [&hellip;]\" \/>\n<meta property=\"og:url\" content=\"https:\/\/slowfoodnordic.com\/sv\/terra-madre-nordic\/kontakt-och-sociala-mediekanaler\/\" \/>\n<meta property=\"og:site_name\" content=\"Slow Food in the Nordic Countries\" \/>\n<meta property=\"article:modified_time\" content=\"2022-05-25T09:25:37+00:00\" \/>\n<meta property=\"og:image\" content=\"https:\/\/slowfoodnordic.com\/wp-content\/uploads\/2022\/05\/NAFA-TMN-INSTA-300x300.jpg\" \/>\n<meta name=\"twitter:card\" content=\"summary_large_image\" \/>\n<script type=\"application\/ld+json\" class=\"yoast-schema-graph\">{\"@context\":\"https:\/\/schema.org\",\"@graph\":[{\"@type\":\"WebPage\",\"@id\":\"https:\/\/slowfoodnordic.com\/sv\/terra-madre-nordic\/kontakt-och-sociala-mediekanaler\/\",\"url\":\"https:\/\/slowfoodnordic.com\/sv\/terra-madre-nordic\/kontakt-och-sociala-mediekanaler\/\",\"name\":\"Kontakt och sociala mediekanaler - Slow Food in the Nordic Countries\",\"isPartOf\":{\"@id\":\"https:\/\/slowfoodnordic.com\/#website\"},\"primaryImageOfPage\":{\"@id\":\"https:\/\/slowfoodnordic.com\/sv\/terra-madre-nordic\/kontakt-och-sociala-mediekanaler\/#primaryimage\"},\"image\":{\"@id\":\"https:\/\/slowfoodnordic.com\/sv\/terra-madre-nordic\/kontakt-och-sociala-mediekanaler\/#primaryimage\"},\"thumbnailUrl\":\"https:\/\/slowfoodnordic.com\/wp-content\/uploads\/2022\/05\/NAFA-TMN-INSTA-300x300.jpg\",\"datePublished\":\"2022-05-12T09:36:25+00:00\",\"dateModified\":\"2022-05-25T09:25:37+00:00\",\"breadcrumb\":{\"@id\":\"https:\/\/slowfoodnordic.com\/sv\/terra-madre-nordic\/kontakt-och-sociala-mediekanaler\/#breadcrumb\"},\"inLanguage\":\"sv-SE\",\"potentialAction\":[{\"@type\":\"ReadAction\",\"target\":[\"https:\/\/slowfoodnordic.com\/sv\/terra-madre-nordic\/kontakt-och-sociala-mediekanaler\/\"]}]},{\"@type\":\"ImageObject\",\"inLanguage\":\"sv-SE\",\"@id\":\"https:\/\/slowfoodnordic.com\/sv\/terra-madre-nordic\/kontakt-och-sociala-mediekanaler\/#primaryimage\",\"url\":\"https:\/\/slowfoodnordic.com\/wp-content\/uploads\/2022\/05\/NAFA-TMN-INSTA-300x300.jpg\",\"contentUrl\":\"https:\/\/slowfoodnordic.com\/wp-content\/uploads\/2022\/05\/NAFA-TMN-INSTA-300x300.jpg\"},{\"@type\":\"BreadcrumbList\",\"@id\":\"https:\/\/slowfoodnordic.com\/sv\/terra-madre-nordic\/kontakt-och-sociala-mediekanaler\/#breadcrumb\",\"itemListElement\":[{\"@type\":\"ListItem\",\"position\":1,\"name\":\"Home\",\"item\":\"https:\/\/slowfoodnordic.com\/sv\/\"},{\"@type\":\"ListItem\",\"position\":2,\"name\":\"Terra Madre Nordic\",\"item\":\"https:\/\/slowfoodnordic.com\/sv\/terra-madre-nordic\/\"},{\"@type\":\"ListItem\",\"position\":3,\"name\":\"Kontakt och sociala mediekanaler\"}]},{\"@type\":\"WebSite\",\"@id\":\"https:\/\/slowfoodnordic.com\/#website\",\"url\":\"https:\/\/slowfoodnordic.com\/\",\"name\":\"Slow Food in the Nordic Countries\",\"description\":\"\",\"publisher\":{\"@id\":\"https:\/\/slowfoodnordic.com\/#organization\"},\"potentialAction\":[{\"@type\":\"SearchAction\",\"target\":{\"@type\":\"EntryPoint\",\"urlTemplate\":\"https:\/\/slowfoodnordic.com\/?s={search_term_string}\"},\"query-input\":{\"@type\":\"PropertyValueSpecification\",\"valueRequired\":true,\"valueName\":\"search_term_string\"}}],\"inLanguage\":\"sv-SE\"},{\"@type\":\"Organization\",\"@id\":\"https:\/\/slowfoodnordic.com\/#organization\",\"name\":\"Slow Food in the Nordic Countries\",\"url\":\"https:\/\/slowfoodnordic.com\/\",\"logo\":{\"@type\":\"ImageObject\",\"inLanguage\":\"sv-SE\",\"@id\":\"https:\/\/slowfoodnordic.com\/#\/schema\/logo\/image\/\",\"url\":\"https:\/\/slowfoodnordic.com\/wp-content\/uploads\/2025\/06\/EN_SF_convivium-in-the-Nordic-Countries.jpg\",\"contentUrl\":\"https:\/\/slowfoodnordic.com\/wp-content\/uploads\/2025\/06\/EN_SF_convivium-in-the-Nordic-Countries.jpg\",\"width\":1375,\"height\":543,\"caption\":\"Slow Food in the Nordic Countries\"},\"image\":{\"@id\":\"https:\/\/slowfoodnordic.com\/#\/schema\/logo\/image\/\"}}]}<\/script>\n<!-- \/ Yoast SEO plugin. -->","yoast_head_json":{"title":"Kontakt och sociala mediekanaler - Slow Food in the Nordic Countries","robots":{"index":"index","follow":"follow","max-snippet":"max-snippet:-1","max-image-preview":"max-image-preview:large","max-video-preview":"max-video-preview:-1"},"canonical":"https:\/\/slowfoodnordic.com\/sv\/terra-madre-nordic\/kontakt-och-sociala-mediekanaler\/","og_locale":"sv_SE","og_type":"article","og_title":"Kontakt och sociala mediekanaler - Slow Food in the Nordic Countries","og_description":"Kontaktperson Terra Madre Nordic: Sofia Klasson sofiak@eldrimner.com tel +4610 225\u00a032 64 Kontaktperson Nordic Artisan Food Awards: Aleksandra Ahlgren aleksandra@eldrimner.com\u00a0 tel +46 10 225 33 57 F\u00f6r uppdateringar om Terra Madre Nordic 2022 och Nordic Artisan Food Awards f\u00f6lj oss g\u00e4rna i sociala medier. Tagga och dela g\u00e4rna! Facebook.com\/terramadrenordic Instagram.com\/terramadrenordic Facebook.com\/slowfoodnordic Facebook.com\/eldrimnermathantverk Instagram.com\/eldrimnermathantverk LinkedIn.com\/eldrimnermathantverk Loggor och [&hellip;]","og_url":"https:\/\/slowfoodnordic.com\/sv\/terra-madre-nordic\/kontakt-och-sociala-mediekanaler\/","og_site_name":"Slow Food in the Nordic Countries","article_modified_time":"2022-05-25T09:25:37+00:00","og_image":[{"url":"https:\/\/slowfoodnordic.com\/wp-content\/uploads\/2022\/05\/NAFA-TMN-INSTA-300x300.jpg","type":"","width":"","height":""}],"twitter_card":"summary_large_image","schema":{"@context":"https:\/\/schema.org","@graph":[{"@type":"WebPage","@id":"https:\/\/slowfoodnordic.com\/sv\/terra-madre-nordic\/kontakt-och-sociala-mediekanaler\/","url":"https:\/\/slowfoodnordic.com\/sv\/terra-madre-nordic\/kontakt-och-sociala-mediekanaler\/","name":"Kontakt och sociala mediekanaler - Slow Food in the Nordic Countries","isPartOf":{"@id":"https:\/\/slowfoodnordic.com\/#website"},"primaryImageOfPage":{"@id":"https:\/\/slowfoodnordic.com\/sv\/terra-madre-nordic\/kontakt-och-sociala-mediekanaler\/#primaryimage"},"image":{"@id":"https:\/\/slowfoodnordic.com\/sv\/terra-madre-nordic\/kontakt-och-sociala-mediekanaler\/#primaryimage"},"thumbnailUrl":"https:\/\/slowfoodnordic.com\/wp-content\/uploads\/2022\/05\/NAFA-TMN-INSTA-300x300.jpg","datePublished":"2022-05-12T09:36:25+00:00","dateModified":"2022-05-25T09:25:37+00:00","breadcrumb":{"@id":"https:\/\/slowfoodnordic.com\/sv\/terra-madre-nordic\/kontakt-och-sociala-mediekanaler\/#breadcrumb"},"inLanguage":"sv-SE","potentialAction":[{"@type":"ReadAction","target":["https:\/\/slowfoodnordic.com\/sv\/terra-madre-nordic\/kontakt-och-sociala-mediekanaler\/"]}]},{"@type":"ImageObject","inLanguage":"sv-SE","@id":"https:\/\/slowfoodnordic.com\/sv\/terra-madre-nordic\/kontakt-och-sociala-mediekanaler\/#primaryimage","url":"https:\/\/slowfoodnordic.com\/wp-content\/uploads\/2022\/05\/NAFA-TMN-INSTA-300x300.jpg","contentUrl":"https:\/\/slowfoodnordic.com\/wp-content\/uploads\/2022\/05\/NAFA-TMN-INSTA-300x300.jpg"},{"@type":"BreadcrumbList","@id":"https:\/\/slowfoodnordic.com\/sv\/terra-madre-nordic\/kontakt-och-sociala-mediekanaler\/#breadcrumb","itemListElement":[{"@type":"ListItem","position":1,"name":"Home","item":"https:\/\/slowfoodnordic.com\/sv\/"},{"@type":"ListItem","position":2,"name":"Terra Madre Nordic","item":"https:\/\/slowfoodnordic.com\/sv\/terra-madre-nordic\/"},{"@type":"ListItem","position":3,"name":"Kontakt och sociala mediekanaler"}]},{"@type":"WebSite","@id":"https:\/\/slowfoodnordic.com\/#website","url":"https:\/\/slowfoodnordic.com\/","name":"Slow Food in the Nordic Countries","description":"","publisher":{"@id":"https:\/\/slowfoodnordic.com\/#organization"},"potentialAction":[{"@type":"SearchAction","target":{"@type":"EntryPoint","urlTemplate":"https:\/\/slowfoodnordic.com\/?s={search_term_string}"},"query-input":{"@type":"PropertyValueSpecification","valueRequired":true,"valueName":"search_term_string"}}],"inLanguage":"sv-SE"},{"@type":"Organization","@id":"https:\/\/slowfoodnordic.com\/#organization","name":"Slow Food in the Nordic Countries","url":"https:\/\/slowfoodnordic.com\/","logo":{"@type":"ImageObject","inLanguage":"sv-SE","@id":"https:\/\/slowfoodnordic.com\/#\/schema\/logo\/image\/","url":"https:\/\/slowfoodnordic.com\/wp-content\/uploads\/2025\/06\/EN_SF_convivium-in-the-Nordic-Countries.jpg","contentUrl":"https:\/\/slowfoodnordic.com\/wp-content\/uploads\/2025\/06\/EN_SF_convivium-in-the-Nordic-Countries.jpg","width":1375,"height":543,"caption":"Slow Food in the Nordic Countries"},"image":{"@id":"https:\/\/slowfoodnordic.com\/#\/schema\/logo\/image\/"}}]}},"_links":{"self":[{"href":"https:\/\/slowfoodnordic.com\/sv\/wp-json\/wp\/v2\/pages\/5013","targetHints":{"allow":["GET"]}}],"collection":[{"href":"https:\/\/slowfoodnordic.com\/sv\/wp-json\/wp\/v2\/pages"}],"about":[{"href":"https:\/\/slowfoodnordic.com\/sv\/wp-json\/wp\/v2\/types\/page"}],"author":[{"embeddable":true,"href":"https:\/\/slowfoodnordic.com\/sv\/wp-json\/wp\/v2\/users\/5"}],"replies":[{"embeddable":true,"href":"https:\/\/slowfoodnordic.com\/sv\/wp-json\/wp\/v2\/comments?post=5013"}],"version-history":[{"count":4,"href":"https:\/\/slowfoodnordic.com\/sv\/wp-json\/wp\/v2\/pages\/5013\/revisions"}],"predecessor-version":[{"id":5176,"href":"https:\/\/slowfoodnordic.com\/sv\/wp-json\/wp\/v2\/pages\/5013\/revisions\/5176"}],"up":[{"embeddable":true,"href":"https:\/\/slowfoodnordic.com\/sv\/wp-json\/wp\/v2\/pages\/4927"}],"wp:attachment":[{"href":"https:\/\/slowfoodnordic.com\/sv\/wp-json\/wp\/v2\/media?parent=5013"}],"curies":[{"name":"wp","href":"https:\/\/api.w.org\/{rel}","templated":true}]}}