{"id":4938,"date":"2021-10-19T17:08:48","date_gmt":"2021-10-19T17:08:48","guid":{"rendered":"https:\/\/slowfoodnordic.com\/terra-madre-nordic\/nordic-artisan-food-awards\/"},"modified":"2022-08-17T07:33:56","modified_gmt":"2022-08-17T07:33:56","slug":"nordic-artisan-food-awards","status":"publish","type":"page","link":"https:\/\/slowfoodnordic.com\/sv\/terra-madre-nordic\/nordic-artisan-food-awards\/","title":{"rendered":"Nordic Artisan Food Awards"},"content":{"rendered":"<p>I samband med Terra Madre Nordic den 1\u20133 september, 2022\u00a0h\u00e5lls f\u00f6rsta g\u00e5ngen n\u00e5gonsin ett nordiskt m\u00e4sterskap i mathantverk, Nordic Artisan Food Awards, NAFA. Till t\u00e4vlingen bjuds mathantverkare fr\u00e5n hela Norden in att t\u00e4vla.<\/p>\n<p>NAFA arrangeras av Eldrimner \u2013 nationellt resurscentrum f\u00f6r mathantverk, som \u00e5rligen sedan 1996 ordnat produktt\u00e4vlingen SM i Mathantverk. T\u00e4vlingen har som syfte att st\u00f6tta och inspirera mathantverkare i sin produktutveckling samt att \u00f6ka k\u00e4nnedomen om och efterfr\u00e5gan p\u00e5 mathantverk. Sista anm\u00e4lan till t\u00e4vlingen var den 25 juli.<\/p>\n<p>Information om t\u00e4vlingsregler, klasser och vilka f\u00f6retag som t\u00e4vlar i \u00e5r hittar du p\u00e5 <a href=\"https:\/\/www.eldrimner.com\/om-eldrimner\/54973.foretag_fran_alla_nordiska_lander_tavlar_i_nafa.html?fbclid=IwAR1P9CX66ded7qqxVUGqLOLkfaNH7c4KI34xtKzhW9EeB4LZt1UjjXuyKU0\">Eldrimner.com<\/a><\/p>\n<p>F\u00f6r mer information kontakta:<br \/>\nAleksandra Ahlgren, <a href=\"mailto:aleksandra@eldrimner.com\">aleksandra@eldrimner.com<\/a>, 010-225 33 57<\/p>\n<p><img fetchpriority=\"high\" decoding=\"async\" class=\"alignnone size-full wp-image-5080\" src=\"https:\/\/slowfoodnordic.com\/wp-content\/uploads\/2022\/05\/NAFA-logo.jpg\" alt=\"\" width=\"215\" height=\"278\" \/> \u00a0<img decoding=\"async\" class=\"alignnone size-medium wp-image-5992\" src=\"https:\/\/slowfoodnordic.com\/wp-content\/uploads\/2022\/08\/NAFAmedalj-225x300.jpg\" alt=\"\" width=\"225\" height=\"300\" \/><\/p>\n<p><img decoding=\"async\" class=\"alignnone size-full wp-image-6061\" src=\"https:\/\/slowfoodnordic.com\/wp-content\/uploads\/2022\/08\/NAFA-TMN-logo-banner.jpg\" alt=\"\" width=\"2000\" height=\"350\" srcset=\"https:\/\/slowfoodnordic.com\/wp-content\/uploads\/2022\/08\/NAFA-TMN-logo-banner.jpg 2000w, https:\/\/slowfoodnordic.com\/wp-content\/uploads\/2022\/08\/NAFA-TMN-logo-banner-300x53.jpg 300w, https:\/\/slowfoodnordic.com\/wp-content\/uploads\/2022\/08\/NAFA-TMN-logo-banner-1024x179.jpg 1024w, https:\/\/slowfoodnordic.com\/wp-content\/uploads\/2022\/08\/NAFA-TMN-logo-banner-768x134.jpg 768w, https:\/\/slowfoodnordic.com\/wp-content\/uploads\/2022\/08\/NAFA-TMN-logo-banner-1536x269.jpg 1536w\" sizes=\"(max-width: 2000px) 100vw, 2000px\" \/><\/p>\n","protected":false},"excerpt":{"rendered":"<p>I samband med Terra Madre Nordic den 1\u20133 september, 2022\u00a0h\u00e5lls f\u00f6rsta g\u00e5ngen n\u00e5gonsin ett nordiskt m\u00e4sterskap i mathantverk, Nordic Artisan Food Awards, NAFA. Till t\u00e4vlingen bjuds mathantverkare fr\u00e5n hela Norden in att t\u00e4vla. NAFA arrangeras av Eldrimner \u2013 nationellt resurscentrum f\u00f6r mathantverk, som \u00e5rligen sedan 1996 ordnat produktt\u00e4vlingen SM i Mathantverk. T\u00e4vlingen har som syfte [&hellip;]<\/p>\n","protected":false},"author":1,"featured_media":0,"parent":4927,"menu_order":9,"comment_status":"closed","ping_status":"closed","template":"","meta":{"footnotes":""},"class_list":["post-4938","page","type-page","status-publish","hentry"],"yoast_head":"<!-- This site is optimized with the Yoast SEO plugin v25.2 - https:\/\/yoast.com\/wordpress\/plugins\/seo\/ -->\n<title>Nordic Artisan Food Awards - Slow Food in the Nordic Countries<\/title>\n<meta name=\"robots\" content=\"index, follow, max-snippet:-1, max-image-preview:large, max-video-preview:-1\" \/>\n<link rel=\"canonical\" href=\"https:\/\/slowfoodnordic.com\/sv\/terra-madre-nordic\/nordic-artisan-food-awards\/\" \/>\n<meta property=\"og:locale\" content=\"sv_SE\" \/>\n<meta property=\"og:type\" content=\"article\" \/>\n<meta property=\"og:title\" content=\"Nordic Artisan Food Awards - Slow Food in the Nordic Countries\" \/>\n<meta property=\"og:description\" content=\"I samband med Terra Madre Nordic den 1\u20133 september, 2022\u00a0h\u00e5lls f\u00f6rsta g\u00e5ngen n\u00e5gonsin ett nordiskt m\u00e4sterskap i mathantverk, Nordic Artisan Food Awards, NAFA. Till t\u00e4vlingen bjuds mathantverkare fr\u00e5n hela Norden in att t\u00e4vla. NAFA arrangeras av Eldrimner \u2013 nationellt resurscentrum f\u00f6r mathantverk, som \u00e5rligen sedan 1996 ordnat produktt\u00e4vlingen SM i Mathantverk. T\u00e4vlingen har som syfte [&hellip;]\" \/>\n<meta property=\"og:url\" content=\"https:\/\/slowfoodnordic.com\/sv\/terra-madre-nordic\/nordic-artisan-food-awards\/\" \/>\n<meta property=\"og:site_name\" content=\"Slow Food in the Nordic Countries\" \/>\n<meta property=\"article:modified_time\" content=\"2022-08-17T07:33:56+00:00\" \/>\n<meta property=\"og:image\" content=\"https:\/\/slowfoodnordic.com\/wp-content\/uploads\/2022\/05\/NAFA-logo.jpg\" \/>\n<meta name=\"twitter:card\" content=\"summary_large_image\" \/>\n<meta name=\"twitter:label1\" content=\"Ber\u00e4knad l\u00e4stid\" \/>\n\t<meta name=\"twitter:data1\" content=\"2 minuter\" \/>\n<script type=\"application\/ld+json\" class=\"yoast-schema-graph\">{\"@context\":\"https:\/\/schema.org\",\"@graph\":[{\"@type\":\"WebPage\",\"@id\":\"https:\/\/slowfoodnordic.com\/sv\/terra-madre-nordic\/nordic-artisan-food-awards\/\",\"url\":\"https:\/\/slowfoodnordic.com\/sv\/terra-madre-nordic\/nordic-artisan-food-awards\/\",\"name\":\"Nordic Artisan Food Awards - Slow Food in the Nordic Countries\",\"isPartOf\":{\"@id\":\"https:\/\/slowfoodnordic.com\/#website\"},\"primaryImageOfPage\":{\"@id\":\"https:\/\/slowfoodnordic.com\/sv\/terra-madre-nordic\/nordic-artisan-food-awards\/#primaryimage\"},\"image\":{\"@id\":\"https:\/\/slowfoodnordic.com\/sv\/terra-madre-nordic\/nordic-artisan-food-awards\/#primaryimage\"},\"thumbnailUrl\":\"https:\/\/slowfoodnordic.com\/wp-content\/uploads\/2022\/05\/NAFA-logo.jpg\",\"datePublished\":\"2021-10-19T17:08:48+00:00\",\"dateModified\":\"2022-08-17T07:33:56+00:00\",\"breadcrumb\":{\"@id\":\"https:\/\/slowfoodnordic.com\/sv\/terra-madre-nordic\/nordic-artisan-food-awards\/#breadcrumb\"},\"inLanguage\":\"sv-SE\",\"potentialAction\":[{\"@type\":\"ReadAction\",\"target\":[\"https:\/\/slowfoodnordic.com\/sv\/terra-madre-nordic\/nordic-artisan-food-awards\/\"]}]},{\"@type\":\"ImageObject\",\"inLanguage\":\"sv-SE\",\"@id\":\"https:\/\/slowfoodnordic.com\/sv\/terra-madre-nordic\/nordic-artisan-food-awards\/#primaryimage\",\"url\":\"https:\/\/slowfoodnordic.com\/wp-content\/uploads\/2022\/05\/NAFA-logo.jpg\",\"contentUrl\":\"https:\/\/slowfoodnordic.com\/wp-content\/uploads\/2022\/05\/NAFA-logo.jpg\"},{\"@type\":\"BreadcrumbList\",\"@id\":\"https:\/\/slowfoodnordic.com\/sv\/terra-madre-nordic\/nordic-artisan-food-awards\/#breadcrumb\",\"itemListElement\":[{\"@type\":\"ListItem\",\"position\":1,\"name\":\"Home\",\"item\":\"https:\/\/slowfoodnordic.com\/sv\/\"},{\"@type\":\"ListItem\",\"position\":2,\"name\":\"Terra Madre Nordic\",\"item\":\"https:\/\/slowfoodnordic.com\/sv\/terra-madre-nordic\/\"},{\"@type\":\"ListItem\",\"position\":3,\"name\":\"Nordic Artisan Food Awards\"}]},{\"@type\":\"WebSite\",\"@id\":\"https:\/\/slowfoodnordic.com\/#website\",\"url\":\"https:\/\/slowfoodnordic.com\/\",\"name\":\"Slow Food in the Nordic Countries\",\"description\":\"\",\"publisher\":{\"@id\":\"https:\/\/slowfoodnordic.com\/#organization\"},\"potentialAction\":[{\"@type\":\"SearchAction\",\"target\":{\"@type\":\"EntryPoint\",\"urlTemplate\":\"https:\/\/slowfoodnordic.com\/?s={search_term_string}\"},\"query-input\":{\"@type\":\"PropertyValueSpecification\",\"valueRequired\":true,\"valueName\":\"search_term_string\"}}],\"inLanguage\":\"sv-SE\"},{\"@type\":\"Organization\",\"@id\":\"https:\/\/slowfoodnordic.com\/#organization\",\"name\":\"Slow Food in the Nordic Countries\",\"url\":\"https:\/\/slowfoodnordic.com\/\",\"logo\":{\"@type\":\"ImageObject\",\"inLanguage\":\"sv-SE\",\"@id\":\"https:\/\/slowfoodnordic.com\/#\/schema\/logo\/image\/\",\"url\":\"https:\/\/slowfoodnordic.com\/wp-content\/uploads\/2025\/06\/EN_SF_convivium-in-the-Nordic-Countries.jpg\",\"contentUrl\":\"https:\/\/slowfoodnordic.com\/wp-content\/uploads\/2025\/06\/EN_SF_convivium-in-the-Nordic-Countries.jpg\",\"width\":1375,\"height\":543,\"caption\":\"Slow Food in the Nordic Countries\"},\"image\":{\"@id\":\"https:\/\/slowfoodnordic.com\/#\/schema\/logo\/image\/\"}}]}<\/script>\n<!-- \/ Yoast SEO plugin. -->","yoast_head_json":{"title":"Nordic Artisan Food Awards - Slow Food in the Nordic Countries","robots":{"index":"index","follow":"follow","max-snippet":"max-snippet:-1","max-image-preview":"max-image-preview:large","max-video-preview":"max-video-preview:-1"},"canonical":"https:\/\/slowfoodnordic.com\/sv\/terra-madre-nordic\/nordic-artisan-food-awards\/","og_locale":"sv_SE","og_type":"article","og_title":"Nordic Artisan Food Awards - Slow Food in the Nordic Countries","og_description":"I samband med Terra Madre Nordic den 1\u20133 september, 2022\u00a0h\u00e5lls f\u00f6rsta g\u00e5ngen n\u00e5gonsin ett nordiskt m\u00e4sterskap i mathantverk, Nordic Artisan Food Awards, NAFA. Till t\u00e4vlingen bjuds mathantverkare fr\u00e5n hela Norden in att t\u00e4vla. NAFA arrangeras av Eldrimner \u2013 nationellt resurscentrum f\u00f6r mathantverk, som \u00e5rligen sedan 1996 ordnat produktt\u00e4vlingen SM i Mathantverk. T\u00e4vlingen har som syfte [&hellip;]","og_url":"https:\/\/slowfoodnordic.com\/sv\/terra-madre-nordic\/nordic-artisan-food-awards\/","og_site_name":"Slow Food in the Nordic Countries","article_modified_time":"2022-08-17T07:33:56+00:00","og_image":[{"url":"https:\/\/slowfoodnordic.com\/wp-content\/uploads\/2022\/05\/NAFA-logo.jpg","type":"","width":"","height":""}],"twitter_card":"summary_large_image","twitter_misc":{"Ber\u00e4knad l\u00e4stid":"2 minuter"},"schema":{"@context":"https:\/\/schema.org","@graph":[{"@type":"WebPage","@id":"https:\/\/slowfoodnordic.com\/sv\/terra-madre-nordic\/nordic-artisan-food-awards\/","url":"https:\/\/slowfoodnordic.com\/sv\/terra-madre-nordic\/nordic-artisan-food-awards\/","name":"Nordic Artisan Food Awards - Slow Food in the Nordic Countries","isPartOf":{"@id":"https:\/\/slowfoodnordic.com\/#website"},"primaryImageOfPage":{"@id":"https:\/\/slowfoodnordic.com\/sv\/terra-madre-nordic\/nordic-artisan-food-awards\/#primaryimage"},"image":{"@id":"https:\/\/slowfoodnordic.com\/sv\/terra-madre-nordic\/nordic-artisan-food-awards\/#primaryimage"},"thumbnailUrl":"https:\/\/slowfoodnordic.com\/wp-content\/uploads\/2022\/05\/NAFA-logo.jpg","datePublished":"2021-10-19T17:08:48+00:00","dateModified":"2022-08-17T07:33:56+00:00","breadcrumb":{"@id":"https:\/\/slowfoodnordic.com\/sv\/terra-madre-nordic\/nordic-artisan-food-awards\/#breadcrumb"},"inLanguage":"sv-SE","potentialAction":[{"@type":"ReadAction","target":["https:\/\/slowfoodnordic.com\/sv\/terra-madre-nordic\/nordic-artisan-food-awards\/"]}]},{"@type":"ImageObject","inLanguage":"sv-SE","@id":"https:\/\/slowfoodnordic.com\/sv\/terra-madre-nordic\/nordic-artisan-food-awards\/#primaryimage","url":"https:\/\/slowfoodnordic.com\/wp-content\/uploads\/2022\/05\/NAFA-logo.jpg","contentUrl":"https:\/\/slowfoodnordic.com\/wp-content\/uploads\/2022\/05\/NAFA-logo.jpg"},{"@type":"BreadcrumbList","@id":"https:\/\/slowfoodnordic.com\/sv\/terra-madre-nordic\/nordic-artisan-food-awards\/#breadcrumb","itemListElement":[{"@type":"ListItem","position":1,"name":"Home","item":"https:\/\/slowfoodnordic.com\/sv\/"},{"@type":"ListItem","position":2,"name":"Terra Madre Nordic","item":"https:\/\/slowfoodnordic.com\/sv\/terra-madre-nordic\/"},{"@type":"ListItem","position":3,"name":"Nordic Artisan Food Awards"}]},{"@type":"WebSite","@id":"https:\/\/slowfoodnordic.com\/#website","url":"https:\/\/slowfoodnordic.com\/","name":"Slow Food in the Nordic Countries","description":"","publisher":{"@id":"https:\/\/slowfoodnordic.com\/#organization"},"potentialAction":[{"@type":"SearchAction","target":{"@type":"EntryPoint","urlTemplate":"https:\/\/slowfoodnordic.com\/?s={search_term_string}"},"query-input":{"@type":"PropertyValueSpecification","valueRequired":true,"valueName":"search_term_string"}}],"inLanguage":"sv-SE"},{"@type":"Organization","@id":"https:\/\/slowfoodnordic.com\/#organization","name":"Slow Food in the Nordic Countries","url":"https:\/\/slowfoodnordic.com\/","logo":{"@type":"ImageObject","inLanguage":"sv-SE","@id":"https:\/\/slowfoodnordic.com\/#\/schema\/logo\/image\/","url":"https:\/\/slowfoodnordic.com\/wp-content\/uploads\/2025\/06\/EN_SF_convivium-in-the-Nordic-Countries.jpg","contentUrl":"https:\/\/slowfoodnordic.com\/wp-content\/uploads\/2025\/06\/EN_SF_convivium-in-the-Nordic-Countries.jpg","width":1375,"height":543,"caption":"Slow Food in the Nordic Countries"},"image":{"@id":"https:\/\/slowfoodnordic.com\/#\/schema\/logo\/image\/"}}]}},"_links":{"self":[{"href":"https:\/\/slowfoodnordic.com\/sv\/wp-json\/wp\/v2\/pages\/4938","targetHints":{"allow":["GET"]}}],"collection":[{"href":"https:\/\/slowfoodnordic.com\/sv\/wp-json\/wp\/v2\/pages"}],"about":[{"href":"https:\/\/slowfoodnordic.com\/sv\/wp-json\/wp\/v2\/types\/page"}],"author":[{"embeddable":true,"href":"https:\/\/slowfoodnordic.com\/sv\/wp-json\/wp\/v2\/users\/1"}],"replies":[{"embeddable":true,"href":"https:\/\/slowfoodnordic.com\/sv\/wp-json\/wp\/v2\/comments?post=4938"}],"version-history":[{"count":5,"href":"https:\/\/slowfoodnordic.com\/sv\/wp-json\/wp\/v2\/pages\/4938\/revisions"}],"predecessor-version":[{"id":6077,"href":"https:\/\/slowfoodnordic.com\/sv\/wp-json\/wp\/v2\/pages\/4938\/revisions\/6077"}],"up":[{"embeddable":true,"href":"https:\/\/slowfoodnordic.com\/sv\/wp-json\/wp\/v2\/pages\/4927"}],"wp:attachment":[{"href":"https:\/\/slowfoodnordic.com\/sv\/wp-json\/wp\/v2\/media?parent=4938"}],"curies":[{"name":"wp","href":"https:\/\/api.w.org\/{rel}","templated":true}]}}