{"id":4935,"date":"2021-10-19T17:01:10","date_gmt":"2021-10-19T17:01:10","guid":{"rendered":"https:\/\/slowfoodnordic.com\/terra-madre-nordic\/practical-information\/"},"modified":"2022-08-27T16:01:56","modified_gmt":"2022-08-27T16:01:56","slug":"practical-information","status":"publish","type":"page","link":"https:\/\/slowfoodnordic.com\/sv\/terra-madre-nordic\/practical-information\/","title":{"rendered":"Praktisk information"},"content":{"rendered":"<h1>V\u00e4lkommen till Terra Madre Nordic och Nordic Artisan Food Awards 1-3 september, Stora Skuggan, Stockholm<\/h1>\n<h2>Med Terra Madre Nordic vill Eldrimner och Slow Food i Norden skapa en nordisk m\u00f6tesplats f\u00f6r b\u00e5de producenter och konsumenter med ett gemensamt intresse f\u00f6r h\u00e5llbar matproduktion och konsumtion samt matkultur.<\/h2>\n<h3>Dagsuppl\u00e4gg<strong><br \/>\n<\/strong><\/h3>\n<div class=\"coreD3 coreClass737\">\n<div class=\"coreD4 coreModule397\">\n<div class=\"coreTextBlock\">\n<p><strong>Torsdag 1 september\u00a0<\/strong><br \/>\nF\u00f6rel\u00e4sningar och sessioner, <a href=\"https:\/\/slowfoodnordic.com\/sv\/terra-madre-nordic\/sessioner\/\">se detaljer h\u00e4r.<\/a> T\u00e4vlingsbed\u00f6mning av <a href=\"https:\/\/slowfoodnordic.com\/sv\/terra-madre-nordic\/nordic-artisan-food-awards\/\">Nordiska m\u00e4sterskapen i mathantverk<\/a>, och \u00f6ppningsmiddag p\u00e5 Stora Skuggans V\u00e4rdshus (enbart f\u00f6ranm\u00e4lda).<\/p>\n<p><strong>Fredag 2 september kl 12-20<\/strong><br \/>\n\u00d6ppet f\u00f6r allm\u00e4nhet: Nordisk mathantverksmarknad, prova-p\u00e5-aktiviteter, smakverkst\u00e4der, sessioner m. samtal och workshops, prisutdelning f\u00f6r Nordic Artisan Food Awards.<br \/>\nStora Skuggan V\u00e4rdshus h\u00e5ller \u00f6ppet till kl 22.00.<\/p>\n<p><strong>L\u00f6rdag 3 september kl 10-16<\/strong><br \/>\n\u00d6ppet f\u00f6r allm\u00e4nhet: Nordisk mathantverksmarknad, prova-p\u00e5-aktiviteter, smakverkst\u00e4der, sessioner m. samtal och workshops, \u00e5rsm\u00f6te f\u00f6r Slow Food i Norden.<\/p>\n<p>Programmet finns i menyn &#8220;<a href=\"https:\/\/slowfoodnordic.com\/sv\/terra-madre-nordic\/program\/\">Program<\/a>&#8221; d\u00e4r du ocks\u00e5 hittar mer information om evenemangets olika omr\u00e5den. Mer detaljerat information om varje aktivitet finns\u00a0 i menyn under <a href=\"https:\/\/slowfoodnordic.com\/sv\/terra-madre-nordic\/nordisk-mathantverksmarknad-2\/\">Nordiskt mathantverksmarknad<\/a>, <a href=\"https:\/\/slowfoodnordic.com\/sv\/terra-madre-nordic\/prova-pa-aktiviteter\/\">Prova-p\u00e5-aktiviteter<\/a>, <a href=\"https:\/\/slowfoodnordic.com\/sv\/terra-madre-nordic\/smakverkstader\/\">Smakverst\u00e4der<\/a>, <a href=\"https:\/\/slowfoodnordic.com\/sv\/terra-madre-nordic\/sessioner\/\">Sessioner<\/a>, <a href=\"https:\/\/slowfoodnordic.com\/sv\/terra-madre-nordic\/utomhusscen\/\">Utomhusscen<\/a> och <a href=\"https:\/\/slowfoodnordic.com\/sv\/terra-madre-nordic\/slowfoodstockholm\/\">Slow Food Stockholm-omr\u00e5det.<\/a><\/p>\n<\/div>\n<\/div>\n<\/div>\n<h3>Mat p\u00e5 plats under evenemanget<strong><br \/>\n<\/strong><\/h3>\n<p>Bes\u00f6kare p\u00e5 Terra Madre Nordic kommer kunna k\u00f6pa mat fr\u00e5n olika boder och food trucks p\u00e5 marknaden. Mat och dryck finns ocks\u00e5 att k\u00f6pa i smakportioner p\u00e5 den nordiska mathantverksmarknaden och hos Stora Skuggans V\u00e4rdshus &#8211; d\u00e4r hittar du ocks\u00e5 Slow Drinks-omr\u00e5det.<\/p>\n<ul>\n<li><a href=\"https:\/\/storaskuggansvardshus.se\/\">Carolas Eko, Stora Skuggans V\u00e4rdshus<\/a><br \/>\n<strong>Uppt\u00e4ck och smaka dig fram bland v\u00e5ra Smakstationer, k\u00f6p en eller flera biljetter:<\/strong><br \/>\nNordisk Thaimat<br \/>\nMat fr\u00e5n SriLanka med nordiska r\u00e5varor<br \/>\nSoppa och Levain-grill<br \/>\nHantverkskorv med mos<br \/>\nVi ber\u00f6mda pizza med surdeg och potatisbotten<br \/>\nS\u00f6tsaker<\/li>\n<li><a href=\"https:\/\/www.brodpassion.se\/\">Nordiska galetter av Sebastien Boudet<\/a>\n<ul>\n<li><span style=\"font-weight: 400;\">Bagaren Sebastien Boudet g\u00f6r galetter p\u00e5 nordisk spannm\u00e5l med fyllningar av nordiska r\u00e5varor. Fyllningar g\u00f6ras bland annat av produkter fr\u00e5n den nordiska mathantverksmarknaden. Terra Madre Nordics bes\u00f6kare kommer kunna k\u00f6pa Sebastiens goda och smakrika galettes &#8211; god, ren och r\u00e4ttvis mat!<\/span><\/li>\n<li><span style=\"font-weight: 400;\">S\u00e9bastien Boudet \u00e4r konditor, kock och bagare som arbetar med att sprida sin kunskap och vision om bra mat och br\u00f6d genom att h\u00e5lla kurser, workshops och f\u00f6rel\u00e4sningar runt om i landet. Allt med stort fokus p\u00e5 ekologi, h\u00e5llbarhet, resiliens,\u00a0 kretslopp och gastronomi. Senast har han drivit Bageri och restaurang Sebastien p\u00e5 S\u00f6der i S\u00f6derhallarna. Sebastien P\u00e5 S\u00f6der st\u00e4ngdes i oktober 2021 efter 3 framg\u00e5ngsrika \u00e5r. Sebastiens fokus kommer nu att ligga p\u00e5 att skapa m\u00f6jligheter med l\u00f6sningar f\u00f6r alla som vill v\u00e4xla till att bli mera h\u00e5llbara.<\/span><\/li>\n<\/ul>\n<\/li>\n<\/ul>\n<p><img fetchpriority=\"high\" decoding=\"async\" class=\"alignnone wp-image-5974\" src=\"https:\/\/slowfoodnordic.com\/wp-content\/uploads\/2022\/08\/IMG_20220816_131749_01-200x300.jpg\" alt=\"\" width=\"192\" height=\"288\" srcset=\"https:\/\/slowfoodnordic.com\/wp-content\/uploads\/2022\/08\/IMG_20220816_131749_01-200x300.jpg 200w, https:\/\/slowfoodnordic.com\/wp-content\/uploads\/2022\/08\/IMG_20220816_131749_01-683x1024.jpg 683w, https:\/\/slowfoodnordic.com\/wp-content\/uploads\/2022\/08\/IMG_20220816_131749_01-768x1152.jpg 768w, https:\/\/slowfoodnordic.com\/wp-content\/uploads\/2022\/08\/IMG_20220816_131749_01-1024x1536.jpg 1024w, https:\/\/slowfoodnordic.com\/wp-content\/uploads\/2022\/08\/IMG_20220816_131749_01.jpg 1365w\" sizes=\"(max-width: 192px) 100vw, 192px\" \/><\/p>\n<ul>\n<li><a href=\"https:\/\/franklyfoods.se\/blogs\/news\/frankly-foodtruck-har-oppnat-i-mariefred\">Frankly Foodtruck<\/a><\/li>\n<li><a href=\"https:\/\/www.facebook.com\/bondenkocken\/\">Bondenkocken<\/a><\/li>\n<\/ul>\n<h3>\u00d6vernattningsm\u00f6jligheter<\/h3>\n<p>M\u00f6jliga hotell i n\u00e4rheten:<\/p>\n<ul>\n<li>ibis Styles Stockholm Odenplan<\/li>\n<li>Scandic J\u00e4rva<\/li>\n<li>Winery<\/li>\n<li>Quality hotel friends<\/li>\n<\/ul>\n<h3>Hitta till Stora Skuggan<\/h3>\n<p>Stora Skuggan ligger p\u00e5 Norra Djurg\u00e5rden. Det \u00e4r n\u00e4ra in till stan, till Solna och till Liding\u00f6. S\u00e5 h\u00e4r tar du dig hit!<br \/>\nKommunalt: Tunnelbana, r\u00f6da linjen, linje 14 till station Universitetet. Eller bussar 50, 540 till Universitetet norra Med stationsing\u00e5ngen i ryggen f\u00f6ljer ni den v\u00e4nstra v\u00e4gen dit n\u00e4san pekar, genom Universitetsomr\u00e5det, f\u00f6rbi Arrheniusbyggnaderna ut p\u00e5 ett f\u00e4lt med rugbym\u00e5l. Forts\u00e4tt grusv\u00e4gen rakt fram till en liten rondell med en bussh\u00e5llplats. F\u00f6lj skylten till v\u00e4nster. Framme! Promenaden tar ungef\u00e4r 10 minuter. Buss nummer 50 k\u00f6r \u00e4ven till Stora Lappk\u00e4rrsberget och sedan ca 10 min promenad. Se reseplaneraren p\u00e5 sl.se.<\/p>\n<p>Med bil: &#8211; fr\u00e5n stan<br \/>\nK\u00f6r till Roslagstull, och tag Roslagsv\u00e4gen (E18) norrut. H\u00e5ll h\u00f6ger in p\u00e5 Frescatiavfarten vid Naturhistoriska riksmuseet och tag h\u00f6ger i rondellen, f\u00f6rsta avfarten. F\u00f6lj Bergiusv\u00e4gen rakt fram<br \/>\noch tag h\u00f6ger n\u00e4r v\u00e4gen delar sig, upp p\u00e5 Stora Skuggans v\u00e4g. Forts\u00e4tt rakt fram till parkeringen vid en liten rondell. Framme!<\/p>\n<p>\u2013 norrifr\u00e5n<br \/>\nF\u00f6lj E18 s\u00f6derut mot Stockholm. H\u00e5ll h\u00f6ger in p\u00e5 Ekhagsavfarten. Tag v\u00e4nster i rondellen vid Bergianska (vid Roslagsbanans stn och Plantagen). Du \u00e4r nu p\u00e5 Bergiusv\u00e4gen. F\u00f6lj Bergiusv\u00e4gen<br \/>\nrakt fram och tag h\u00f6ger n\u00e4r v\u00e4gen delar sig, upp p\u00e5 Stora Skuggans v\u00e4g. Forts\u00e4tt rakt fram till parkeringen vid en liten rondell. Framme!<\/p>\n<p>T\u00e4nk p\u00e5 att det \u00e4r betalparkering<\/p>\n<p>Aktiviteterna arrangeras av Eldrimner &#8211; nationellt resurscentrum f\u00f6r mathantverk.<br \/>\n<img decoding=\"async\" class=\"alignnone size-full wp-image-6061\" src=\"https:\/\/slowfoodnordic.com\/wp-content\/uploads\/2022\/08\/NAFA-TMN-logo-banner.jpg\" alt=\"\" width=\"2000\" height=\"350\" srcset=\"https:\/\/slowfoodnordic.com\/wp-content\/uploads\/2022\/08\/NAFA-TMN-logo-banner.jpg 2000w, https:\/\/slowfoodnordic.com\/wp-content\/uploads\/2022\/08\/NAFA-TMN-logo-banner-300x53.jpg 300w, https:\/\/slowfoodnordic.com\/wp-content\/uploads\/2022\/08\/NAFA-TMN-logo-banner-1024x179.jpg 1024w, https:\/\/slowfoodnordic.com\/wp-content\/uploads\/2022\/08\/NAFA-TMN-logo-banner-768x134.jpg 768w, https:\/\/slowfoodnordic.com\/wp-content\/uploads\/2022\/08\/NAFA-TMN-logo-banner-1536x269.jpg 1536w\" sizes=\"(max-width: 2000px) 100vw, 2000px\" \/><\/p>\n","protected":false},"excerpt":{"rendered":"<p>V\u00e4lkommen till Terra Madre Nordic och Nordic Artisan Food Awards 1-3 september, Stora Skuggan, Stockholm Med Terra Madre Nordic vill Eldrimner och Slow Food i Norden skapa en nordisk m\u00f6tesplats f\u00f6r b\u00e5de producenter och konsumenter med ett gemensamt intresse f\u00f6r h\u00e5llbar matproduktion och konsumtion samt matkultur. Dagsuppl\u00e4gg Torsdag 1 september\u00a0 F\u00f6rel\u00e4sningar och sessioner, se detaljer [&hellip;]<\/p>\n","protected":false},"author":1,"featured_media":0,"parent":4927,"menu_order":1,"comment_status":"closed","ping_status":"closed","template":"","meta":{"footnotes":""},"class_list":["post-4935","page","type-page","status-publish","hentry"],"yoast_head":"<!-- This site is optimized with the Yoast SEO plugin v25.2 - https:\/\/yoast.com\/wordpress\/plugins\/seo\/ -->\n<title>Praktisk information - Slow Food in the Nordic Countries<\/title>\n<meta name=\"robots\" content=\"index, follow, max-snippet:-1, max-image-preview:large, max-video-preview:-1\" \/>\n<link rel=\"canonical\" href=\"https:\/\/slowfoodnordic.com\/sv\/terra-madre-nordic\/practical-information\/\" \/>\n<meta property=\"og:locale\" content=\"sv_SE\" \/>\n<meta property=\"og:type\" content=\"article\" \/>\n<meta property=\"og:title\" content=\"Praktisk information - Slow Food in the Nordic Countries\" \/>\n<meta property=\"og:description\" content=\"V\u00e4lkommen till Terra Madre Nordic och Nordic Artisan Food Awards 1-3 september, Stora Skuggan, Stockholm Med Terra Madre Nordic vill Eldrimner och Slow Food i Norden skapa en nordisk m\u00f6tesplats f\u00f6r b\u00e5de producenter och konsumenter med ett gemensamt intresse f\u00f6r h\u00e5llbar matproduktion och konsumtion samt matkultur. Dagsuppl\u00e4gg Torsdag 1 september\u00a0 F\u00f6rel\u00e4sningar och sessioner, se detaljer [&hellip;]\" \/>\n<meta property=\"og:url\" content=\"https:\/\/slowfoodnordic.com\/sv\/terra-madre-nordic\/practical-information\/\" \/>\n<meta property=\"og:site_name\" content=\"Slow Food in the Nordic Countries\" \/>\n<meta property=\"article:modified_time\" content=\"2022-08-27T16:01:56+00:00\" \/>\n<meta property=\"og:image\" content=\"https:\/\/slowfoodnordic.com\/wp-content\/uploads\/2022\/08\/IMG_20220816_131749_01-200x300.jpg\" \/>\n<meta name=\"twitter:card\" content=\"summary_large_image\" \/>\n<meta name=\"twitter:label1\" content=\"Ber\u00e4knad l\u00e4stid\" \/>\n\t<meta name=\"twitter:data1\" content=\"4 minuter\" \/>\n<script type=\"application\/ld+json\" class=\"yoast-schema-graph\">{\"@context\":\"https:\/\/schema.org\",\"@graph\":[{\"@type\":\"WebPage\",\"@id\":\"https:\/\/slowfoodnordic.com\/sv\/terra-madre-nordic\/practical-information\/\",\"url\":\"https:\/\/slowfoodnordic.com\/sv\/terra-madre-nordic\/practical-information\/\",\"name\":\"Praktisk information - Slow Food in the Nordic Countries\",\"isPartOf\":{\"@id\":\"https:\/\/slowfoodnordic.com\/#website\"},\"primaryImageOfPage\":{\"@id\":\"https:\/\/slowfoodnordic.com\/sv\/terra-madre-nordic\/practical-information\/#primaryimage\"},\"image\":{\"@id\":\"https:\/\/slowfoodnordic.com\/sv\/terra-madre-nordic\/practical-information\/#primaryimage\"},\"thumbnailUrl\":\"https:\/\/slowfoodnordic.com\/wp-content\/uploads\/2022\/08\/IMG_20220816_131749_01-200x300.jpg\",\"datePublished\":\"2021-10-19T17:01:10+00:00\",\"dateModified\":\"2022-08-27T16:01:56+00:00\",\"breadcrumb\":{\"@id\":\"https:\/\/slowfoodnordic.com\/sv\/terra-madre-nordic\/practical-information\/#breadcrumb\"},\"inLanguage\":\"sv-SE\",\"potentialAction\":[{\"@type\":\"ReadAction\",\"target\":[\"https:\/\/slowfoodnordic.com\/sv\/terra-madre-nordic\/practical-information\/\"]}]},{\"@type\":\"ImageObject\",\"inLanguage\":\"sv-SE\",\"@id\":\"https:\/\/slowfoodnordic.com\/sv\/terra-madre-nordic\/practical-information\/#primaryimage\",\"url\":\"https:\/\/slowfoodnordic.com\/wp-content\/uploads\/2022\/08\/IMG_20220816_131749_01-200x300.jpg\",\"contentUrl\":\"https:\/\/slowfoodnordic.com\/wp-content\/uploads\/2022\/08\/IMG_20220816_131749_01-200x300.jpg\"},{\"@type\":\"BreadcrumbList\",\"@id\":\"https:\/\/slowfoodnordic.com\/sv\/terra-madre-nordic\/practical-information\/#breadcrumb\",\"itemListElement\":[{\"@type\":\"ListItem\",\"position\":1,\"name\":\"Home\",\"item\":\"https:\/\/slowfoodnordic.com\/sv\/\"},{\"@type\":\"ListItem\",\"position\":2,\"name\":\"Terra Madre Nordic\",\"item\":\"https:\/\/slowfoodnordic.com\/sv\/terra-madre-nordic\/\"},{\"@type\":\"ListItem\",\"position\":3,\"name\":\"Praktisk information\"}]},{\"@type\":\"WebSite\",\"@id\":\"https:\/\/slowfoodnordic.com\/#website\",\"url\":\"https:\/\/slowfoodnordic.com\/\",\"name\":\"Slow Food in the Nordic Countries\",\"description\":\"\",\"publisher\":{\"@id\":\"https:\/\/slowfoodnordic.com\/#organization\"},\"potentialAction\":[{\"@type\":\"SearchAction\",\"target\":{\"@type\":\"EntryPoint\",\"urlTemplate\":\"https:\/\/slowfoodnordic.com\/?s={search_term_string}\"},\"query-input\":{\"@type\":\"PropertyValueSpecification\",\"valueRequired\":true,\"valueName\":\"search_term_string\"}}],\"inLanguage\":\"sv-SE\"},{\"@type\":\"Organization\",\"@id\":\"https:\/\/slowfoodnordic.com\/#organization\",\"name\":\"Slow Food in the Nordic Countries\",\"url\":\"https:\/\/slowfoodnordic.com\/\",\"logo\":{\"@type\":\"ImageObject\",\"inLanguage\":\"sv-SE\",\"@id\":\"https:\/\/slowfoodnordic.com\/#\/schema\/logo\/image\/\",\"url\":\"https:\/\/slowfoodnordic.com\/wp-content\/uploads\/2025\/06\/EN_SF_convivium-in-the-Nordic-Countries.jpg\",\"contentUrl\":\"https:\/\/slowfoodnordic.com\/wp-content\/uploads\/2025\/06\/EN_SF_convivium-in-the-Nordic-Countries.jpg\",\"width\":1375,\"height\":543,\"caption\":\"Slow Food in the Nordic Countries\"},\"image\":{\"@id\":\"https:\/\/slowfoodnordic.com\/#\/schema\/logo\/image\/\"}}]}<\/script>\n<!-- \/ Yoast SEO plugin. -->","yoast_head_json":{"title":"Praktisk information - Slow Food in the Nordic Countries","robots":{"index":"index","follow":"follow","max-snippet":"max-snippet:-1","max-image-preview":"max-image-preview:large","max-video-preview":"max-video-preview:-1"},"canonical":"https:\/\/slowfoodnordic.com\/sv\/terra-madre-nordic\/practical-information\/","og_locale":"sv_SE","og_type":"article","og_title":"Praktisk information - Slow Food in the Nordic Countries","og_description":"V\u00e4lkommen till Terra Madre Nordic och Nordic Artisan Food Awards 1-3 september, Stora Skuggan, Stockholm Med Terra Madre Nordic vill Eldrimner och Slow Food i Norden skapa en nordisk m\u00f6tesplats f\u00f6r b\u00e5de producenter och konsumenter med ett gemensamt intresse f\u00f6r h\u00e5llbar matproduktion och konsumtion samt matkultur. Dagsuppl\u00e4gg Torsdag 1 september\u00a0 F\u00f6rel\u00e4sningar och sessioner, se detaljer [&hellip;]","og_url":"https:\/\/slowfoodnordic.com\/sv\/terra-madre-nordic\/practical-information\/","og_site_name":"Slow Food in the Nordic Countries","article_modified_time":"2022-08-27T16:01:56+00:00","og_image":[{"url":"https:\/\/slowfoodnordic.com\/wp-content\/uploads\/2022\/08\/IMG_20220816_131749_01-200x300.jpg","type":"","width":"","height":""}],"twitter_card":"summary_large_image","twitter_misc":{"Ber\u00e4knad l\u00e4stid":"4 minuter"},"schema":{"@context":"https:\/\/schema.org","@graph":[{"@type":"WebPage","@id":"https:\/\/slowfoodnordic.com\/sv\/terra-madre-nordic\/practical-information\/","url":"https:\/\/slowfoodnordic.com\/sv\/terra-madre-nordic\/practical-information\/","name":"Praktisk information - Slow Food in the Nordic Countries","isPartOf":{"@id":"https:\/\/slowfoodnordic.com\/#website"},"primaryImageOfPage":{"@id":"https:\/\/slowfoodnordic.com\/sv\/terra-madre-nordic\/practical-information\/#primaryimage"},"image":{"@id":"https:\/\/slowfoodnordic.com\/sv\/terra-madre-nordic\/practical-information\/#primaryimage"},"thumbnailUrl":"https:\/\/slowfoodnordic.com\/wp-content\/uploads\/2022\/08\/IMG_20220816_131749_01-200x300.jpg","datePublished":"2021-10-19T17:01:10+00:00","dateModified":"2022-08-27T16:01:56+00:00","breadcrumb":{"@id":"https:\/\/slowfoodnordic.com\/sv\/terra-madre-nordic\/practical-information\/#breadcrumb"},"inLanguage":"sv-SE","potentialAction":[{"@type":"ReadAction","target":["https:\/\/slowfoodnordic.com\/sv\/terra-madre-nordic\/practical-information\/"]}]},{"@type":"ImageObject","inLanguage":"sv-SE","@id":"https:\/\/slowfoodnordic.com\/sv\/terra-madre-nordic\/practical-information\/#primaryimage","url":"https:\/\/slowfoodnordic.com\/wp-content\/uploads\/2022\/08\/IMG_20220816_131749_01-200x300.jpg","contentUrl":"https:\/\/slowfoodnordic.com\/wp-content\/uploads\/2022\/08\/IMG_20220816_131749_01-200x300.jpg"},{"@type":"BreadcrumbList","@id":"https:\/\/slowfoodnordic.com\/sv\/terra-madre-nordic\/practical-information\/#breadcrumb","itemListElement":[{"@type":"ListItem","position":1,"name":"Home","item":"https:\/\/slowfoodnordic.com\/sv\/"},{"@type":"ListItem","position":2,"name":"Terra Madre Nordic","item":"https:\/\/slowfoodnordic.com\/sv\/terra-madre-nordic\/"},{"@type":"ListItem","position":3,"name":"Praktisk information"}]},{"@type":"WebSite","@id":"https:\/\/slowfoodnordic.com\/#website","url":"https:\/\/slowfoodnordic.com\/","name":"Slow Food in the Nordic Countries","description":"","publisher":{"@id":"https:\/\/slowfoodnordic.com\/#organization"},"potentialAction":[{"@type":"SearchAction","target":{"@type":"EntryPoint","urlTemplate":"https:\/\/slowfoodnordic.com\/?s={search_term_string}"},"query-input":{"@type":"PropertyValueSpecification","valueRequired":true,"valueName":"search_term_string"}}],"inLanguage":"sv-SE"},{"@type":"Organization","@id":"https:\/\/slowfoodnordic.com\/#organization","name":"Slow Food in the Nordic Countries","url":"https:\/\/slowfoodnordic.com\/","logo":{"@type":"ImageObject","inLanguage":"sv-SE","@id":"https:\/\/slowfoodnordic.com\/#\/schema\/logo\/image\/","url":"https:\/\/slowfoodnordic.com\/wp-content\/uploads\/2025\/06\/EN_SF_convivium-in-the-Nordic-Countries.jpg","contentUrl":"https:\/\/slowfoodnordic.com\/wp-content\/uploads\/2025\/06\/EN_SF_convivium-in-the-Nordic-Countries.jpg","width":1375,"height":543,"caption":"Slow Food in the Nordic Countries"},"image":{"@id":"https:\/\/slowfoodnordic.com\/#\/schema\/logo\/image\/"}}]}},"_links":{"self":[{"href":"https:\/\/slowfoodnordic.com\/sv\/wp-json\/wp\/v2\/pages\/4935","targetHints":{"allow":["GET"]}}],"collection":[{"href":"https:\/\/slowfoodnordic.com\/sv\/wp-json\/wp\/v2\/pages"}],"about":[{"href":"https:\/\/slowfoodnordic.com\/sv\/wp-json\/wp\/v2\/types\/page"}],"author":[{"embeddable":true,"href":"https:\/\/slowfoodnordic.com\/sv\/wp-json\/wp\/v2\/users\/1"}],"replies":[{"embeddable":true,"href":"https:\/\/slowfoodnordic.com\/sv\/wp-json\/wp\/v2\/comments?post=4935"}],"version-history":[{"count":5,"href":"https:\/\/slowfoodnordic.com\/sv\/wp-json\/wp\/v2\/pages\/4935\/revisions"}],"predecessor-version":[{"id":6270,"href":"https:\/\/slowfoodnordic.com\/sv\/wp-json\/wp\/v2\/pages\/4935\/revisions\/6270"}],"up":[{"embeddable":true,"href":"https:\/\/slowfoodnordic.com\/sv\/wp-json\/wp\/v2\/pages\/4927"}],"wp:attachment":[{"href":"https:\/\/slowfoodnordic.com\/sv\/wp-json\/wp\/v2\/media?parent=4935"}],"curies":[{"name":"wp","href":"https:\/\/api.w.org\/{rel}","templated":true}]}}