{"id":4927,"date":"2022-03-31T08:14:05","date_gmt":"2022-03-31T08:14:05","guid":{"rendered":"https:\/\/slowfoodnordic.com\/?page_id=4927"},"modified":"2022-08-25T05:54:19","modified_gmt":"2022-08-25T05:54:19","slug":"terra-madre-nordic","status":"publish","type":"page","link":"https:\/\/slowfoodnordic.com\/sv\/terra-madre-nordic\/","title":{"rendered":"Terra Madre Nordic"},"content":{"rendered":"\t\t<div data-elementor-type=\"wp-page\" data-elementor-id=\"4927\" class=\"elementor elementor-4927 elementor-3900\" data-elementor-post-type=\"page\">\n\t\t\t\t\t\t<section class=\"elementor-section elementor-top-section elementor-element elementor-element-721f1fa8 elementor-section-stretched elementor-section-boxed elementor-section-height-default elementor-section-height-default\" data-id=\"721f1fa8\" data-element_type=\"section\" data-settings=\"{&quot;stretch_section&quot;:&quot;section-stretched&quot;}\">\n\t\t\t\t\t\t<div class=\"elementor-container elementor-column-gap-default\">\n\t\t\t\t\t<div class=\"elementor-column elementor-col-100 elementor-top-column elementor-element elementor-element-5d744dfc\" data-id=\"5d744dfc\" data-element_type=\"column\">\n\t\t\t<div class=\"elementor-widget-wrap\">\n\t\t\t\t\t\t\t<\/div>\n\t\t<\/div>\n\t\t\t\t\t<\/div>\n\t\t<\/section>\n\t\t\t\t<\/div>\n\t\t","protected":false},"excerpt":{"rendered":"<p>V\u00e4lkommen till Terra Madre Nordic och Nordic Artisan Food Awards 1-3 september, Stora Skuggan, Stockholm Tunnbr\u00f6d. IPA. Syrade gr\u00f6nsaker. Korv. Mathantverkst\u00e4vling. Glass. F\u00e4rskost. Det och mycket, mer finns att ta del p\u00e5 Terra Madre Nordic p\u00e5 Norra Djurg\u00e5rden f\u00f6r den som \u00e4r det minsta intresserad av mat och mathantverk, den 1\u20133 september. Det blir gott, [&hellip;]<\/p>\n","protected":false},"author":5,"featured_media":0,"parent":0,"menu_order":0,"comment_status":"closed","ping_status":"closed","template":"elementor_header_footer","meta":{"footnotes":""},"class_list":["post-4927","page","type-page","status-publish","hentry"],"yoast_head":"<!-- This site is optimized with the Yoast SEO plugin v25.2 - https:\/\/yoast.com\/wordpress\/plugins\/seo\/ -->\n<title>Terra Madre Nordic - Slow Food in the Nordic Countries<\/title>\n<meta name=\"robots\" content=\"index, follow, max-snippet:-1, max-image-preview:large, max-video-preview:-1\" \/>\n<link rel=\"canonical\" href=\"https:\/\/slowfoodnordic.com\/sv\/terra-madre-nordic\/\" \/>\n<meta property=\"og:locale\" content=\"sv_SE\" \/>\n<meta property=\"og:type\" content=\"article\" \/>\n<meta property=\"og:title\" content=\"Terra Madre Nordic - Slow Food in the Nordic Countries\" \/>\n<meta property=\"og:description\" content=\"V\u00e4lkommen till Terra Madre Nordic och Nordic Artisan Food Awards 1-3 september, Stora Skuggan, Stockholm Tunnbr\u00f6d. IPA. Syrade gr\u00f6nsaker. Korv. Mathantverkst\u00e4vling. Glass. F\u00e4rskost. Det och mycket, mer finns att ta del p\u00e5 Terra Madre Nordic p\u00e5 Norra Djurg\u00e5rden f\u00f6r den som \u00e4r det minsta intresserad av mat och mathantverk, den 1\u20133 september. Det blir gott, [&hellip;]\" \/>\n<meta property=\"og:url\" content=\"https:\/\/slowfoodnordic.com\/sv\/terra-madre-nordic\/\" \/>\n<meta property=\"og:site_name\" content=\"Slow Food in the Nordic Countries\" \/>\n<meta property=\"article:modified_time\" content=\"2022-08-25T05:54:19+00:00\" \/>\n<meta property=\"og:image\" content=\"https:\/\/slowfoodnordic.com\/wp-content\/uploads\/2022\/08\/Mathantverksmarknad-2-och-3-sep-300x200.jpg\" \/>\n<meta name=\"twitter:card\" content=\"summary_large_image\" \/>\n<meta name=\"twitter:label1\" content=\"Ber\u00e4knad l\u00e4stid\" \/>\n\t<meta name=\"twitter:data1\" content=\"3 minuter\" \/>\n<script type=\"application\/ld+json\" class=\"yoast-schema-graph\">{\"@context\":\"https:\/\/schema.org\",\"@graph\":[{\"@type\":\"WebPage\",\"@id\":\"https:\/\/slowfoodnordic.com\/sv\/terra-madre-nordic\/\",\"url\":\"https:\/\/slowfoodnordic.com\/sv\/terra-madre-nordic\/\",\"name\":\"Terra Madre Nordic - Slow Food in the Nordic Countries\",\"isPartOf\":{\"@id\":\"https:\/\/slowfoodnordic.com\/#website\"},\"primaryImageOfPage\":{\"@id\":\"https:\/\/slowfoodnordic.com\/sv\/terra-madre-nordic\/#primaryimage\"},\"image\":{\"@id\":\"https:\/\/slowfoodnordic.com\/sv\/terra-madre-nordic\/#primaryimage\"},\"thumbnailUrl\":\"https:\/\/slowfoodnordic.com\/wp-content\/uploads\/2022\/08\/Mathantverksmarknad-2-och-3-sep-300x200.jpg\",\"datePublished\":\"2022-03-31T08:14:05+00:00\",\"dateModified\":\"2022-08-25T05:54:19+00:00\",\"breadcrumb\":{\"@id\":\"https:\/\/slowfoodnordic.com\/sv\/terra-madre-nordic\/#breadcrumb\"},\"inLanguage\":\"sv-SE\",\"potentialAction\":[{\"@type\":\"ReadAction\",\"target\":[\"https:\/\/slowfoodnordic.com\/sv\/terra-madre-nordic\/\"]}]},{\"@type\":\"ImageObject\",\"inLanguage\":\"sv-SE\",\"@id\":\"https:\/\/slowfoodnordic.com\/sv\/terra-madre-nordic\/#primaryimage\",\"url\":\"https:\/\/slowfoodnordic.com\/wp-content\/uploads\/2022\/08\/Mathantverksmarknad-2-och-3-sep-300x200.jpg\",\"contentUrl\":\"https:\/\/slowfoodnordic.com\/wp-content\/uploads\/2022\/08\/Mathantverksmarknad-2-och-3-sep-300x200.jpg\"},{\"@type\":\"BreadcrumbList\",\"@id\":\"https:\/\/slowfoodnordic.com\/sv\/terra-madre-nordic\/#breadcrumb\",\"itemListElement\":[{\"@type\":\"ListItem\",\"position\":1,\"name\":\"Home\",\"item\":\"https:\/\/slowfoodnordic.com\/sv\/\"},{\"@type\":\"ListItem\",\"position\":2,\"name\":\"Terra Madre Nordic\"}]},{\"@type\":\"WebSite\",\"@id\":\"https:\/\/slowfoodnordic.com\/#website\",\"url\":\"https:\/\/slowfoodnordic.com\/\",\"name\":\"Slow Food in the Nordic Countries\",\"description\":\"\",\"publisher\":{\"@id\":\"https:\/\/slowfoodnordic.com\/#organization\"},\"potentialAction\":[{\"@type\":\"SearchAction\",\"target\":{\"@type\":\"EntryPoint\",\"urlTemplate\":\"https:\/\/slowfoodnordic.com\/?s={search_term_string}\"},\"query-input\":{\"@type\":\"PropertyValueSpecification\",\"valueRequired\":true,\"valueName\":\"search_term_string\"}}],\"inLanguage\":\"sv-SE\"},{\"@type\":\"Organization\",\"@id\":\"https:\/\/slowfoodnordic.com\/#organization\",\"name\":\"Slow Food in the Nordic Countries\",\"url\":\"https:\/\/slowfoodnordic.com\/\",\"logo\":{\"@type\":\"ImageObject\",\"inLanguage\":\"sv-SE\",\"@id\":\"https:\/\/slowfoodnordic.com\/#\/schema\/logo\/image\/\",\"url\":\"https:\/\/slowfoodnordic.com\/wp-content\/uploads\/2025\/06\/EN_SF_convivium-in-the-Nordic-Countries.jpg\",\"contentUrl\":\"https:\/\/slowfoodnordic.com\/wp-content\/uploads\/2025\/06\/EN_SF_convivium-in-the-Nordic-Countries.jpg\",\"width\":1375,\"height\":543,\"caption\":\"Slow Food in the Nordic Countries\"},\"image\":{\"@id\":\"https:\/\/slowfoodnordic.com\/#\/schema\/logo\/image\/\"}}]}<\/script>\n<!-- \/ Yoast SEO plugin. -->","yoast_head_json":{"title":"Terra Madre Nordic - Slow Food in the Nordic Countries","robots":{"index":"index","follow":"follow","max-snippet":"max-snippet:-1","max-image-preview":"max-image-preview:large","max-video-preview":"max-video-preview:-1"},"canonical":"https:\/\/slowfoodnordic.com\/sv\/terra-madre-nordic\/","og_locale":"sv_SE","og_type":"article","og_title":"Terra Madre Nordic - Slow Food in the Nordic Countries","og_description":"V\u00e4lkommen till Terra Madre Nordic och Nordic Artisan Food Awards 1-3 september, Stora Skuggan, Stockholm Tunnbr\u00f6d. IPA. Syrade gr\u00f6nsaker. Korv. Mathantverkst\u00e4vling. Glass. F\u00e4rskost. Det och mycket, mer finns att ta del p\u00e5 Terra Madre Nordic p\u00e5 Norra Djurg\u00e5rden f\u00f6r den som \u00e4r det minsta intresserad av mat och mathantverk, den 1\u20133 september. Det blir gott, [&hellip;]","og_url":"https:\/\/slowfoodnordic.com\/sv\/terra-madre-nordic\/","og_site_name":"Slow Food in the Nordic Countries","article_modified_time":"2022-08-25T05:54:19+00:00","og_image":[{"url":"https:\/\/slowfoodnordic.com\/wp-content\/uploads\/2022\/08\/Mathantverksmarknad-2-och-3-sep-300x200.jpg","type":"","width":"","height":""}],"twitter_card":"summary_large_image","twitter_misc":{"Ber\u00e4knad l\u00e4stid":"3 minuter"},"schema":{"@context":"https:\/\/schema.org","@graph":[{"@type":"WebPage","@id":"https:\/\/slowfoodnordic.com\/sv\/terra-madre-nordic\/","url":"https:\/\/slowfoodnordic.com\/sv\/terra-madre-nordic\/","name":"Terra Madre Nordic - Slow Food in the Nordic Countries","isPartOf":{"@id":"https:\/\/slowfoodnordic.com\/#website"},"primaryImageOfPage":{"@id":"https:\/\/slowfoodnordic.com\/sv\/terra-madre-nordic\/#primaryimage"},"image":{"@id":"https:\/\/slowfoodnordic.com\/sv\/terra-madre-nordic\/#primaryimage"},"thumbnailUrl":"https:\/\/slowfoodnordic.com\/wp-content\/uploads\/2022\/08\/Mathantverksmarknad-2-och-3-sep-300x200.jpg","datePublished":"2022-03-31T08:14:05+00:00","dateModified":"2022-08-25T05:54:19+00:00","breadcrumb":{"@id":"https:\/\/slowfoodnordic.com\/sv\/terra-madre-nordic\/#breadcrumb"},"inLanguage":"sv-SE","potentialAction":[{"@type":"ReadAction","target":["https:\/\/slowfoodnordic.com\/sv\/terra-madre-nordic\/"]}]},{"@type":"ImageObject","inLanguage":"sv-SE","@id":"https:\/\/slowfoodnordic.com\/sv\/terra-madre-nordic\/#primaryimage","url":"https:\/\/slowfoodnordic.com\/wp-content\/uploads\/2022\/08\/Mathantverksmarknad-2-och-3-sep-300x200.jpg","contentUrl":"https:\/\/slowfoodnordic.com\/wp-content\/uploads\/2022\/08\/Mathantverksmarknad-2-och-3-sep-300x200.jpg"},{"@type":"BreadcrumbList","@id":"https:\/\/slowfoodnordic.com\/sv\/terra-madre-nordic\/#breadcrumb","itemListElement":[{"@type":"ListItem","position":1,"name":"Home","item":"https:\/\/slowfoodnordic.com\/sv\/"},{"@type":"ListItem","position":2,"name":"Terra Madre Nordic"}]},{"@type":"WebSite","@id":"https:\/\/slowfoodnordic.com\/#website","url":"https:\/\/slowfoodnordic.com\/","name":"Slow Food in the Nordic Countries","description":"","publisher":{"@id":"https:\/\/slowfoodnordic.com\/#organization"},"potentialAction":[{"@type":"SearchAction","target":{"@type":"EntryPoint","urlTemplate":"https:\/\/slowfoodnordic.com\/?s={search_term_string}"},"query-input":{"@type":"PropertyValueSpecification","valueRequired":true,"valueName":"search_term_string"}}],"inLanguage":"sv-SE"},{"@type":"Organization","@id":"https:\/\/slowfoodnordic.com\/#organization","name":"Slow Food in the Nordic Countries","url":"https:\/\/slowfoodnordic.com\/","logo":{"@type":"ImageObject","inLanguage":"sv-SE","@id":"https:\/\/slowfoodnordic.com\/#\/schema\/logo\/image\/","url":"https:\/\/slowfoodnordic.com\/wp-content\/uploads\/2025\/06\/EN_SF_convivium-in-the-Nordic-Countries.jpg","contentUrl":"https:\/\/slowfoodnordic.com\/wp-content\/uploads\/2025\/06\/EN_SF_convivium-in-the-Nordic-Countries.jpg","width":1375,"height":543,"caption":"Slow Food in the Nordic Countries"},"image":{"@id":"https:\/\/slowfoodnordic.com\/#\/schema\/logo\/image\/"}}]}},"_links":{"self":[{"href":"https:\/\/slowfoodnordic.com\/sv\/wp-json\/wp\/v2\/pages\/4927","targetHints":{"allow":["GET"]}}],"collection":[{"href":"https:\/\/slowfoodnordic.com\/sv\/wp-json\/wp\/v2\/pages"}],"about":[{"href":"https:\/\/slowfoodnordic.com\/sv\/wp-json\/wp\/v2\/types\/page"}],"author":[{"embeddable":true,"href":"https:\/\/slowfoodnordic.com\/sv\/wp-json\/wp\/v2\/users\/5"}],"replies":[{"embeddable":true,"href":"https:\/\/slowfoodnordic.com\/sv\/wp-json\/wp\/v2\/comments?post=4927"}],"version-history":[{"count":5,"href":"https:\/\/slowfoodnordic.com\/sv\/wp-json\/wp\/v2\/pages\/4927\/revisions"}],"predecessor-version":[{"id":6223,"href":"https:\/\/slowfoodnordic.com\/sv\/wp-json\/wp\/v2\/pages\/4927\/revisions\/6223"}],"wp:attachment":[{"href":"https:\/\/slowfoodnordic.com\/sv\/wp-json\/wp\/v2\/media?parent=4927"}],"curies":[{"name":"wp","href":"https:\/\/api.w.org\/{rel}","templated":true}]}}