{"id":4883,"date":"2022-03-23T13:02:14","date_gmt":"2022-03-23T13:02:14","guid":{"rendered":"https:\/\/slowfoodnordic.com\/?page_id=4883"},"modified":"2022-03-23T13:02:14","modified_gmt":"2022-03-23T13:02:14","slug":"news","status":"publish","type":"page","link":"https:\/\/slowfoodnordic.com\/sv\/news\/","title":{"rendered":"News"},"content":{"rendered":"\t\t<div data-elementor-type=\"wp-page\" data-elementor-id=\"4883\" class=\"elementor elementor-4883 elementor-4714\" data-elementor-post-type=\"page\">\n\t\t\t\t\t\t<section class=\"elementor-section elementor-top-section elementor-element elementor-element-df8d259 elementor-section-stretched elementor-section-boxed elementor-section-height-default elementor-section-height-default\" data-id=\"df8d259\" data-element_type=\"section\" data-settings=\"{&quot;stretch_section&quot;:&quot;section-stretched&quot;}\">\n\t\t\t\t\t\t<div class=\"elementor-container elementor-column-gap-default\">\n\t\t\t\t\t<div class=\"elementor-column elementor-col-100 elementor-top-column elementor-element elementor-element-a16137a\" data-id=\"a16137a\" data-element_type=\"column\">\n\t\t\t<div class=\"elementor-widget-wrap elementor-element-populated\">\n\t\t\t\t\t\t<div class=\"elementor-element elementor-element-9f00109 elementor-grid-3 elementor-grid-tablet-2 elementor-grid-mobile-1 elementor-posts--thumbnail-top elementor-posts--show-avatar elementor-card-shadow-yes elementor-posts__hover-gradient elementor-widget elementor-widget-posts\" data-id=\"9f00109\" data-element_type=\"widget\" data-settings=\"{&quot;cards_columns&quot;:&quot;3&quot;,&quot;cards_columns_tablet&quot;:&quot;2&quot;,&quot;cards_columns_mobile&quot;:&quot;1&quot;,&quot;cards_row_gap&quot;:{&quot;unit&quot;:&quot;px&quot;,&quot;size&quot;:35,&quot;sizes&quot;:[]},&quot;cards_row_gap_tablet&quot;:{&quot;unit&quot;:&quot;px&quot;,&quot;size&quot;:&quot;&quot;,&quot;sizes&quot;:[]},&quot;cards_row_gap_mobile&quot;:{&quot;unit&quot;:&quot;px&quot;,&quot;size&quot;:&quot;&quot;,&quot;sizes&quot;:[]}}\" data-widget_type=\"posts.cards\">\n\t\t\t\t<div class=\"elementor-widget-container\">\n\t\t\t\t\t\t\t<div class=\"elementor-posts-container elementor-posts elementor-posts--skin-cards elementor-grid\">\n\t\t\t\t<article class=\"elementor-post elementor-grid-item post-5074 post type-post status-publish format-standard hentry category-news-se\">\n\t\t\t<div class=\"elementor-post__card\">\n\t\t\t\t<div class=\"elementor-post__text\">\n\t\t\t\t<h3 class=\"elementor-post__title\">\n\t\t\t<a href=\"https:\/\/slowfoodnordic.com\/sv\/registration-to-the-nordic-artisan-food-awards-is-now-open\/\" >\n\t\t\t\tRegistration to the Nordic Artisan Food Awards is now open\t\t\t<\/a>\n\t\t<\/h3>\n\t\t\t\t<div class=\"elementor-post__excerpt\">\n\t\t\t<p>During Terra Madre Nordic, on 1-3 September, 2022, the first ever Nordic Artisan Food Awards, NAFA, will be held. Artisan food producers from all over<\/p>\n\t\t<\/div>\n\t\t\n\t\t<a class=\"elementor-post__read-more\" href=\"https:\/\/slowfoodnordic.com\/sv\/registration-to-the-nordic-artisan-food-awards-is-now-open\/\" aria-label=\"L\u00e4s mer om Registration to the Nordic Artisan Food Awards is now open\" tabindex=\"-1\" >\n\t\t\tRead More \u00bb\t\t<\/a>\n\n\t\t\t\t<\/div>\n\t\t\t\t<div class=\"elementor-post__meta-data\">\n\t\t\t\t\t<span class=\"elementor-post-date\">\n\t\t\t23.05.2022\t\t<\/span>\n\t\t\t\t<\/div>\n\t\t\t\t\t<\/div>\n\t\t<\/article>\n\t\t\t\t<article class=\"elementor-post elementor-grid-item post-4898 post type-post status-publish format-standard hentry\">\n\t\t\t<div class=\"elementor-post__card\">\n\t\t\t\t<div class=\"elementor-post__text\">\n\t\t\t\t<h3 class=\"elementor-post__title\">\n\t\t\t<a href=\"https:\/\/slowfoodnordic.com\/sv\/terra-madre-nordic-and-nafa-1-3-september-2022-in-stockholm\/\" >\n\t\t\t\tTERRA MADRE NORDIC AND NAFA 1.-3 SEPTEMBER 2022 IN STOCKHOLM\t\t\t<\/a>\n\t\t<\/h3>\n\t\t\t\t<div class=\"elementor-post__excerpt\">\n\t\t\t<p>During the first week in September 2022, Terra Madre Nordic, a Nordic meeting place for both producers and consumers with a common interest in sustainable<\/p>\n\t\t<\/div>\n\t\t\n\t\t<a class=\"elementor-post__read-more\" href=\"https:\/\/slowfoodnordic.com\/sv\/terra-madre-nordic-and-nafa-1-3-september-2022-in-stockholm\/\" aria-label=\"L\u00e4s mer om TERRA MADRE NORDIC AND NAFA 1.-3 SEPTEMBER 2022 IN STOCKHOLM\" tabindex=\"-1\" >\n\t\t\tRead More \u00bb\t\t<\/a>\n\n\t\t\t\t<\/div>\n\t\t\t\t<div class=\"elementor-post__meta-data\">\n\t\t\t\t\t<span class=\"elementor-post-date\">\n\t\t\t23.03.2022\t\t<\/span>\n\t\t\t\t<\/div>\n\t\t\t\t\t<\/div>\n\t\t<\/article>\n\t\t\t\t<article class=\"elementor-post elementor-grid-item post-4874 post type-post status-publish format-standard hentry category-news-se\">\n\t\t\t<div class=\"elementor-post__card\">\n\t\t\t\t<div class=\"elementor-post__text\">\n\t\t\t\t<h3 class=\"elementor-post__title\">\n\t\t\t<a href=\"https:\/\/slowfoodnordic.com\/sv\/tmn2022-mot-vores-arbetpartner-carolas-eko\/\" >\n\t\t\t\tTMN2022 &#8211; M\u00f6t v\u00e5r partner Carolas Eko\t\t\t<\/a>\n\t\t<\/h3>\n\t\t\t\t<div class=\"elementor-post__excerpt\">\n\t\t\t<p>\u201dV\u00e5r vision om att forts\u00e4tta sprida kunskap och passion f\u00f6r bra mat, h\u00e4lsa och milj\u00f6 f\u00f6r en renare planet in i framtiden g\u00e5r hand i<\/p>\n\t\t<\/div>\n\t\t\n\t\t<a class=\"elementor-post__read-more\" href=\"https:\/\/slowfoodnordic.com\/sv\/tmn2022-mot-vores-arbetpartner-carolas-eko\/\" aria-label=\"L\u00e4s mer om TMN2022 &#8211; M\u00f6t v\u00e5r partner Carolas Eko\" tabindex=\"-1\" >\n\t\t\tRead More \u00bb\t\t<\/a>\n\n\t\t\t\t<\/div>\n\t\t\t\t<div class=\"elementor-post__meta-data\">\n\t\t\t\t\t<span class=\"elementor-post-date\">\n\t\t\t23.03.2022\t\t<\/span>\n\t\t\t\t<\/div>\n\t\t\t\t\t<\/div>\n\t\t<\/article>\n\t\t\t\t<\/div>\n\t\t\n\t\t\t\t\t\t<\/div>\n\t\t\t\t<\/div>\n\t\t\t\t\t<\/div>\n\t\t<\/div>\n\t\t\t\t\t<\/div>\n\t\t<\/section>\n\t\t\t\t<\/div>\n\t\t","protected":false},"excerpt":{"rendered":"","protected":false},"author":1,"featured_media":0,"parent":0,"menu_order":0,"comment_status":"closed","ping_status":"closed","template":"elementor_header_footer","meta":{"footnotes":""},"class_list":["post-4883","page","type-page","status-publish","hentry"],"yoast_head":"<!-- This site is optimized with the Yoast SEO plugin v25.2 - https:\/\/yoast.com\/wordpress\/plugins\/seo\/ -->\n<title>News - Slow Food in the Nordic Countries<\/title>\n<meta name=\"robots\" content=\"index, follow, max-snippet:-1, max-image-preview:large, max-video-preview:-1\" \/>\n<link rel=\"canonical\" href=\"https:\/\/slowfoodnordic.com\/sv\/news\/\" \/>\n<meta property=\"og:locale\" content=\"sv_SE\" \/>\n<meta property=\"og:type\" content=\"article\" \/>\n<meta property=\"og:title\" content=\"News - Slow Food in the Nordic Countries\" \/>\n<meta property=\"og:url\" content=\"https:\/\/slowfoodnordic.com\/sv\/news\/\" \/>\n<meta property=\"og:site_name\" content=\"Slow Food in the Nordic Countries\" \/>\n<meta name=\"twitter:card\" content=\"summary_large_image\" \/>\n<script type=\"application\/ld+json\" class=\"yoast-schema-graph\">{\"@context\":\"https:\/\/schema.org\",\"@graph\":[{\"@type\":\"WebPage\",\"@id\":\"https:\/\/slowfoodnordic.com\/sv\/news\/\",\"url\":\"https:\/\/slowfoodnordic.com\/sv\/news\/\",\"name\":\"News - Slow Food in the Nordic Countries\",\"isPartOf\":{\"@id\":\"https:\/\/slowfoodnordic.com\/#website\"},\"datePublished\":\"2022-03-23T13:02:14+00:00\",\"breadcrumb\":{\"@id\":\"https:\/\/slowfoodnordic.com\/sv\/news\/#breadcrumb\"},\"inLanguage\":\"sv-SE\",\"potentialAction\":[{\"@type\":\"ReadAction\",\"target\":[\"https:\/\/slowfoodnordic.com\/sv\/news\/\"]}]},{\"@type\":\"BreadcrumbList\",\"@id\":\"https:\/\/slowfoodnordic.com\/sv\/news\/#breadcrumb\",\"itemListElement\":[{\"@type\":\"ListItem\",\"position\":1,\"name\":\"Home\",\"item\":\"https:\/\/slowfoodnordic.com\/sv\/\"},{\"@type\":\"ListItem\",\"position\":2,\"name\":\"News\"}]},{\"@type\":\"WebSite\",\"@id\":\"https:\/\/slowfoodnordic.com\/#website\",\"url\":\"https:\/\/slowfoodnordic.com\/\",\"name\":\"Slow Food in the Nordic Countries\",\"description\":\"\",\"publisher\":{\"@id\":\"https:\/\/slowfoodnordic.com\/#organization\"},\"potentialAction\":[{\"@type\":\"SearchAction\",\"target\":{\"@type\":\"EntryPoint\",\"urlTemplate\":\"https:\/\/slowfoodnordic.com\/?s={search_term_string}\"},\"query-input\":{\"@type\":\"PropertyValueSpecification\",\"valueRequired\":true,\"valueName\":\"search_term_string\"}}],\"inLanguage\":\"sv-SE\"},{\"@type\":\"Organization\",\"@id\":\"https:\/\/slowfoodnordic.com\/#organization\",\"name\":\"Slow Food in the Nordic Countries\",\"url\":\"https:\/\/slowfoodnordic.com\/\",\"logo\":{\"@type\":\"ImageObject\",\"inLanguage\":\"sv-SE\",\"@id\":\"https:\/\/slowfoodnordic.com\/#\/schema\/logo\/image\/\",\"url\":\"https:\/\/slowfoodnordic.com\/wp-content\/uploads\/2025\/06\/EN_SF_convivium-in-the-Nordic-Countries.jpg\",\"contentUrl\":\"https:\/\/slowfoodnordic.com\/wp-content\/uploads\/2025\/06\/EN_SF_convivium-in-the-Nordic-Countries.jpg\",\"width\":1375,\"height\":543,\"caption\":\"Slow Food in the Nordic Countries\"},\"image\":{\"@id\":\"https:\/\/slowfoodnordic.com\/#\/schema\/logo\/image\/\"}}]}<\/script>\n<!-- \/ Yoast SEO plugin. -->","yoast_head_json":{"title":"News - Slow Food in the Nordic Countries","robots":{"index":"index","follow":"follow","max-snippet":"max-snippet:-1","max-image-preview":"max-image-preview:large","max-video-preview":"max-video-preview:-1"},"canonical":"https:\/\/slowfoodnordic.com\/sv\/news\/","og_locale":"sv_SE","og_type":"article","og_title":"News - Slow Food in the Nordic Countries","og_url":"https:\/\/slowfoodnordic.com\/sv\/news\/","og_site_name":"Slow Food in the Nordic Countries","twitter_card":"summary_large_image","schema":{"@context":"https:\/\/schema.org","@graph":[{"@type":"WebPage","@id":"https:\/\/slowfoodnordic.com\/sv\/news\/","url":"https:\/\/slowfoodnordic.com\/sv\/news\/","name":"News - Slow Food in the Nordic Countries","isPartOf":{"@id":"https:\/\/slowfoodnordic.com\/#website"},"datePublished":"2022-03-23T13:02:14+00:00","breadcrumb":{"@id":"https:\/\/slowfoodnordic.com\/sv\/news\/#breadcrumb"},"inLanguage":"sv-SE","potentialAction":[{"@type":"ReadAction","target":["https:\/\/slowfoodnordic.com\/sv\/news\/"]}]},{"@type":"BreadcrumbList","@id":"https:\/\/slowfoodnordic.com\/sv\/news\/#breadcrumb","itemListElement":[{"@type":"ListItem","position":1,"name":"Home","item":"https:\/\/slowfoodnordic.com\/sv\/"},{"@type":"ListItem","position":2,"name":"News"}]},{"@type":"WebSite","@id":"https:\/\/slowfoodnordic.com\/#website","url":"https:\/\/slowfoodnordic.com\/","name":"Slow Food in the Nordic Countries","description":"","publisher":{"@id":"https:\/\/slowfoodnordic.com\/#organization"},"potentialAction":[{"@type":"SearchAction","target":{"@type":"EntryPoint","urlTemplate":"https:\/\/slowfoodnordic.com\/?s={search_term_string}"},"query-input":{"@type":"PropertyValueSpecification","valueRequired":true,"valueName":"search_term_string"}}],"inLanguage":"sv-SE"},{"@type":"Organization","@id":"https:\/\/slowfoodnordic.com\/#organization","name":"Slow Food in the Nordic Countries","url":"https:\/\/slowfoodnordic.com\/","logo":{"@type":"ImageObject","inLanguage":"sv-SE","@id":"https:\/\/slowfoodnordic.com\/#\/schema\/logo\/image\/","url":"https:\/\/slowfoodnordic.com\/wp-content\/uploads\/2025\/06\/EN_SF_convivium-in-the-Nordic-Countries.jpg","contentUrl":"https:\/\/slowfoodnordic.com\/wp-content\/uploads\/2025\/06\/EN_SF_convivium-in-the-Nordic-Countries.jpg","width":1375,"height":543,"caption":"Slow Food in the Nordic Countries"},"image":{"@id":"https:\/\/slowfoodnordic.com\/#\/schema\/logo\/image\/"}}]}},"_links":{"self":[{"href":"https:\/\/slowfoodnordic.com\/sv\/wp-json\/wp\/v2\/pages\/4883","targetHints":{"allow":["GET"]}}],"collection":[{"href":"https:\/\/slowfoodnordic.com\/sv\/wp-json\/wp\/v2\/pages"}],"about":[{"href":"https:\/\/slowfoodnordic.com\/sv\/wp-json\/wp\/v2\/types\/page"}],"author":[{"embeddable":true,"href":"https:\/\/slowfoodnordic.com\/sv\/wp-json\/wp\/v2\/users\/1"}],"replies":[{"embeddable":true,"href":"https:\/\/slowfoodnordic.com\/sv\/wp-json\/wp\/v2\/comments?post=4883"}],"version-history":[{"count":1,"href":"https:\/\/slowfoodnordic.com\/sv\/wp-json\/wp\/v2\/pages\/4883\/revisions"}],"predecessor-version":[{"id":4884,"href":"https:\/\/slowfoodnordic.com\/sv\/wp-json\/wp\/v2\/pages\/4883\/revisions\/4884"}],"wp:attachment":[{"href":"https:\/\/slowfoodnordic.com\/sv\/wp-json\/wp\/v2\/media?parent=4883"}],"curies":[{"name":"wp","href":"https:\/\/api.w.org\/{rel}","templated":true}]}}