{"id":6194,"date":"2022-08-22T16:50:49","date_gmt":"2022-08-22T16:50:49","guid":{"rendered":"https:\/\/slowfoodnordic.com\/?page_id=6194"},"modified":"2022-08-22T16:52:52","modified_gmt":"2022-08-22T16:52:52","slug":"slow-food-heroes-slow-food-sankarit","status":"publish","type":"page","link":"https:\/\/slowfoodnordic.com\/fi\/slow-food-heroes-slow-food-sankarit\/","title":{"rendered":"Slow Food Heroes &#8211; Slow Food Sankarit"},"content":{"rendered":"<p><img fetchpriority=\"high\" decoding=\"async\" class=\"alignright size-full wp-image-4317\" src=\"https:\/\/slowfoodnordic.com\/wp-content\/uploads\/2021\/10\/cornel-popa.jpg\" alt=\"\" width=\"297\" height=\"385\" srcset=\"https:\/\/slowfoodnordic.com\/wp-content\/uploads\/2021\/10\/cornel-popa.jpg 297w, https:\/\/slowfoodnordic.com\/wp-content\/uploads\/2021\/10\/cornel-popa-231x300.jpg 231w\" sizes=\"(max-width: 297px) 100vw, 297px\" \/><\/p>\n<p>Slow Food Sankarit pyrkii kannustamaan ja tuomaan esille ruokamaailman positiivisia aloitteita, jotka ovat reagoineet koronapandemian aikaiseen h\u00e4t\u00e4tilanteeseen ideoilla, jotka voivat inspiroida muita.<\/p>\n<p><u><a href=\"https:\/\/www.slowfood.com\/what-we-do\/funded-projects-slow-food\/slow-food-heroes\/\">https:\/\/www.slowfood.com\/what-we-do\/funded-projects-slow-food\/slow-food-heroes\/<\/a><\/u><\/p>\n<p><strong>Pohjoismainen Slow Food Sankari<\/strong>: Cornell Popa, Islannissa asuva nuori italialainen kokki ja maan Slow Food Youth -verkoston vet\u00e4j\u00e4, on opettanut koronapandemian aikana ruoanlaittoa kodittomien turvakodissa. Kuuntele h\u00e4nt\u00e4:<\/p>\n<p><u><a href=\"https:\/\/www.slowfood.com\/slow-food-hero-cooking-classes-and-disco-soups-for-the-less-fortunate-in-iceland\/\">https:\/\/www.slowfood.com\/slow-food-hero-cooking-classes-and-disco-soups-for-the-less-fortunate-in-ic<\/a><\/u><\/p>\n<p><u><a href=\"https:\/\/www.slowfood.com\/slow-food-hero-cooking-classes-and-disco-soups-for-the-less-fortunate-in-iceland\/\">eland\/<\/a><\/u><\/p>\n<p>&nbsp;<\/p>\n<p>&nbsp;<\/p>\n","protected":false},"excerpt":{"rendered":"<p>Slow Food Sankarit pyrkii kannustamaan ja tuomaan esille ruokamaailman positiivisia aloitteita, jotka ovat reagoineet koronapandemian aikaiseen h\u00e4t\u00e4tilanteeseen ideoilla, jotka voivat inspiroida muita. https:\/\/www.slowfood.com\/what-we-do\/funded-projects-slow-food\/slow-food-heroes\/ Pohjoismainen Slow Food Sankari: Cornell Popa, Islannissa asuva nuori italialainen kokki ja maan Slow Food Youth -verkoston vet\u00e4j\u00e4, on opettanut koronapandemian aikana ruoanlaittoa kodittomien turvakodissa. Kuuntele h\u00e4nt\u00e4: https:\/\/www.slowfood.com\/slow-food-hero-cooking-classes-and-disco-soups-for-the-less-fortunate-in-ic eland\/ &nbsp; &nbsp;<\/p>\n","protected":false},"author":5,"featured_media":0,"parent":0,"menu_order":7,"comment_status":"closed","ping_status":"closed","template":"","meta":{"footnotes":""},"class_list":["post-6194","page","type-page","status-publish","hentry"],"yoast_head":"<!-- This site is optimized with the Yoast SEO plugin v25.2 - https:\/\/yoast.com\/wordpress\/plugins\/seo\/ -->\n<title>Slow Food Heroes - Slow Food Sankarit - Slow Food in the Nordic Countries<\/title>\n<meta name=\"robots\" content=\"index, follow, max-snippet:-1, max-image-preview:large, max-video-preview:-1\" \/>\n<link rel=\"canonical\" href=\"https:\/\/slowfoodnordic.com\/fi\/slow-food-heroes-slow-food-sankarit\/\" \/>\n<meta property=\"og:locale\" content=\"fi_FI\" \/>\n<meta property=\"og:type\" content=\"article\" \/>\n<meta property=\"og:title\" content=\"Slow Food Heroes - Slow Food Sankarit - Slow Food in the Nordic Countries\" \/>\n<meta property=\"og:description\" content=\"Slow Food Sankarit pyrkii kannustamaan ja tuomaan esille ruokamaailman positiivisia aloitteita, jotka ovat reagoineet koronapandemian aikaiseen h\u00e4t\u00e4tilanteeseen ideoilla, jotka voivat inspiroida muita. https:\/\/www.slowfood.com\/what-we-do\/funded-projects-slow-food\/slow-food-heroes\/ Pohjoismainen Slow Food Sankari: Cornell Popa, Islannissa asuva nuori italialainen kokki ja maan Slow Food Youth -verkoston vet\u00e4j\u00e4, on opettanut koronapandemian aikana ruoanlaittoa kodittomien turvakodissa. Kuuntele h\u00e4nt\u00e4: https:\/\/www.slowfood.com\/slow-food-hero-cooking-classes-and-disco-soups-for-the-less-fortunate-in-ic eland\/ &nbsp; &nbsp;\" \/>\n<meta property=\"og:url\" content=\"https:\/\/slowfoodnordic.com\/fi\/slow-food-heroes-slow-food-sankarit\/\" \/>\n<meta property=\"og:site_name\" content=\"Slow Food in the Nordic Countries\" \/>\n<meta property=\"article:modified_time\" content=\"2022-08-22T16:52:52+00:00\" \/>\n<meta property=\"og:image\" content=\"https:\/\/slowfoodnordic.com\/wp-content\/uploads\/2021\/10\/cornel-popa.jpg\" \/>\n<meta name=\"twitter:card\" content=\"summary_large_image\" \/>\n<meta name=\"twitter:label1\" content=\"Arvioitu lukuaika\" \/>\n\t<meta name=\"twitter:data1\" content=\"1 minuutti\" \/>\n<script type=\"application\/ld+json\" class=\"yoast-schema-graph\">{\"@context\":\"https:\/\/schema.org\",\"@graph\":[{\"@type\":\"WebPage\",\"@id\":\"https:\/\/slowfoodnordic.com\/fi\/slow-food-heroes-slow-food-sankarit\/\",\"url\":\"https:\/\/slowfoodnordic.com\/fi\/slow-food-heroes-slow-food-sankarit\/\",\"name\":\"Slow Food Heroes - Slow Food Sankarit - Slow Food in the Nordic Countries\",\"isPartOf\":{\"@id\":\"https:\/\/slowfoodnordic.com\/#website\"},\"primaryImageOfPage\":{\"@id\":\"https:\/\/slowfoodnordic.com\/fi\/slow-food-heroes-slow-food-sankarit\/#primaryimage\"},\"image\":{\"@id\":\"https:\/\/slowfoodnordic.com\/fi\/slow-food-heroes-slow-food-sankarit\/#primaryimage\"},\"thumbnailUrl\":\"https:\/\/slowfoodnordic.com\/wp-content\/uploads\/2021\/10\/cornel-popa.jpg\",\"datePublished\":\"2022-08-22T16:50:49+00:00\",\"dateModified\":\"2022-08-22T16:52:52+00:00\",\"breadcrumb\":{\"@id\":\"https:\/\/slowfoodnordic.com\/fi\/slow-food-heroes-slow-food-sankarit\/#breadcrumb\"},\"inLanguage\":\"fi\",\"potentialAction\":[{\"@type\":\"ReadAction\",\"target\":[\"https:\/\/slowfoodnordic.com\/fi\/slow-food-heroes-slow-food-sankarit\/\"]}]},{\"@type\":\"ImageObject\",\"inLanguage\":\"fi\",\"@id\":\"https:\/\/slowfoodnordic.com\/fi\/slow-food-heroes-slow-food-sankarit\/#primaryimage\",\"url\":\"https:\/\/slowfoodnordic.com\/wp-content\/uploads\/2021\/10\/cornel-popa.jpg\",\"contentUrl\":\"https:\/\/slowfoodnordic.com\/wp-content\/uploads\/2021\/10\/cornel-popa.jpg\"},{\"@type\":\"BreadcrumbList\",\"@id\":\"https:\/\/slowfoodnordic.com\/fi\/slow-food-heroes-slow-food-sankarit\/#breadcrumb\",\"itemListElement\":[{\"@type\":\"ListItem\",\"position\":1,\"name\":\"Home\",\"item\":\"https:\/\/slowfoodnordic.com\/fi\/\"},{\"@type\":\"ListItem\",\"position\":2,\"name\":\"Slow Food Heroes &#8211; Slow Food Sankarit\"}]},{\"@type\":\"WebSite\",\"@id\":\"https:\/\/slowfoodnordic.com\/#website\",\"url\":\"https:\/\/slowfoodnordic.com\/\",\"name\":\"Slow Food in the Nordic Countries\",\"description\":\"\",\"publisher\":{\"@id\":\"https:\/\/slowfoodnordic.com\/#organization\"},\"potentialAction\":[{\"@type\":\"SearchAction\",\"target\":{\"@type\":\"EntryPoint\",\"urlTemplate\":\"https:\/\/slowfoodnordic.com\/?s={search_term_string}\"},\"query-input\":{\"@type\":\"PropertyValueSpecification\",\"valueRequired\":true,\"valueName\":\"search_term_string\"}}],\"inLanguage\":\"fi\"},{\"@type\":\"Organization\",\"@id\":\"https:\/\/slowfoodnordic.com\/#organization\",\"name\":\"Slow Food in the Nordic Countries\",\"url\":\"https:\/\/slowfoodnordic.com\/\",\"logo\":{\"@type\":\"ImageObject\",\"inLanguage\":\"fi\",\"@id\":\"https:\/\/slowfoodnordic.com\/#\/schema\/logo\/image\/\",\"url\":\"https:\/\/slowfoodnordic.com\/wp-content\/uploads\/2025\/06\/EN_SF_convivium-in-the-Nordic-Countries.jpg\",\"contentUrl\":\"https:\/\/slowfoodnordic.com\/wp-content\/uploads\/2025\/06\/EN_SF_convivium-in-the-Nordic-Countries.jpg\",\"width\":1375,\"height\":543,\"caption\":\"Slow Food in the Nordic Countries\"},\"image\":{\"@id\":\"https:\/\/slowfoodnordic.com\/#\/schema\/logo\/image\/\"}}]}<\/script>\n<!-- \/ Yoast SEO plugin. -->","yoast_head_json":{"title":"Slow Food Heroes - Slow Food Sankarit - Slow Food in the Nordic Countries","robots":{"index":"index","follow":"follow","max-snippet":"max-snippet:-1","max-image-preview":"max-image-preview:large","max-video-preview":"max-video-preview:-1"},"canonical":"https:\/\/slowfoodnordic.com\/fi\/slow-food-heroes-slow-food-sankarit\/","og_locale":"fi_FI","og_type":"article","og_title":"Slow Food Heroes - Slow Food Sankarit - Slow Food in the Nordic Countries","og_description":"Slow Food Sankarit pyrkii kannustamaan ja tuomaan esille ruokamaailman positiivisia aloitteita, jotka ovat reagoineet koronapandemian aikaiseen h\u00e4t\u00e4tilanteeseen ideoilla, jotka voivat inspiroida muita. https:\/\/www.slowfood.com\/what-we-do\/funded-projects-slow-food\/slow-food-heroes\/ Pohjoismainen Slow Food Sankari: Cornell Popa, Islannissa asuva nuori italialainen kokki ja maan Slow Food Youth -verkoston vet\u00e4j\u00e4, on opettanut koronapandemian aikana ruoanlaittoa kodittomien turvakodissa. Kuuntele h\u00e4nt\u00e4: https:\/\/www.slowfood.com\/slow-food-hero-cooking-classes-and-disco-soups-for-the-less-fortunate-in-ic eland\/ &nbsp; &nbsp;","og_url":"https:\/\/slowfoodnordic.com\/fi\/slow-food-heroes-slow-food-sankarit\/","og_site_name":"Slow Food in the Nordic Countries","article_modified_time":"2022-08-22T16:52:52+00:00","og_image":[{"url":"https:\/\/slowfoodnordic.com\/wp-content\/uploads\/2021\/10\/cornel-popa.jpg","type":"","width":"","height":""}],"twitter_card":"summary_large_image","twitter_misc":{"Arvioitu lukuaika":"1 minuutti"},"schema":{"@context":"https:\/\/schema.org","@graph":[{"@type":"WebPage","@id":"https:\/\/slowfoodnordic.com\/fi\/slow-food-heroes-slow-food-sankarit\/","url":"https:\/\/slowfoodnordic.com\/fi\/slow-food-heroes-slow-food-sankarit\/","name":"Slow Food Heroes - Slow Food Sankarit - Slow Food in the Nordic Countries","isPartOf":{"@id":"https:\/\/slowfoodnordic.com\/#website"},"primaryImageOfPage":{"@id":"https:\/\/slowfoodnordic.com\/fi\/slow-food-heroes-slow-food-sankarit\/#primaryimage"},"image":{"@id":"https:\/\/slowfoodnordic.com\/fi\/slow-food-heroes-slow-food-sankarit\/#primaryimage"},"thumbnailUrl":"https:\/\/slowfoodnordic.com\/wp-content\/uploads\/2021\/10\/cornel-popa.jpg","datePublished":"2022-08-22T16:50:49+00:00","dateModified":"2022-08-22T16:52:52+00:00","breadcrumb":{"@id":"https:\/\/slowfoodnordic.com\/fi\/slow-food-heroes-slow-food-sankarit\/#breadcrumb"},"inLanguage":"fi","potentialAction":[{"@type":"ReadAction","target":["https:\/\/slowfoodnordic.com\/fi\/slow-food-heroes-slow-food-sankarit\/"]}]},{"@type":"ImageObject","inLanguage":"fi","@id":"https:\/\/slowfoodnordic.com\/fi\/slow-food-heroes-slow-food-sankarit\/#primaryimage","url":"https:\/\/slowfoodnordic.com\/wp-content\/uploads\/2021\/10\/cornel-popa.jpg","contentUrl":"https:\/\/slowfoodnordic.com\/wp-content\/uploads\/2021\/10\/cornel-popa.jpg"},{"@type":"BreadcrumbList","@id":"https:\/\/slowfoodnordic.com\/fi\/slow-food-heroes-slow-food-sankarit\/#breadcrumb","itemListElement":[{"@type":"ListItem","position":1,"name":"Home","item":"https:\/\/slowfoodnordic.com\/fi\/"},{"@type":"ListItem","position":2,"name":"Slow Food Heroes &#8211; Slow Food Sankarit"}]},{"@type":"WebSite","@id":"https:\/\/slowfoodnordic.com\/#website","url":"https:\/\/slowfoodnordic.com\/","name":"Slow Food in the Nordic Countries","description":"","publisher":{"@id":"https:\/\/slowfoodnordic.com\/#organization"},"potentialAction":[{"@type":"SearchAction","target":{"@type":"EntryPoint","urlTemplate":"https:\/\/slowfoodnordic.com\/?s={search_term_string}"},"query-input":{"@type":"PropertyValueSpecification","valueRequired":true,"valueName":"search_term_string"}}],"inLanguage":"fi"},{"@type":"Organization","@id":"https:\/\/slowfoodnordic.com\/#organization","name":"Slow Food in the Nordic Countries","url":"https:\/\/slowfoodnordic.com\/","logo":{"@type":"ImageObject","inLanguage":"fi","@id":"https:\/\/slowfoodnordic.com\/#\/schema\/logo\/image\/","url":"https:\/\/slowfoodnordic.com\/wp-content\/uploads\/2025\/06\/EN_SF_convivium-in-the-Nordic-Countries.jpg","contentUrl":"https:\/\/slowfoodnordic.com\/wp-content\/uploads\/2025\/06\/EN_SF_convivium-in-the-Nordic-Countries.jpg","width":1375,"height":543,"caption":"Slow Food in the Nordic Countries"},"image":{"@id":"https:\/\/slowfoodnordic.com\/#\/schema\/logo\/image\/"}}]}},"_links":{"self":[{"href":"https:\/\/slowfoodnordic.com\/fi\/wp-json\/wp\/v2\/pages\/6194","targetHints":{"allow":["GET"]}}],"collection":[{"href":"https:\/\/slowfoodnordic.com\/fi\/wp-json\/wp\/v2\/pages"}],"about":[{"href":"https:\/\/slowfoodnordic.com\/fi\/wp-json\/wp\/v2\/types\/page"}],"author":[{"embeddable":true,"href":"https:\/\/slowfoodnordic.com\/fi\/wp-json\/wp\/v2\/users\/5"}],"replies":[{"embeddable":true,"href":"https:\/\/slowfoodnordic.com\/fi\/wp-json\/wp\/v2\/comments?post=6194"}],"version-history":[{"count":3,"href":"https:\/\/slowfoodnordic.com\/fi\/wp-json\/wp\/v2\/pages\/6194\/revisions"}],"predecessor-version":[{"id":6196,"href":"https:\/\/slowfoodnordic.com\/fi\/wp-json\/wp\/v2\/pages\/6194\/revisions\/6196"}],"wp:attachment":[{"href":"https:\/\/slowfoodnordic.com\/fi\/wp-json\/wp\/v2\/media?parent=6194"}],"curies":[{"name":"wp","href":"https:\/\/api.w.org\/{rel}","templated":true}]}}