{"id":6192,"date":"2022-08-22T16:44:15","date_gmt":"2022-08-22T16:44:15","guid":{"rendered":"https:\/\/slowfoodnordic.com\/?page_id=6192"},"modified":"2022-08-22T16:44:15","modified_gmt":"2022-08-22T16:44:15","slug":"mehilaiset-ja-viljelijat","status":"publish","type":"page","link":"https:\/\/slowfoodnordic.com\/fi\/mehilaiset-ja-viljelijat\/","title":{"rendered":"Mehil\u00e4iset ja viljelij\u00e4t"},"content":{"rendered":"<p><img fetchpriority=\"high\" decoding=\"async\" class=\"aligncenter size-full wp-image-3661\" src=\"https:\/\/slowfoodnordic.com\/wp-content\/uploads\/2021\/10\/SF-Bees.jpg\" alt=\"\" width=\"1341\" height=\"296\" srcset=\"https:\/\/slowfoodnordic.com\/wp-content\/uploads\/2021\/10\/SF-Bees.jpg 1341w, https:\/\/slowfoodnordic.com\/wp-content\/uploads\/2021\/10\/SF-Bees-300x66.jpg 300w, https:\/\/slowfoodnordic.com\/wp-content\/uploads\/2021\/10\/SF-Bees-1024x226.jpg 1024w, https:\/\/slowfoodnordic.com\/wp-content\/uploads\/2021\/10\/SF-Bees-768x170.jpg 768w\" sizes=\"(max-width: 1341px) 100vw, 1341px\" \/><\/p>\n<p>Luonnolliset elinymp\u00e4rist\u00f6t on palautettava ja <strong>maatalous on suunniteltava uudelleen<\/strong>. Agroekologiset k\u00e4yt\u00e4nn\u00f6t suosivat p\u00f6lytt\u00e4jien lis\u00e4ksi my\u00f6s loisten luonnollisia vihollisia, jolloin agroekosysteemi voi pit\u00e4\u00e4 itsens\u00e4 tasapainossa. T\u00e4rke\u00e4\u00e4 on istuttaa viljelykasveja vuorotteleville kaistaleille, sis\u00e4llytt\u00e4\u00e4 pensasaidat ja sekalajikeniityt sek\u00e4 vuorotella viljelykasveja apilalla ja muilla palkokasveilla.<\/p>\n<p>On my\u00f6s v\u00e4ltt\u00e4m\u00e4t\u00f6nt\u00e4 minimoida torjunta-aineiden, erityisesti hy\u00f6nteisten ja sienitautien torjunta-aineiden, k\u00e4ytt\u00f6, jotta hy\u00f6nteispopulaatiot voivat toipua ja jatkaa hy\u00f6dyllist\u00e4 ty\u00f6t\u00e4\u00e4n ekosysteemeiss\u00e4, jotka jaamme niiden kanssa.<\/p>\n<p><strong>Lue lis\u00e4\u00e4:\u00a0\u00a0\u00a0\u00a0\u00a0\u00a0\u00a0\u00a0\u00a0\u00a0\u00a0\u00a0\u00a0\u00a0\u00a0\u00a0\u00a0\u00a0\u00a0\u00a0\u00a0\u00a0\u00a0\u00a0 <\/strong><\/p>\n<p><strong>Linkit<\/strong>: <u><a href=\"https:\/\/www.slowfood.com\/what-we-do\/themes\/bees-slow-food\/\">https:\/\/www.slowfood.com\/what-we-do\/themes\/bees-slow-food\/<\/a><\/u><\/p>\n<p>&nbsp;<\/p>\n","protected":false},"excerpt":{"rendered":"<p>Luonnolliset elinymp\u00e4rist\u00f6t on palautettava ja maatalous on suunniteltava uudelleen. Agroekologiset k\u00e4yt\u00e4nn\u00f6t suosivat p\u00f6lytt\u00e4jien lis\u00e4ksi my\u00f6s loisten luonnollisia vihollisia, jolloin agroekosysteemi voi pit\u00e4\u00e4 itsens\u00e4 tasapainossa. T\u00e4rke\u00e4\u00e4 on istuttaa viljelykasveja vuorotteleville kaistaleille, sis\u00e4llytt\u00e4\u00e4 pensasaidat ja sekalajikeniityt sek\u00e4 vuorotella viljelykasveja apilalla ja muilla palkokasveilla. On my\u00f6s v\u00e4ltt\u00e4m\u00e4t\u00f6nt\u00e4 minimoida torjunta-aineiden, erityisesti hy\u00f6nteisten ja sienitautien torjunta-aineiden, k\u00e4ytt\u00f6, jotta hy\u00f6nteispopulaatiot voivat [&hellip;]<\/p>\n","protected":false},"author":5,"featured_media":0,"parent":0,"menu_order":6,"comment_status":"closed","ping_status":"closed","template":"","meta":{"footnotes":""},"class_list":["post-6192","page","type-page","status-publish","hentry"],"yoast_head":"<!-- This site is optimized with the Yoast SEO plugin v25.2 - https:\/\/yoast.com\/wordpress\/plugins\/seo\/ -->\n<title>Mehil\u00e4iset ja viljelij\u00e4t - Slow Food in the Nordic Countries<\/title>\n<meta name=\"robots\" content=\"index, follow, max-snippet:-1, max-image-preview:large, max-video-preview:-1\" \/>\n<link rel=\"canonical\" href=\"https:\/\/slowfoodnordic.com\/fi\/mehilaiset-ja-viljelijat\/\" \/>\n<meta property=\"og:locale\" content=\"fi_FI\" \/>\n<meta property=\"og:type\" content=\"article\" \/>\n<meta property=\"og:title\" content=\"Mehil\u00e4iset ja viljelij\u00e4t - Slow Food in the Nordic Countries\" \/>\n<meta property=\"og:description\" content=\"Luonnolliset elinymp\u00e4rist\u00f6t on palautettava ja maatalous on suunniteltava uudelleen. Agroekologiset k\u00e4yt\u00e4nn\u00f6t suosivat p\u00f6lytt\u00e4jien lis\u00e4ksi my\u00f6s loisten luonnollisia vihollisia, jolloin agroekosysteemi voi pit\u00e4\u00e4 itsens\u00e4 tasapainossa. T\u00e4rke\u00e4\u00e4 on istuttaa viljelykasveja vuorotteleville kaistaleille, sis\u00e4llytt\u00e4\u00e4 pensasaidat ja sekalajikeniityt sek\u00e4 vuorotella viljelykasveja apilalla ja muilla palkokasveilla. On my\u00f6s v\u00e4ltt\u00e4m\u00e4t\u00f6nt\u00e4 minimoida torjunta-aineiden, erityisesti hy\u00f6nteisten ja sienitautien torjunta-aineiden, k\u00e4ytt\u00f6, jotta hy\u00f6nteispopulaatiot voivat [&hellip;]\" \/>\n<meta property=\"og:url\" content=\"https:\/\/slowfoodnordic.com\/fi\/mehilaiset-ja-viljelijat\/\" \/>\n<meta property=\"og:site_name\" content=\"Slow Food in the Nordic Countries\" \/>\n<meta property=\"og:image\" content=\"https:\/\/slowfoodnordic.com\/wp-content\/uploads\/2021\/10\/SF-Bees.jpg\" \/>\n<meta name=\"twitter:card\" content=\"summary_large_image\" \/>\n<meta name=\"twitter:label1\" content=\"Arvioitu lukuaika\" \/>\n\t<meta name=\"twitter:data1\" content=\"1 minuutti\" \/>\n<script type=\"application\/ld+json\" class=\"yoast-schema-graph\">{\"@context\":\"https:\/\/schema.org\",\"@graph\":[{\"@type\":\"WebPage\",\"@id\":\"https:\/\/slowfoodnordic.com\/fi\/mehilaiset-ja-viljelijat\/\",\"url\":\"https:\/\/slowfoodnordic.com\/fi\/mehilaiset-ja-viljelijat\/\",\"name\":\"Mehil\u00e4iset ja viljelij\u00e4t - Slow Food in the Nordic Countries\",\"isPartOf\":{\"@id\":\"https:\/\/slowfoodnordic.com\/#website\"},\"primaryImageOfPage\":{\"@id\":\"https:\/\/slowfoodnordic.com\/fi\/mehilaiset-ja-viljelijat\/#primaryimage\"},\"image\":{\"@id\":\"https:\/\/slowfoodnordic.com\/fi\/mehilaiset-ja-viljelijat\/#primaryimage\"},\"thumbnailUrl\":\"https:\/\/slowfoodnordic.com\/wp-content\/uploads\/2021\/10\/SF-Bees.jpg\",\"datePublished\":\"2022-08-22T16:44:15+00:00\",\"breadcrumb\":{\"@id\":\"https:\/\/slowfoodnordic.com\/fi\/mehilaiset-ja-viljelijat\/#breadcrumb\"},\"inLanguage\":\"fi\",\"potentialAction\":[{\"@type\":\"ReadAction\",\"target\":[\"https:\/\/slowfoodnordic.com\/fi\/mehilaiset-ja-viljelijat\/\"]}]},{\"@type\":\"ImageObject\",\"inLanguage\":\"fi\",\"@id\":\"https:\/\/slowfoodnordic.com\/fi\/mehilaiset-ja-viljelijat\/#primaryimage\",\"url\":\"https:\/\/slowfoodnordic.com\/wp-content\/uploads\/2021\/10\/SF-Bees.jpg\",\"contentUrl\":\"https:\/\/slowfoodnordic.com\/wp-content\/uploads\/2021\/10\/SF-Bees.jpg\"},{\"@type\":\"BreadcrumbList\",\"@id\":\"https:\/\/slowfoodnordic.com\/fi\/mehilaiset-ja-viljelijat\/#breadcrumb\",\"itemListElement\":[{\"@type\":\"ListItem\",\"position\":1,\"name\":\"Home\",\"item\":\"https:\/\/slowfoodnordic.com\/fi\/\"},{\"@type\":\"ListItem\",\"position\":2,\"name\":\"Mehil\u00e4iset ja viljelij\u00e4t\"}]},{\"@type\":\"WebSite\",\"@id\":\"https:\/\/slowfoodnordic.com\/#website\",\"url\":\"https:\/\/slowfoodnordic.com\/\",\"name\":\"Slow Food in the Nordic Countries\",\"description\":\"\",\"publisher\":{\"@id\":\"https:\/\/slowfoodnordic.com\/#organization\"},\"potentialAction\":[{\"@type\":\"SearchAction\",\"target\":{\"@type\":\"EntryPoint\",\"urlTemplate\":\"https:\/\/slowfoodnordic.com\/?s={search_term_string}\"},\"query-input\":{\"@type\":\"PropertyValueSpecification\",\"valueRequired\":true,\"valueName\":\"search_term_string\"}}],\"inLanguage\":\"fi\"},{\"@type\":\"Organization\",\"@id\":\"https:\/\/slowfoodnordic.com\/#organization\",\"name\":\"Slow Food in the Nordic Countries\",\"url\":\"https:\/\/slowfoodnordic.com\/\",\"logo\":{\"@type\":\"ImageObject\",\"inLanguage\":\"fi\",\"@id\":\"https:\/\/slowfoodnordic.com\/#\/schema\/logo\/image\/\",\"url\":\"https:\/\/slowfoodnordic.com\/wp-content\/uploads\/2025\/06\/EN_SF_convivium-in-the-Nordic-Countries.jpg\",\"contentUrl\":\"https:\/\/slowfoodnordic.com\/wp-content\/uploads\/2025\/06\/EN_SF_convivium-in-the-Nordic-Countries.jpg\",\"width\":1375,\"height\":543,\"caption\":\"Slow Food in the Nordic Countries\"},\"image\":{\"@id\":\"https:\/\/slowfoodnordic.com\/#\/schema\/logo\/image\/\"}}]}<\/script>\n<!-- \/ Yoast SEO plugin. -->","yoast_head_json":{"title":"Mehil\u00e4iset ja viljelij\u00e4t - Slow Food in the Nordic Countries","robots":{"index":"index","follow":"follow","max-snippet":"max-snippet:-1","max-image-preview":"max-image-preview:large","max-video-preview":"max-video-preview:-1"},"canonical":"https:\/\/slowfoodnordic.com\/fi\/mehilaiset-ja-viljelijat\/","og_locale":"fi_FI","og_type":"article","og_title":"Mehil\u00e4iset ja viljelij\u00e4t - Slow Food in the Nordic Countries","og_description":"Luonnolliset elinymp\u00e4rist\u00f6t on palautettava ja maatalous on suunniteltava uudelleen. Agroekologiset k\u00e4yt\u00e4nn\u00f6t suosivat p\u00f6lytt\u00e4jien lis\u00e4ksi my\u00f6s loisten luonnollisia vihollisia, jolloin agroekosysteemi voi pit\u00e4\u00e4 itsens\u00e4 tasapainossa. T\u00e4rke\u00e4\u00e4 on istuttaa viljelykasveja vuorotteleville kaistaleille, sis\u00e4llytt\u00e4\u00e4 pensasaidat ja sekalajikeniityt sek\u00e4 vuorotella viljelykasveja apilalla ja muilla palkokasveilla. On my\u00f6s v\u00e4ltt\u00e4m\u00e4t\u00f6nt\u00e4 minimoida torjunta-aineiden, erityisesti hy\u00f6nteisten ja sienitautien torjunta-aineiden, k\u00e4ytt\u00f6, jotta hy\u00f6nteispopulaatiot voivat [&hellip;]","og_url":"https:\/\/slowfoodnordic.com\/fi\/mehilaiset-ja-viljelijat\/","og_site_name":"Slow Food in the Nordic Countries","og_image":[{"url":"https:\/\/slowfoodnordic.com\/wp-content\/uploads\/2021\/10\/SF-Bees.jpg","type":"","width":"","height":""}],"twitter_card":"summary_large_image","twitter_misc":{"Arvioitu lukuaika":"1 minuutti"},"schema":{"@context":"https:\/\/schema.org","@graph":[{"@type":"WebPage","@id":"https:\/\/slowfoodnordic.com\/fi\/mehilaiset-ja-viljelijat\/","url":"https:\/\/slowfoodnordic.com\/fi\/mehilaiset-ja-viljelijat\/","name":"Mehil\u00e4iset ja viljelij\u00e4t - Slow Food in the Nordic Countries","isPartOf":{"@id":"https:\/\/slowfoodnordic.com\/#website"},"primaryImageOfPage":{"@id":"https:\/\/slowfoodnordic.com\/fi\/mehilaiset-ja-viljelijat\/#primaryimage"},"image":{"@id":"https:\/\/slowfoodnordic.com\/fi\/mehilaiset-ja-viljelijat\/#primaryimage"},"thumbnailUrl":"https:\/\/slowfoodnordic.com\/wp-content\/uploads\/2021\/10\/SF-Bees.jpg","datePublished":"2022-08-22T16:44:15+00:00","breadcrumb":{"@id":"https:\/\/slowfoodnordic.com\/fi\/mehilaiset-ja-viljelijat\/#breadcrumb"},"inLanguage":"fi","potentialAction":[{"@type":"ReadAction","target":["https:\/\/slowfoodnordic.com\/fi\/mehilaiset-ja-viljelijat\/"]}]},{"@type":"ImageObject","inLanguage":"fi","@id":"https:\/\/slowfoodnordic.com\/fi\/mehilaiset-ja-viljelijat\/#primaryimage","url":"https:\/\/slowfoodnordic.com\/wp-content\/uploads\/2021\/10\/SF-Bees.jpg","contentUrl":"https:\/\/slowfoodnordic.com\/wp-content\/uploads\/2021\/10\/SF-Bees.jpg"},{"@type":"BreadcrumbList","@id":"https:\/\/slowfoodnordic.com\/fi\/mehilaiset-ja-viljelijat\/#breadcrumb","itemListElement":[{"@type":"ListItem","position":1,"name":"Home","item":"https:\/\/slowfoodnordic.com\/fi\/"},{"@type":"ListItem","position":2,"name":"Mehil\u00e4iset ja viljelij\u00e4t"}]},{"@type":"WebSite","@id":"https:\/\/slowfoodnordic.com\/#website","url":"https:\/\/slowfoodnordic.com\/","name":"Slow Food in the Nordic Countries","description":"","publisher":{"@id":"https:\/\/slowfoodnordic.com\/#organization"},"potentialAction":[{"@type":"SearchAction","target":{"@type":"EntryPoint","urlTemplate":"https:\/\/slowfoodnordic.com\/?s={search_term_string}"},"query-input":{"@type":"PropertyValueSpecification","valueRequired":true,"valueName":"search_term_string"}}],"inLanguage":"fi"},{"@type":"Organization","@id":"https:\/\/slowfoodnordic.com\/#organization","name":"Slow Food in the Nordic Countries","url":"https:\/\/slowfoodnordic.com\/","logo":{"@type":"ImageObject","inLanguage":"fi","@id":"https:\/\/slowfoodnordic.com\/#\/schema\/logo\/image\/","url":"https:\/\/slowfoodnordic.com\/wp-content\/uploads\/2025\/06\/EN_SF_convivium-in-the-Nordic-Countries.jpg","contentUrl":"https:\/\/slowfoodnordic.com\/wp-content\/uploads\/2025\/06\/EN_SF_convivium-in-the-Nordic-Countries.jpg","width":1375,"height":543,"caption":"Slow Food in the Nordic Countries"},"image":{"@id":"https:\/\/slowfoodnordic.com\/#\/schema\/logo\/image\/"}}]}},"_links":{"self":[{"href":"https:\/\/slowfoodnordic.com\/fi\/wp-json\/wp\/v2\/pages\/6192","targetHints":{"allow":["GET"]}}],"collection":[{"href":"https:\/\/slowfoodnordic.com\/fi\/wp-json\/wp\/v2\/pages"}],"about":[{"href":"https:\/\/slowfoodnordic.com\/fi\/wp-json\/wp\/v2\/types\/page"}],"author":[{"embeddable":true,"href":"https:\/\/slowfoodnordic.com\/fi\/wp-json\/wp\/v2\/users\/5"}],"replies":[{"embeddable":true,"href":"https:\/\/slowfoodnordic.com\/fi\/wp-json\/wp\/v2\/comments?post=6192"}],"version-history":[{"count":1,"href":"https:\/\/slowfoodnordic.com\/fi\/wp-json\/wp\/v2\/pages\/6192\/revisions"}],"predecessor-version":[{"id":6193,"href":"https:\/\/slowfoodnordic.com\/fi\/wp-json\/wp\/v2\/pages\/6192\/revisions\/6193"}],"wp:attachment":[{"href":"https:\/\/slowfoodnordic.com\/fi\/wp-json\/wp\/v2\/media?parent=6192"}],"curies":[{"name":"wp","href":"https:\/\/api.w.org\/{rel}","templated":true}]}}