{"id":6189,"date":"2022-08-22T16:39:14","date_gmt":"2022-08-22T16:39:14","guid":{"rendered":"https:\/\/slowfoodnordic.com\/?page_id=6189"},"modified":"2022-08-22T16:39:14","modified_gmt":"2022-08-22T16:39:14","slug":"alkuperaiskansojen-terra-madre","status":"publish","type":"page","link":"https:\/\/slowfoodnordic.com\/fi\/alkuperaiskansojen-terra-madre\/","title":{"rendered":"Alkuper\u00e4iskansojen  Terra Madre"},"content":{"rendered":"<p><img fetchpriority=\"high\" decoding=\"async\" class=\"alignright wp-image-3658 size-medium\" src=\"https:\/\/slowfoodnordic.com\/wp-content\/uploads\/2021\/10\/Indigenous-Terra-Madre-1-300x296.jpg\" alt=\"\" width=\"300\" height=\"296\" srcset=\"https:\/\/slowfoodnordic.com\/wp-content\/uploads\/2021\/10\/Indigenous-Terra-Madre-1-300x296.jpg 300w, https:\/\/slowfoodnordic.com\/wp-content\/uploads\/2021\/10\/Indigenous-Terra-Madre-1.jpg 616w\" sizes=\"(max-width: 300px) 100vw, 300px\" \/><\/p>\n<p>\u201dAlkuper\u00e4iskansat ovat niit\u00e4, jotka tuottavat ruokaa samalla tavalla kuin heid\u00e4n isoisoisovanhempansa. He tiet\u00e4v\u00e4t kuinka el\u00e4\u00e4 maastaan, huolehtien maaper\u00e4st\u00e4, vedest\u00e4 ja ilmasta. T\u00e4m\u00e4 on ruoan tulevaisuus, koska 50 vuoden sis\u00e4ll\u00e4 emme en\u00e4\u00e4 pysty sy\u00f6m\u00e4\u00e4n teollisen maatalouden saastunutta ruokaa ja pystymme ruokkimaan itsemme vain, jos pid\u00e4mme huolta \u00c4iti Maasta.&#8221;<\/p>\n<p><em>Winona LaDuke, Anishinaabekwe (Ojibwe), USA<\/em><\/p>\n<p>On selv\u00e4\u00e4, ett\u00e4 alkuper\u00e4isyhteis\u00f6jen ja niiden perinteisten ruokaj\u00e4rjestelmien tukeminen tarkoittaa maailman biologisen monimuotoisuuden s\u00e4ilytt\u00e4mist\u00e4. Alkuper\u00e4iskansojen Terra Madre (ITM) -verkosto syntyi tuomaan alkuper\u00e4iskansojen \u00e4\u00e4net ruoasta ja kulttuurista k\u00e4yt\u00e4v\u00e4n keskustelun etusijalle ja vakiinnuttamaan alkuper\u00e4iskansojen osallistumisen Slow Food -liikkeeseen osana laajempaa Terra Madre -verkostoa.<\/p>\n<p>Nyky\u00e4\u00e4n alkuper\u00e4iskansat taistelevat maan ja veden ry\u00f6st\u00f6\u00e4, kulttuurista eroosiota, sosiaalista syrjint\u00e4\u00e4 ja taloudellista syrj\u00e4ytymist\u00e4 vastaan. ITM-yhteis\u00f6jen ja Slow Foodin v\u00e4linen kumppanuus kohtaa n\u00e4m\u00e4 ongelmat edist\u00e4m\u00e4ll\u00e4 alkuper\u00e4iskansojen ruokaj\u00e4rjestelmi\u00e4, jotka ovat hyvi\u00e4, puhtaita ja oikeudenmukaisia.<\/p>\n<p><strong>Lue lis\u00e4\u00e4:<\/strong><\/p>\n<p><u><a href=\"https:\/\/www.slowfood.com\/our-network\/indigenous\/\">https:\/\/www.slowfood.com\/our-network\/indigenous\/<\/a><\/u><\/p>\n<p><strong>Slow Food S\u00e1pmi<\/strong>:<\/p>\n<p>Road Map 2021: <u><a href=\"https:\/\/www.slowfood.com\/wp-content\/uploads\/2019\/07\/ING_Sa%CC%81pmi-1-2.pdf\">https:\/\/www.slowfood.com\/wp-content\/uploads\/2019\/07\/ING_Sa%CC%81pmi-1-2.pdf<\/a><\/u><\/p>\n<p>Alkuper\u00e4iskansojen Terra Madre 2011 \u2013 Jokkmokk, Ruotsi<\/p>\n<p>Alkuper\u00e4iskansojen Terra Madre Jokkmokkissa (Ruotsi) oli Slow Foodin ensimm\u00e4inen globaali tapahtuma, joka oli omistettu kokonaan alkuper\u00e4iskansoille. Tapahtuma kokosi yhteen 200 alkuper\u00e4iskansojen yhteis\u00f6jen edustajaa eri puolilta maailmaa. Nuo yhteis\u00f6t ovat osoittaneet, kuinka alkuper\u00e4iskansojen tieto \u2013 ikiaikainen mutta nykyaikainen \u2013 on kest\u00e4v\u00e4n ekosysteemin hallinnan perusta. Keskustelun tulokset koottiin ja sovittiin Jokkmokk-sopimuksessa.<\/p>\n<p><u><a href=\"https:\/\/www.slowfoodsapmi.com\/\">https:\/\/www.slowfoodsapmi.com\/<\/a><\/u><\/p>\n<p><u><a href=\"https:\/\/www.facebook.com\/SlowFoodSapmi\">https:\/\/www.facebook.com\/SlowFoodSapmi<\/a><\/u><\/p>\n<p>&nbsp;<\/p>\n","protected":false},"excerpt":{"rendered":"<p>\u201dAlkuper\u00e4iskansat ovat niit\u00e4, jotka tuottavat ruokaa samalla tavalla kuin heid\u00e4n isoisoisovanhempansa. He tiet\u00e4v\u00e4t kuinka el\u00e4\u00e4 maastaan, huolehtien maaper\u00e4st\u00e4, vedest\u00e4 ja ilmasta. T\u00e4m\u00e4 on ruoan tulevaisuus, koska 50 vuoden sis\u00e4ll\u00e4 emme en\u00e4\u00e4 pysty sy\u00f6m\u00e4\u00e4n teollisen maatalouden saastunutta ruokaa ja pystymme ruokkimaan itsemme vain, jos pid\u00e4mme huolta \u00c4iti Maasta.&#8221; Winona LaDuke, Anishinaabekwe (Ojibwe), USA On selv\u00e4\u00e4, ett\u00e4 [&hellip;]<\/p>\n","protected":false},"author":5,"featured_media":0,"parent":0,"menu_order":5,"comment_status":"closed","ping_status":"closed","template":"","meta":{"footnotes":""},"class_list":["post-6189","page","type-page","status-publish","hentry"],"yoast_head":"<!-- This site is optimized with the Yoast SEO plugin v25.2 - https:\/\/yoast.com\/wordpress\/plugins\/seo\/ -->\n<title>Alkuper\u00e4iskansojen Terra Madre - Slow Food in the Nordic Countries<\/title>\n<meta name=\"robots\" content=\"index, follow, max-snippet:-1, max-image-preview:large, max-video-preview:-1\" \/>\n<link rel=\"canonical\" href=\"https:\/\/slowfoodnordic.com\/fi\/alkuperaiskansojen-terra-madre\/\" \/>\n<meta property=\"og:locale\" content=\"fi_FI\" \/>\n<meta property=\"og:type\" content=\"article\" \/>\n<meta property=\"og:title\" content=\"Alkuper\u00e4iskansojen Terra Madre - Slow Food in the Nordic Countries\" \/>\n<meta property=\"og:description\" content=\"\u201dAlkuper\u00e4iskansat ovat niit\u00e4, jotka tuottavat ruokaa samalla tavalla kuin heid\u00e4n isoisoisovanhempansa. He tiet\u00e4v\u00e4t kuinka el\u00e4\u00e4 maastaan, huolehtien maaper\u00e4st\u00e4, vedest\u00e4 ja ilmasta. T\u00e4m\u00e4 on ruoan tulevaisuus, koska 50 vuoden sis\u00e4ll\u00e4 emme en\u00e4\u00e4 pysty sy\u00f6m\u00e4\u00e4n teollisen maatalouden saastunutta ruokaa ja pystymme ruokkimaan itsemme vain, jos pid\u00e4mme huolta \u00c4iti Maasta.&#8221; Winona LaDuke, Anishinaabekwe (Ojibwe), USA On selv\u00e4\u00e4, ett\u00e4 [&hellip;]\" \/>\n<meta property=\"og:url\" content=\"https:\/\/slowfoodnordic.com\/fi\/alkuperaiskansojen-terra-madre\/\" \/>\n<meta property=\"og:site_name\" content=\"Slow Food in the Nordic Countries\" \/>\n<meta property=\"og:image\" content=\"https:\/\/slowfoodnordic.com\/wp-content\/uploads\/2021\/10\/Indigenous-Terra-Madre-1-300x296.jpg\" \/>\n<meta name=\"twitter:card\" content=\"summary_large_image\" \/>\n<meta name=\"twitter:label1\" content=\"Arvioitu lukuaika\" \/>\n\t<meta name=\"twitter:data1\" content=\"2 minuuttia\" \/>\n<script type=\"application\/ld+json\" class=\"yoast-schema-graph\">{\"@context\":\"https:\/\/schema.org\",\"@graph\":[{\"@type\":\"WebPage\",\"@id\":\"https:\/\/slowfoodnordic.com\/fi\/alkuperaiskansojen-terra-madre\/\",\"url\":\"https:\/\/slowfoodnordic.com\/fi\/alkuperaiskansojen-terra-madre\/\",\"name\":\"Alkuper\u00e4iskansojen Terra Madre - Slow Food in the Nordic Countries\",\"isPartOf\":{\"@id\":\"https:\/\/slowfoodnordic.com\/#website\"},\"primaryImageOfPage\":{\"@id\":\"https:\/\/slowfoodnordic.com\/fi\/alkuperaiskansojen-terra-madre\/#primaryimage\"},\"image\":{\"@id\":\"https:\/\/slowfoodnordic.com\/fi\/alkuperaiskansojen-terra-madre\/#primaryimage\"},\"thumbnailUrl\":\"https:\/\/slowfoodnordic.com\/wp-content\/uploads\/2021\/10\/Indigenous-Terra-Madre-1-300x296.jpg\",\"datePublished\":\"2022-08-22T16:39:14+00:00\",\"breadcrumb\":{\"@id\":\"https:\/\/slowfoodnordic.com\/fi\/alkuperaiskansojen-terra-madre\/#breadcrumb\"},\"inLanguage\":\"fi\",\"potentialAction\":[{\"@type\":\"ReadAction\",\"target\":[\"https:\/\/slowfoodnordic.com\/fi\/alkuperaiskansojen-terra-madre\/\"]}]},{\"@type\":\"ImageObject\",\"inLanguage\":\"fi\",\"@id\":\"https:\/\/slowfoodnordic.com\/fi\/alkuperaiskansojen-terra-madre\/#primaryimage\",\"url\":\"https:\/\/slowfoodnordic.com\/wp-content\/uploads\/2021\/10\/Indigenous-Terra-Madre-1-300x296.jpg\",\"contentUrl\":\"https:\/\/slowfoodnordic.com\/wp-content\/uploads\/2021\/10\/Indigenous-Terra-Madre-1-300x296.jpg\"},{\"@type\":\"BreadcrumbList\",\"@id\":\"https:\/\/slowfoodnordic.com\/fi\/alkuperaiskansojen-terra-madre\/#breadcrumb\",\"itemListElement\":[{\"@type\":\"ListItem\",\"position\":1,\"name\":\"Home\",\"item\":\"https:\/\/slowfoodnordic.com\/fi\/\"},{\"@type\":\"ListItem\",\"position\":2,\"name\":\"Alkuper\u00e4iskansojen Terra Madre\"}]},{\"@type\":\"WebSite\",\"@id\":\"https:\/\/slowfoodnordic.com\/#website\",\"url\":\"https:\/\/slowfoodnordic.com\/\",\"name\":\"Slow Food in the Nordic Countries\",\"description\":\"\",\"publisher\":{\"@id\":\"https:\/\/slowfoodnordic.com\/#organization\"},\"potentialAction\":[{\"@type\":\"SearchAction\",\"target\":{\"@type\":\"EntryPoint\",\"urlTemplate\":\"https:\/\/slowfoodnordic.com\/?s={search_term_string}\"},\"query-input\":{\"@type\":\"PropertyValueSpecification\",\"valueRequired\":true,\"valueName\":\"search_term_string\"}}],\"inLanguage\":\"fi\"},{\"@type\":\"Organization\",\"@id\":\"https:\/\/slowfoodnordic.com\/#organization\",\"name\":\"Slow Food in the Nordic Countries\",\"url\":\"https:\/\/slowfoodnordic.com\/\",\"logo\":{\"@type\":\"ImageObject\",\"inLanguage\":\"fi\",\"@id\":\"https:\/\/slowfoodnordic.com\/#\/schema\/logo\/image\/\",\"url\":\"https:\/\/slowfoodnordic.com\/wp-content\/uploads\/2025\/06\/EN_SF_convivium-in-the-Nordic-Countries.jpg\",\"contentUrl\":\"https:\/\/slowfoodnordic.com\/wp-content\/uploads\/2025\/06\/EN_SF_convivium-in-the-Nordic-Countries.jpg\",\"width\":1375,\"height\":543,\"caption\":\"Slow Food in the Nordic Countries\"},\"image\":{\"@id\":\"https:\/\/slowfoodnordic.com\/#\/schema\/logo\/image\/\"}}]}<\/script>\n<!-- \/ Yoast SEO plugin. -->","yoast_head_json":{"title":"Alkuper\u00e4iskansojen Terra Madre - Slow Food in the Nordic Countries","robots":{"index":"index","follow":"follow","max-snippet":"max-snippet:-1","max-image-preview":"max-image-preview:large","max-video-preview":"max-video-preview:-1"},"canonical":"https:\/\/slowfoodnordic.com\/fi\/alkuperaiskansojen-terra-madre\/","og_locale":"fi_FI","og_type":"article","og_title":"Alkuper\u00e4iskansojen Terra Madre - Slow Food in the Nordic Countries","og_description":"\u201dAlkuper\u00e4iskansat ovat niit\u00e4, jotka tuottavat ruokaa samalla tavalla kuin heid\u00e4n isoisoisovanhempansa. He tiet\u00e4v\u00e4t kuinka el\u00e4\u00e4 maastaan, huolehtien maaper\u00e4st\u00e4, vedest\u00e4 ja ilmasta. T\u00e4m\u00e4 on ruoan tulevaisuus, koska 50 vuoden sis\u00e4ll\u00e4 emme en\u00e4\u00e4 pysty sy\u00f6m\u00e4\u00e4n teollisen maatalouden saastunutta ruokaa ja pystymme ruokkimaan itsemme vain, jos pid\u00e4mme huolta \u00c4iti Maasta.&#8221; Winona LaDuke, Anishinaabekwe (Ojibwe), USA On selv\u00e4\u00e4, ett\u00e4 [&hellip;]","og_url":"https:\/\/slowfoodnordic.com\/fi\/alkuperaiskansojen-terra-madre\/","og_site_name":"Slow Food in the Nordic Countries","og_image":[{"url":"https:\/\/slowfoodnordic.com\/wp-content\/uploads\/2021\/10\/Indigenous-Terra-Madre-1-300x296.jpg","type":"","width":"","height":""}],"twitter_card":"summary_large_image","twitter_misc":{"Arvioitu lukuaika":"2 minuuttia"},"schema":{"@context":"https:\/\/schema.org","@graph":[{"@type":"WebPage","@id":"https:\/\/slowfoodnordic.com\/fi\/alkuperaiskansojen-terra-madre\/","url":"https:\/\/slowfoodnordic.com\/fi\/alkuperaiskansojen-terra-madre\/","name":"Alkuper\u00e4iskansojen Terra Madre - Slow Food in the Nordic Countries","isPartOf":{"@id":"https:\/\/slowfoodnordic.com\/#website"},"primaryImageOfPage":{"@id":"https:\/\/slowfoodnordic.com\/fi\/alkuperaiskansojen-terra-madre\/#primaryimage"},"image":{"@id":"https:\/\/slowfoodnordic.com\/fi\/alkuperaiskansojen-terra-madre\/#primaryimage"},"thumbnailUrl":"https:\/\/slowfoodnordic.com\/wp-content\/uploads\/2021\/10\/Indigenous-Terra-Madre-1-300x296.jpg","datePublished":"2022-08-22T16:39:14+00:00","breadcrumb":{"@id":"https:\/\/slowfoodnordic.com\/fi\/alkuperaiskansojen-terra-madre\/#breadcrumb"},"inLanguage":"fi","potentialAction":[{"@type":"ReadAction","target":["https:\/\/slowfoodnordic.com\/fi\/alkuperaiskansojen-terra-madre\/"]}]},{"@type":"ImageObject","inLanguage":"fi","@id":"https:\/\/slowfoodnordic.com\/fi\/alkuperaiskansojen-terra-madre\/#primaryimage","url":"https:\/\/slowfoodnordic.com\/wp-content\/uploads\/2021\/10\/Indigenous-Terra-Madre-1-300x296.jpg","contentUrl":"https:\/\/slowfoodnordic.com\/wp-content\/uploads\/2021\/10\/Indigenous-Terra-Madre-1-300x296.jpg"},{"@type":"BreadcrumbList","@id":"https:\/\/slowfoodnordic.com\/fi\/alkuperaiskansojen-terra-madre\/#breadcrumb","itemListElement":[{"@type":"ListItem","position":1,"name":"Home","item":"https:\/\/slowfoodnordic.com\/fi\/"},{"@type":"ListItem","position":2,"name":"Alkuper\u00e4iskansojen Terra Madre"}]},{"@type":"WebSite","@id":"https:\/\/slowfoodnordic.com\/#website","url":"https:\/\/slowfoodnordic.com\/","name":"Slow Food in the Nordic Countries","description":"","publisher":{"@id":"https:\/\/slowfoodnordic.com\/#organization"},"potentialAction":[{"@type":"SearchAction","target":{"@type":"EntryPoint","urlTemplate":"https:\/\/slowfoodnordic.com\/?s={search_term_string}"},"query-input":{"@type":"PropertyValueSpecification","valueRequired":true,"valueName":"search_term_string"}}],"inLanguage":"fi"},{"@type":"Organization","@id":"https:\/\/slowfoodnordic.com\/#organization","name":"Slow Food in the Nordic Countries","url":"https:\/\/slowfoodnordic.com\/","logo":{"@type":"ImageObject","inLanguage":"fi","@id":"https:\/\/slowfoodnordic.com\/#\/schema\/logo\/image\/","url":"https:\/\/slowfoodnordic.com\/wp-content\/uploads\/2025\/06\/EN_SF_convivium-in-the-Nordic-Countries.jpg","contentUrl":"https:\/\/slowfoodnordic.com\/wp-content\/uploads\/2025\/06\/EN_SF_convivium-in-the-Nordic-Countries.jpg","width":1375,"height":543,"caption":"Slow Food in the Nordic Countries"},"image":{"@id":"https:\/\/slowfoodnordic.com\/#\/schema\/logo\/image\/"}}]}},"_links":{"self":[{"href":"https:\/\/slowfoodnordic.com\/fi\/wp-json\/wp\/v2\/pages\/6189","targetHints":{"allow":["GET"]}}],"collection":[{"href":"https:\/\/slowfoodnordic.com\/fi\/wp-json\/wp\/v2\/pages"}],"about":[{"href":"https:\/\/slowfoodnordic.com\/fi\/wp-json\/wp\/v2\/types\/page"}],"author":[{"embeddable":true,"href":"https:\/\/slowfoodnordic.com\/fi\/wp-json\/wp\/v2\/users\/5"}],"replies":[{"embeddable":true,"href":"https:\/\/slowfoodnordic.com\/fi\/wp-json\/wp\/v2\/comments?post=6189"}],"version-history":[{"count":2,"href":"https:\/\/slowfoodnordic.com\/fi\/wp-json\/wp\/v2\/pages\/6189\/revisions"}],"predecessor-version":[{"id":6191,"href":"https:\/\/slowfoodnordic.com\/fi\/wp-json\/wp\/v2\/pages\/6189\/revisions\/6191"}],"wp:attachment":[{"href":"https:\/\/slowfoodnordic.com\/fi\/wp-json\/wp\/v2\/media?parent=6189"}],"curies":[{"name":"wp","href":"https:\/\/api.w.org\/{rel}","templated":true}]}}