{"id":6179,"date":"2022-08-21T23:13:41","date_gmt":"2022-08-21T23:13:41","guid":{"rendered":"https:\/\/slowfoodnordic.com\/?page_id=6179"},"modified":"2022-08-21T23:13:41","modified_gmt":"2022-08-21T23:13:41","slug":"ruokahavikki","status":"publish","type":"page","link":"https:\/\/slowfoodnordic.com\/fi\/ruokahavikki\/","title":{"rendered":"Ruokah\u00e4vikki"},"content":{"rendered":"<p><img fetchpriority=\"high\" decoding=\"async\" class=\"size-full wp-image-3639 alignnone\" src=\"https:\/\/slowfoodnordic.com\/wp-content\/uploads\/2021\/10\/Food-waste-disco-soup.jpg\" alt=\"\" width=\"644\" height=\"362\" srcset=\"https:\/\/slowfoodnordic.com\/wp-content\/uploads\/2021\/10\/Food-waste-disco-soup.jpg 644w, https:\/\/slowfoodnordic.com\/wp-content\/uploads\/2021\/10\/Food-waste-disco-soup-300x169.jpg 300w\" sizes=\"(max-width: 644px) 100vw, 644px\" \/><\/p>\n<p>Slow Foodissa uskotaan, ett\u00e4 maailmassa, jossa miljoonat ovat aliravittuja ja resurssit ovat rajalliset, ruokah\u00e4vikin v\u00e4hent\u00e4minen on olennainen askel kest\u00e4v\u00e4n ruokaj\u00e4rjestelm\u00e4n saavuttamiseen.<\/p>\n<p>Mit\u00e4 voimme tehd\u00e4?<\/p>\n<p><strong>Disco Soup<\/strong> on ollut eritt\u00e4in tehokas v\u00e4line lis\u00e4t\u00e4 tietoisuutta ihmisten keskuudessa tapahtumissa ymp\u00e4ri maailmaa, miss\u00e4 tahansa tapahtumissa tai Slow Foodin paikallisryhmien j\u00e4rjest\u00e4miss\u00e4 tapahtumissa.<\/p>\n<p>Idea on yksinkertainen: Ihmiset kokoontuvat el\u00e4v\u00e4n musiikin ja juhlatunnelman vauhdittamina julkiseen tilaan valmistamaan yhteis\u00f6llisesti keittoa kasviksista, jotka muuten olisivat menneet hukkaan (pelk\u00e4n ulkon\u00e4\u00f6n vuoksi). Vuonna 2013 konsepti levisi maailmanlaajuisesti tapahtumilla New Yorkissa, S\u00e3o Paolossa ja Soulissa, mik\u00e4 lis\u00e4si tietoisuutta ruokah\u00e4vikist\u00e4 ymp\u00e4ri maailmaa.<\/p>\n<p><strong>Kumppanuus muiden organisaatioiden kanssa<\/strong>: Slow Food tekee tiivist\u00e4 yhteisty\u00f6t\u00e4 useiden ruokah\u00e4vikin parissa ty\u00f6skentelevien keskeisten organisaatioiden kanssa.<\/p>\n<p><strong>Poliittiset neuvottelut<\/strong>: Slow Food osallistuu aktiivisesti poliittisiin neuvotteluihin t\u00e4st\u00e4 aiheesta.<\/p>\n<p><strong>Slow Food ja toimet ruokah\u00e4vikin est\u00e4miseksi<\/strong><\/p>\n<p>Nykyinen j\u00e4rjestelm\u00e4, jossa olemme kuluttajina ja tuottajina, perustuu ylituotannon ja tuhlauksen mekanismiin, varastojen nopeaan myyntiin uusien tuotteiden saattamiseksi markkinoille ja esteettisesti t\u00e4ydellisen ruoan tarjoamiseen.<\/p>\n<p>FAO:n mukaan joka vuosi maailmassa ihmisravinnoksi tuotetusta ruoasta noin kolmasosa \u2013 noin 1,3 miljardia tonnia \u2013 menee hukkaan. Samaan aikaan maailmanlaajuisesti yli 840 miljoonaa ihmist\u00e4 (12 % maailman v\u00e4est\u00f6st\u00e4) on aliravittuja.<\/p>\n<p>Kehitysmaissa ruokah\u00e4vikki\u00e4 tulee p\u00e4\u00e4asiassa elintarvikkeiden arvoketjun alkuvaiheessa, ja se voidaan usein j\u00e4ljitt\u00e4\u00e4 taloudellisiin tai teknisiin rajoituksiin sadonkorjuussa ja varastoinnissa. Keski- ja korkeatuloisissa maissa ruokaa menee hukkaan ja menetet\u00e4\u00e4n p\u00e4\u00e4asiassa toimitusketjun my\u00f6hemmiss\u00e4 vaiheissa, supermarketeissa, ravintoloissa ja kotitalouksissa. Samalla tuhlaamme maaper\u00e4\u00e4, vett\u00e4 ja kaikkia sen tuottamiseen, pakkaamiseen, varastointiin ja kuljetukseen k\u00e4ytettyj\u00e4 resursseja.<\/p>\n<p>Ty\u00f6mme keski\u00f6ss\u00e4 on vahva usko siihen, ett\u00e4 avain ruokah\u00e4vikin torjuntaan on antaa ruoalle sen ansaitsema arvo.<\/p>\n<p>&nbsp;<\/p>\n","protected":false},"excerpt":{"rendered":"<p>Slow Foodissa uskotaan, ett\u00e4 maailmassa, jossa miljoonat ovat aliravittuja ja resurssit ovat rajalliset, ruokah\u00e4vikin v\u00e4hent\u00e4minen on olennainen askel kest\u00e4v\u00e4n ruokaj\u00e4rjestelm\u00e4n saavuttamiseen. Mit\u00e4 voimme tehd\u00e4? Disco Soup on ollut eritt\u00e4in tehokas v\u00e4line lis\u00e4t\u00e4 tietoisuutta ihmisten keskuudessa tapahtumissa ymp\u00e4ri maailmaa, miss\u00e4 tahansa tapahtumissa tai Slow Foodin paikallisryhmien j\u00e4rjest\u00e4miss\u00e4 tapahtumissa. Idea on yksinkertainen: Ihmiset kokoontuvat el\u00e4v\u00e4n musiikin ja [&hellip;]<\/p>\n","protected":false},"author":5,"featured_media":0,"parent":0,"menu_order":3,"comment_status":"closed","ping_status":"closed","template":"","meta":{"footnotes":""},"class_list":["post-6179","page","type-page","status-publish","hentry"],"yoast_head":"<!-- This site is optimized with the Yoast SEO plugin v25.2 - https:\/\/yoast.com\/wordpress\/plugins\/seo\/ -->\n<title>Ruokah\u00e4vikki - Slow Food in the Nordic Countries<\/title>\n<meta name=\"robots\" content=\"index, follow, max-snippet:-1, max-image-preview:large, max-video-preview:-1\" \/>\n<link rel=\"canonical\" href=\"https:\/\/slowfoodnordic.com\/fi\/ruokahavikki\/\" \/>\n<meta property=\"og:locale\" content=\"fi_FI\" \/>\n<meta property=\"og:type\" content=\"article\" \/>\n<meta property=\"og:title\" content=\"Ruokah\u00e4vikki - Slow Food in the Nordic Countries\" \/>\n<meta property=\"og:description\" content=\"Slow Foodissa uskotaan, ett\u00e4 maailmassa, jossa miljoonat ovat aliravittuja ja resurssit ovat rajalliset, ruokah\u00e4vikin v\u00e4hent\u00e4minen on olennainen askel kest\u00e4v\u00e4n ruokaj\u00e4rjestelm\u00e4n saavuttamiseen. Mit\u00e4 voimme tehd\u00e4? Disco Soup on ollut eritt\u00e4in tehokas v\u00e4line lis\u00e4t\u00e4 tietoisuutta ihmisten keskuudessa tapahtumissa ymp\u00e4ri maailmaa, miss\u00e4 tahansa tapahtumissa tai Slow Foodin paikallisryhmien j\u00e4rjest\u00e4miss\u00e4 tapahtumissa. Idea on yksinkertainen: Ihmiset kokoontuvat el\u00e4v\u00e4n musiikin ja [&hellip;]\" \/>\n<meta property=\"og:url\" content=\"https:\/\/slowfoodnordic.com\/fi\/ruokahavikki\/\" \/>\n<meta property=\"og:site_name\" content=\"Slow Food in the Nordic Countries\" \/>\n<meta property=\"og:image\" content=\"https:\/\/slowfoodnordic.com\/wp-content\/uploads\/2021\/10\/Food-waste-disco-soup.jpg\" \/>\n<meta name=\"twitter:card\" content=\"summary_large_image\" \/>\n<meta name=\"twitter:label1\" content=\"Arvioitu lukuaika\" \/>\n\t<meta name=\"twitter:data1\" content=\"2 minuuttia\" \/>\n<script type=\"application\/ld+json\" class=\"yoast-schema-graph\">{\"@context\":\"https:\/\/schema.org\",\"@graph\":[{\"@type\":\"WebPage\",\"@id\":\"https:\/\/slowfoodnordic.com\/fi\/ruokahavikki\/\",\"url\":\"https:\/\/slowfoodnordic.com\/fi\/ruokahavikki\/\",\"name\":\"Ruokah\u00e4vikki - Slow Food in the Nordic Countries\",\"isPartOf\":{\"@id\":\"https:\/\/slowfoodnordic.com\/#website\"},\"primaryImageOfPage\":{\"@id\":\"https:\/\/slowfoodnordic.com\/fi\/ruokahavikki\/#primaryimage\"},\"image\":{\"@id\":\"https:\/\/slowfoodnordic.com\/fi\/ruokahavikki\/#primaryimage\"},\"thumbnailUrl\":\"https:\/\/slowfoodnordic.com\/wp-content\/uploads\/2021\/10\/Food-waste-disco-soup.jpg\",\"datePublished\":\"2022-08-21T23:13:41+00:00\",\"breadcrumb\":{\"@id\":\"https:\/\/slowfoodnordic.com\/fi\/ruokahavikki\/#breadcrumb\"},\"inLanguage\":\"fi\",\"potentialAction\":[{\"@type\":\"ReadAction\",\"target\":[\"https:\/\/slowfoodnordic.com\/fi\/ruokahavikki\/\"]}]},{\"@type\":\"ImageObject\",\"inLanguage\":\"fi\",\"@id\":\"https:\/\/slowfoodnordic.com\/fi\/ruokahavikki\/#primaryimage\",\"url\":\"https:\/\/slowfoodnordic.com\/wp-content\/uploads\/2021\/10\/Food-waste-disco-soup.jpg\",\"contentUrl\":\"https:\/\/slowfoodnordic.com\/wp-content\/uploads\/2021\/10\/Food-waste-disco-soup.jpg\"},{\"@type\":\"BreadcrumbList\",\"@id\":\"https:\/\/slowfoodnordic.com\/fi\/ruokahavikki\/#breadcrumb\",\"itemListElement\":[{\"@type\":\"ListItem\",\"position\":1,\"name\":\"Home\",\"item\":\"https:\/\/slowfoodnordic.com\/fi\/\"},{\"@type\":\"ListItem\",\"position\":2,\"name\":\"Ruokah\u00e4vikki\"}]},{\"@type\":\"WebSite\",\"@id\":\"https:\/\/slowfoodnordic.com\/#website\",\"url\":\"https:\/\/slowfoodnordic.com\/\",\"name\":\"Slow Food in the Nordic Countries\",\"description\":\"\",\"publisher\":{\"@id\":\"https:\/\/slowfoodnordic.com\/#organization\"},\"potentialAction\":[{\"@type\":\"SearchAction\",\"target\":{\"@type\":\"EntryPoint\",\"urlTemplate\":\"https:\/\/slowfoodnordic.com\/?s={search_term_string}\"},\"query-input\":{\"@type\":\"PropertyValueSpecification\",\"valueRequired\":true,\"valueName\":\"search_term_string\"}}],\"inLanguage\":\"fi\"},{\"@type\":\"Organization\",\"@id\":\"https:\/\/slowfoodnordic.com\/#organization\",\"name\":\"Slow Food in the Nordic Countries\",\"url\":\"https:\/\/slowfoodnordic.com\/\",\"logo\":{\"@type\":\"ImageObject\",\"inLanguage\":\"fi\",\"@id\":\"https:\/\/slowfoodnordic.com\/#\/schema\/logo\/image\/\",\"url\":\"https:\/\/slowfoodnordic.com\/wp-content\/uploads\/2025\/06\/EN_SF_convivium-in-the-Nordic-Countries.jpg\",\"contentUrl\":\"https:\/\/slowfoodnordic.com\/wp-content\/uploads\/2025\/06\/EN_SF_convivium-in-the-Nordic-Countries.jpg\",\"width\":1375,\"height\":543,\"caption\":\"Slow Food in the Nordic Countries\"},\"image\":{\"@id\":\"https:\/\/slowfoodnordic.com\/#\/schema\/logo\/image\/\"}}]}<\/script>\n<!-- \/ Yoast SEO plugin. -->","yoast_head_json":{"title":"Ruokah\u00e4vikki - Slow Food in the Nordic Countries","robots":{"index":"index","follow":"follow","max-snippet":"max-snippet:-1","max-image-preview":"max-image-preview:large","max-video-preview":"max-video-preview:-1"},"canonical":"https:\/\/slowfoodnordic.com\/fi\/ruokahavikki\/","og_locale":"fi_FI","og_type":"article","og_title":"Ruokah\u00e4vikki - Slow Food in the Nordic Countries","og_description":"Slow Foodissa uskotaan, ett\u00e4 maailmassa, jossa miljoonat ovat aliravittuja ja resurssit ovat rajalliset, ruokah\u00e4vikin v\u00e4hent\u00e4minen on olennainen askel kest\u00e4v\u00e4n ruokaj\u00e4rjestelm\u00e4n saavuttamiseen. Mit\u00e4 voimme tehd\u00e4? Disco Soup on ollut eritt\u00e4in tehokas v\u00e4line lis\u00e4t\u00e4 tietoisuutta ihmisten keskuudessa tapahtumissa ymp\u00e4ri maailmaa, miss\u00e4 tahansa tapahtumissa tai Slow Foodin paikallisryhmien j\u00e4rjest\u00e4miss\u00e4 tapahtumissa. Idea on yksinkertainen: Ihmiset kokoontuvat el\u00e4v\u00e4n musiikin ja [&hellip;]","og_url":"https:\/\/slowfoodnordic.com\/fi\/ruokahavikki\/","og_site_name":"Slow Food in the Nordic Countries","og_image":[{"url":"https:\/\/slowfoodnordic.com\/wp-content\/uploads\/2021\/10\/Food-waste-disco-soup.jpg","type":"","width":"","height":""}],"twitter_card":"summary_large_image","twitter_misc":{"Arvioitu lukuaika":"2 minuuttia"},"schema":{"@context":"https:\/\/schema.org","@graph":[{"@type":"WebPage","@id":"https:\/\/slowfoodnordic.com\/fi\/ruokahavikki\/","url":"https:\/\/slowfoodnordic.com\/fi\/ruokahavikki\/","name":"Ruokah\u00e4vikki - Slow Food in the Nordic Countries","isPartOf":{"@id":"https:\/\/slowfoodnordic.com\/#website"},"primaryImageOfPage":{"@id":"https:\/\/slowfoodnordic.com\/fi\/ruokahavikki\/#primaryimage"},"image":{"@id":"https:\/\/slowfoodnordic.com\/fi\/ruokahavikki\/#primaryimage"},"thumbnailUrl":"https:\/\/slowfoodnordic.com\/wp-content\/uploads\/2021\/10\/Food-waste-disco-soup.jpg","datePublished":"2022-08-21T23:13:41+00:00","breadcrumb":{"@id":"https:\/\/slowfoodnordic.com\/fi\/ruokahavikki\/#breadcrumb"},"inLanguage":"fi","potentialAction":[{"@type":"ReadAction","target":["https:\/\/slowfoodnordic.com\/fi\/ruokahavikki\/"]}]},{"@type":"ImageObject","inLanguage":"fi","@id":"https:\/\/slowfoodnordic.com\/fi\/ruokahavikki\/#primaryimage","url":"https:\/\/slowfoodnordic.com\/wp-content\/uploads\/2021\/10\/Food-waste-disco-soup.jpg","contentUrl":"https:\/\/slowfoodnordic.com\/wp-content\/uploads\/2021\/10\/Food-waste-disco-soup.jpg"},{"@type":"BreadcrumbList","@id":"https:\/\/slowfoodnordic.com\/fi\/ruokahavikki\/#breadcrumb","itemListElement":[{"@type":"ListItem","position":1,"name":"Home","item":"https:\/\/slowfoodnordic.com\/fi\/"},{"@type":"ListItem","position":2,"name":"Ruokah\u00e4vikki"}]},{"@type":"WebSite","@id":"https:\/\/slowfoodnordic.com\/#website","url":"https:\/\/slowfoodnordic.com\/","name":"Slow Food in the Nordic Countries","description":"","publisher":{"@id":"https:\/\/slowfoodnordic.com\/#organization"},"potentialAction":[{"@type":"SearchAction","target":{"@type":"EntryPoint","urlTemplate":"https:\/\/slowfoodnordic.com\/?s={search_term_string}"},"query-input":{"@type":"PropertyValueSpecification","valueRequired":true,"valueName":"search_term_string"}}],"inLanguage":"fi"},{"@type":"Organization","@id":"https:\/\/slowfoodnordic.com\/#organization","name":"Slow Food in the Nordic Countries","url":"https:\/\/slowfoodnordic.com\/","logo":{"@type":"ImageObject","inLanguage":"fi","@id":"https:\/\/slowfoodnordic.com\/#\/schema\/logo\/image\/","url":"https:\/\/slowfoodnordic.com\/wp-content\/uploads\/2025\/06\/EN_SF_convivium-in-the-Nordic-Countries.jpg","contentUrl":"https:\/\/slowfoodnordic.com\/wp-content\/uploads\/2025\/06\/EN_SF_convivium-in-the-Nordic-Countries.jpg","width":1375,"height":543,"caption":"Slow Food in the Nordic Countries"},"image":{"@id":"https:\/\/slowfoodnordic.com\/#\/schema\/logo\/image\/"}}]}},"_links":{"self":[{"href":"https:\/\/slowfoodnordic.com\/fi\/wp-json\/wp\/v2\/pages\/6179","targetHints":{"allow":["GET"]}}],"collection":[{"href":"https:\/\/slowfoodnordic.com\/fi\/wp-json\/wp\/v2\/pages"}],"about":[{"href":"https:\/\/slowfoodnordic.com\/fi\/wp-json\/wp\/v2\/types\/page"}],"author":[{"embeddable":true,"href":"https:\/\/slowfoodnordic.com\/fi\/wp-json\/wp\/v2\/users\/5"}],"replies":[{"embeddable":true,"href":"https:\/\/slowfoodnordic.com\/fi\/wp-json\/wp\/v2\/comments?post=6179"}],"version-history":[{"count":1,"href":"https:\/\/slowfoodnordic.com\/fi\/wp-json\/wp\/v2\/pages\/6179\/revisions"}],"predecessor-version":[{"id":6180,"href":"https:\/\/slowfoodnordic.com\/fi\/wp-json\/wp\/v2\/pages\/6179\/revisions\/6180"}],"wp:attachment":[{"href":"https:\/\/slowfoodnordic.com\/fi\/wp-json\/wp\/v2\/media?parent=6179"}],"curies":[{"name":"wp","href":"https:\/\/api.w.org\/{rel}","templated":true}]}}