{"id":6175,"date":"2022-08-21T17:03:23","date_gmt":"2022-08-21T17:03:23","guid":{"rendered":"https:\/\/slowfoodnordic.com\/?page_id=6175"},"modified":"2022-08-21T17:04:29","modified_gmt":"2022-08-21T17:04:29","slug":"ilmastonmuutos","status":"publish","type":"page","link":"https:\/\/slowfoodnordic.com\/fi\/ilmastonmuutos\/","title":{"rendered":"Ilmastonmuutos"},"content":{"rendered":"<p>Toimenpide-ehdotus: pikainen tarve hidastamiselle<\/p>\n<p>Slow Food on pyrkinyt toimimaan elintarvikej\u00e4rjestelm\u00e4n ja ilmastonmuutoksen risteyksess\u00e4 ja l\u00f6yt\u00e4m\u00e4\u00e4n mahdollisia polkuja ilmastokriisin ratkaisemiseksi ottamalla k\u00e4ytt\u00f6\u00f6n ymp\u00e4rist\u00f6yst\u00e4v\u00e4llisi\u00e4 k\u00e4yt\u00e4nteit\u00e4 elintarvikeketjun kaikissa vaiheissa. (27.5.2021)<\/p>\n<p><strong>Slow Foodin ilmastotoimijulistus\u00a0<\/strong><br \/>\nSlow Foodin ilmastotoimijulistus<br \/>\nOle osa ratkaisua<\/p>\n<p>Ymm\u00e4rr\u00e4mme, <strong>ett\u00e4 olemme ilmastoh\u00e4t\u00e4tilassa<\/strong> ja ett\u00e4 ilmastoneutraaliuden saavuttaminen viimeist\u00e4\u00e4n vuoteen 2050 menness\u00e4 on ratkaisevan t\u00e4rke\u00e4\u00e4 ruokaturvaan ja ravitsemukseen kohdistuvien vakavien riskien ehk\u00e4isemiseksi.<\/p>\n<p>Ymm\u00e4rr\u00e4mme, ett\u00e4 planeettamme t\u00e4m\u00e4n hetken <strong>kriisit (ilmasto, luonnon monimuotoisuus, terveys, sosiaalinen tilanne)<\/strong> liittyv\u00e4t l\u00e4heisesti toisiinsa ja ett\u00e4 kest\u00e4v\u00e4 ruokaj\u00e4rjestelm\u00e4 voi hy\u00f6dytt\u00e4\u00e4 kaikkia nelj\u00e4\u00e4.<\/p>\n<p>Ymm\u00e4rr\u00e4mme, ett\u00e4<strong> teollinen maatalous ja elintarviketuotanto ovat merkitt\u00e4vi\u00e4 ilmastonmuutoksen kannalta<\/strong> ja ett\u00e4 ruoka aiheuttaa noin nelj\u00e4nneksen kaikista kasvihuonekaasup\u00e4\u00e4st\u00f6ist\u00e4.<\/p>\n<p>Siksi kehotamme p\u00e4\u00e4tt\u00e4ji\u00e4 toimimaan pikaisesti ilmastoneutraalin maatalouden puolesta vuoteen 2050 menness\u00e4 <strong>asettamalla luonnon monimuotoisuuden keski\u00f6\u00f6n ilmastonmuutoksen torjunnassa<\/strong>. Maaper\u00e4n laatu on turvattava ja sit\u00e4 on parannettava, agroekologisia ja biologista monimuotoisuutta edist\u00e4vi\u00e4 viljelyk\u00e4yt\u00e4nt\u00f6j\u00e4 on otettava laajemmin k\u00e4yt\u00e4nt\u00f6\u00f6n, lis\u00e4ksi viljelij\u00f6it\u00e4 on palkittava luonnon ja ilmaston hyv\u00e4ksi tehdyist\u00e4 palveluista.<\/p>\n<p>Vaadimme <strong>siirtymist\u00e4 ilmastointensiivisest\u00e4, globaaliin ruokakauppaan perustuvasta j\u00e4rjestelm\u00e4st\u00e4 sellaiseen j\u00e4rjestelm\u00e4\u00e4n, joka edist\u00e4\u00e4 reiluja ja lyhyit\u00e4 jakeluverkostoja<\/strong>. Samalla se yhdist\u00e4\u00e4 ruokaj\u00e4rjestelm\u00e4t uudelleen paikallisiin talouksiin, mik\u00e4 varmistaa l\u00e4heisyyden ja luottamuksen tuottajien ja kuluttajien v\u00e4lill\u00e4.<\/p>\n<p>Vaadimme erityist\u00e4 toimintasuunnitelmaa, jolla <strong>v\u00e4hennet\u00e4\u00e4n mutta laadullisesti parannetaan merkitt\u00e4v\u00e4sti maailmanlaajuista lihan, maitotuotteiden ja kananmunien tuotantoa ja kulutusta<\/strong> sek\u00e4 saavutetaan YK:n kest\u00e4v\u00e4n kehityksen tavoite puolittaa ruokah\u00e4vikki vuoteen 2050 menness\u00e4.<\/p>\n<p>Vaadimme <strong>vesien ja vesiekosysteemien suojelua<\/strong>, koska niill\u00e4 on ensisijainen rooli ilmaston s\u00e4\u00e4telyss\u00e4 ja hiilidioksidin hallinnassa. Kalastajia olisi tuettava, koska he s\u00e4ilytt\u00e4v\u00e4t vesiekosysteemien terveytt\u00e4, joista he saavat toimeentulonsa.<\/p>\n<p>Vaadimme, ett\u00e4<strong> investoinnit ilmastonmuutoksen torjuntaan tehd\u00e4\u00e4n ennalta varautumisen periaatteella sellaisiin innovaatioihin, jotka keskittyv\u00e4t kokonaisvaltaisiin ratkaisuihin<\/strong>, kuten agroekologiaan, muuten ruokaj\u00e4rjestelm\u00e4mme systeemiset ongelmat j\u00e4\u00e4v\u00e4t huomioimatta.<\/p>\n<p>Vaadimme <strong>julkista rahaa julkisiin hy\u00f6dykkeisiin<\/strong>: yhden kasvilajin viljelmien tuet on poistettava ja monokulttuurit on korvattava sellaisilla agroekologisilla viljelyj\u00e4rjestelmill\u00e4, jotka edist\u00e4v\u00e4t maatilojen ja alueiden sosiokulttuurista, taloudellista ja ymp\u00e4rist\u00f6n kest\u00e4vyytt\u00e4. Tukea olisi annettava todellinen siirtymisen varmistamiseen kohti kest\u00e4vi\u00e4 ruokaj\u00e4rjestelmi\u00e4.<\/p>\n<p>Ymm\u00e4rr\u00e4mme, ett\u00e4 <strong>teollisuusmaat ovat aiheuttaneet suhteettoman paljon ilmastonmuutosta<\/strong>, jonka vaikutukset tuntuvat suhteettoman paljon k\u00f6yhimmiss\u00e4 valtioissa ja ett\u00e4 olipa maa rikas tai k\u00f6yh\u00e4, k\u00f6yhimm\u00e4t kansalaiset ovat haavoittuvimpia ja heill\u00e4 on v\u00e4hiten keinoja lievent\u00e4\u00e4 ilmastonmuutoksen vaikutuksia<\/p>\n<p>Pyyd\u00e4mme hallituksia toteuttamaan politiikkaa, joka takaa<strong> tasavertaisen p\u00e4\u00e4syn hiilidioksiditehokkuus-, lievent\u00e4mis- ja sitomissertifikaatteihin<\/strong>, jotta varmistetaan, ett\u00e4 my\u00f6s k\u00f6yhimm\u00e4t ja eniten tarvitsevat voivat osoittaa panoksensa netto-nolla sitoumukseen. Vastustamme my\u00f6s hiilidioksidin talteenoton, hiilikaupan ja hiilidioksidin kompensaation k\u00e4ytt\u00f6\u00e4, kun niit\u00e4 k\u00e4ytet\u00e4\u00e4n ty\u00f6kaluna, jonka avulla rikkaammat ihmiset voivat ostaa suuremman osan luonnonvaroista k\u00f6yhien ja\/tai velkaantuneiden kustannuksella.<\/p>\n<p>Ymm\u00e4rr\u00e4mme, ett\u00e4 <strong>alkuper\u00e4iskansojen, nuorten ja naisten \u00e4\u00e4ni\u00e4 on kuultava paremmin ruokaa ja ilmastoa koskevissa keskusteluissa<\/strong>, ja vaadimme, ett\u00e4 jokainen \u00e4\u00e4ni tulee osaksi ratkaisua.<\/p>\n<p>Vaadimme, ett\u00e4 <strong>koulutus ja kansalaisten osallistuminen ovat keskeisell\u00e4 sijalla ilmastonmuutoksen ratkaisussa<\/strong>: ruoka- ja ymp\u00e4rist\u00f6kasvatus kouluissa kaikilla tasoilla, l\u00e4pin\u00e4kyvyys, kansalaiskokoukset ja tiedon jakaminen johtavat oikeudenmukaisiin ratkaisuihin.<\/p>\n<p>Vaadimme, ett\u00e4<strong> jokaisella kansalaisella on mahdollisuus saada hyv\u00e4\u00e4, puhdasta ja reilua ruokaa<\/strong> ja ettei kukaan n\u00e4ke n\u00e4lk\u00e4\u00e4 tai k\u00e4rsi terveysongelmista, jotka liittyv\u00e4t saatavilla olevan ruoan m\u00e4\u00e4r\u00e4\u00e4n tai laatuun.<\/p>\n<p>Vaadimme, ett\u00e4<strong> ruoasta ja viljelyst\u00e4mme tulee osa ratkaisua<\/strong>, ei ilmastonmuutoksen syy.<\/p>\n","protected":false},"excerpt":{"rendered":"<p>Toimenpide-ehdotus: pikainen tarve hidastamiselle Slow Food on pyrkinyt toimimaan elintarvikej\u00e4rjestelm\u00e4n ja ilmastonmuutoksen risteyksess\u00e4 ja l\u00f6yt\u00e4m\u00e4\u00e4n mahdollisia polkuja ilmastokriisin ratkaisemiseksi ottamalla k\u00e4ytt\u00f6\u00f6n ymp\u00e4rist\u00f6yst\u00e4v\u00e4llisi\u00e4 k\u00e4yt\u00e4nteit\u00e4 elintarvikeketjun kaikissa vaiheissa. (27.5.2021) Slow Foodin ilmastotoimijulistus\u00a0 Slow Foodin ilmastotoimijulistus Ole osa ratkaisua Ymm\u00e4rr\u00e4mme, ett\u00e4 olemme ilmastoh\u00e4t\u00e4tilassa ja ett\u00e4 ilmastoneutraaliuden saavuttaminen viimeist\u00e4\u00e4n vuoteen 2050 menness\u00e4 on ratkaisevan t\u00e4rke\u00e4\u00e4 ruokaturvaan ja ravitsemukseen kohdistuvien [&hellip;]<\/p>\n","protected":false},"author":5,"featured_media":0,"parent":0,"menu_order":2,"comment_status":"closed","ping_status":"closed","template":"","meta":{"footnotes":""},"class_list":["post-6175","page","type-page","status-publish","hentry"],"yoast_head":"<!-- This site is optimized with the Yoast SEO plugin v25.2 - https:\/\/yoast.com\/wordpress\/plugins\/seo\/ -->\n<title>Ilmastonmuutos - Slow Food in the Nordic Countries<\/title>\n<meta name=\"robots\" content=\"index, follow, max-snippet:-1, max-image-preview:large, max-video-preview:-1\" \/>\n<link rel=\"canonical\" href=\"https:\/\/slowfoodnordic.com\/fi\/ilmastonmuutos\/\" \/>\n<meta property=\"og:locale\" content=\"fi_FI\" \/>\n<meta property=\"og:type\" content=\"article\" \/>\n<meta property=\"og:title\" content=\"Ilmastonmuutos - Slow Food in the Nordic Countries\" \/>\n<meta property=\"og:description\" content=\"Toimenpide-ehdotus: pikainen tarve hidastamiselle Slow Food on pyrkinyt toimimaan elintarvikej\u00e4rjestelm\u00e4n ja ilmastonmuutoksen risteyksess\u00e4 ja l\u00f6yt\u00e4m\u00e4\u00e4n mahdollisia polkuja ilmastokriisin ratkaisemiseksi ottamalla k\u00e4ytt\u00f6\u00f6n ymp\u00e4rist\u00f6yst\u00e4v\u00e4llisi\u00e4 k\u00e4yt\u00e4nteit\u00e4 elintarvikeketjun kaikissa vaiheissa. (27.5.2021) Slow Foodin ilmastotoimijulistus\u00a0 Slow Foodin ilmastotoimijulistus Ole osa ratkaisua Ymm\u00e4rr\u00e4mme, ett\u00e4 olemme ilmastoh\u00e4t\u00e4tilassa ja ett\u00e4 ilmastoneutraaliuden saavuttaminen viimeist\u00e4\u00e4n vuoteen 2050 menness\u00e4 on ratkaisevan t\u00e4rke\u00e4\u00e4 ruokaturvaan ja ravitsemukseen kohdistuvien [&hellip;]\" \/>\n<meta property=\"og:url\" content=\"https:\/\/slowfoodnordic.com\/fi\/ilmastonmuutos\/\" \/>\n<meta property=\"og:site_name\" content=\"Slow Food in the Nordic Countries\" \/>\n<meta property=\"article:modified_time\" content=\"2022-08-21T17:04:29+00:00\" \/>\n<meta name=\"twitter:card\" content=\"summary_large_image\" \/>\n<meta name=\"twitter:label1\" content=\"Arvioitu lukuaika\" \/>\n\t<meta name=\"twitter:data1\" content=\"3 minuuttia\" \/>\n<script type=\"application\/ld+json\" class=\"yoast-schema-graph\">{\"@context\":\"https:\/\/schema.org\",\"@graph\":[{\"@type\":\"WebPage\",\"@id\":\"https:\/\/slowfoodnordic.com\/fi\/ilmastonmuutos\/\",\"url\":\"https:\/\/slowfoodnordic.com\/fi\/ilmastonmuutos\/\",\"name\":\"Ilmastonmuutos - Slow Food in the Nordic Countries\",\"isPartOf\":{\"@id\":\"https:\/\/slowfoodnordic.com\/#website\"},\"datePublished\":\"2022-08-21T17:03:23+00:00\",\"dateModified\":\"2022-08-21T17:04:29+00:00\",\"breadcrumb\":{\"@id\":\"https:\/\/slowfoodnordic.com\/fi\/ilmastonmuutos\/#breadcrumb\"},\"inLanguage\":\"fi\",\"potentialAction\":[{\"@type\":\"ReadAction\",\"target\":[\"https:\/\/slowfoodnordic.com\/fi\/ilmastonmuutos\/\"]}]},{\"@type\":\"BreadcrumbList\",\"@id\":\"https:\/\/slowfoodnordic.com\/fi\/ilmastonmuutos\/#breadcrumb\",\"itemListElement\":[{\"@type\":\"ListItem\",\"position\":1,\"name\":\"Home\",\"item\":\"https:\/\/slowfoodnordic.com\/fi\/\"},{\"@type\":\"ListItem\",\"position\":2,\"name\":\"Ilmastonmuutos\"}]},{\"@type\":\"WebSite\",\"@id\":\"https:\/\/slowfoodnordic.com\/#website\",\"url\":\"https:\/\/slowfoodnordic.com\/\",\"name\":\"Slow Food in the Nordic Countries\",\"description\":\"\",\"publisher\":{\"@id\":\"https:\/\/slowfoodnordic.com\/#organization\"},\"potentialAction\":[{\"@type\":\"SearchAction\",\"target\":{\"@type\":\"EntryPoint\",\"urlTemplate\":\"https:\/\/slowfoodnordic.com\/?s={search_term_string}\"},\"query-input\":{\"@type\":\"PropertyValueSpecification\",\"valueRequired\":true,\"valueName\":\"search_term_string\"}}],\"inLanguage\":\"fi\"},{\"@type\":\"Organization\",\"@id\":\"https:\/\/slowfoodnordic.com\/#organization\",\"name\":\"Slow Food in the Nordic Countries\",\"url\":\"https:\/\/slowfoodnordic.com\/\",\"logo\":{\"@type\":\"ImageObject\",\"inLanguage\":\"fi\",\"@id\":\"https:\/\/slowfoodnordic.com\/#\/schema\/logo\/image\/\",\"url\":\"https:\/\/slowfoodnordic.com\/wp-content\/uploads\/2025\/06\/EN_SF_convivium-in-the-Nordic-Countries.jpg\",\"contentUrl\":\"https:\/\/slowfoodnordic.com\/wp-content\/uploads\/2025\/06\/EN_SF_convivium-in-the-Nordic-Countries.jpg\",\"width\":1375,\"height\":543,\"caption\":\"Slow Food in the Nordic Countries\"},\"image\":{\"@id\":\"https:\/\/slowfoodnordic.com\/#\/schema\/logo\/image\/\"}}]}<\/script>\n<!-- \/ Yoast SEO plugin. -->","yoast_head_json":{"title":"Ilmastonmuutos - Slow Food in the Nordic Countries","robots":{"index":"index","follow":"follow","max-snippet":"max-snippet:-1","max-image-preview":"max-image-preview:large","max-video-preview":"max-video-preview:-1"},"canonical":"https:\/\/slowfoodnordic.com\/fi\/ilmastonmuutos\/","og_locale":"fi_FI","og_type":"article","og_title":"Ilmastonmuutos - Slow Food in the Nordic Countries","og_description":"Toimenpide-ehdotus: pikainen tarve hidastamiselle Slow Food on pyrkinyt toimimaan elintarvikej\u00e4rjestelm\u00e4n ja ilmastonmuutoksen risteyksess\u00e4 ja l\u00f6yt\u00e4m\u00e4\u00e4n mahdollisia polkuja ilmastokriisin ratkaisemiseksi ottamalla k\u00e4ytt\u00f6\u00f6n ymp\u00e4rist\u00f6yst\u00e4v\u00e4llisi\u00e4 k\u00e4yt\u00e4nteit\u00e4 elintarvikeketjun kaikissa vaiheissa. (27.5.2021) Slow Foodin ilmastotoimijulistus\u00a0 Slow Foodin ilmastotoimijulistus Ole osa ratkaisua Ymm\u00e4rr\u00e4mme, ett\u00e4 olemme ilmastoh\u00e4t\u00e4tilassa ja ett\u00e4 ilmastoneutraaliuden saavuttaminen viimeist\u00e4\u00e4n vuoteen 2050 menness\u00e4 on ratkaisevan t\u00e4rke\u00e4\u00e4 ruokaturvaan ja ravitsemukseen kohdistuvien [&hellip;]","og_url":"https:\/\/slowfoodnordic.com\/fi\/ilmastonmuutos\/","og_site_name":"Slow Food in the Nordic Countries","article_modified_time":"2022-08-21T17:04:29+00:00","twitter_card":"summary_large_image","twitter_misc":{"Arvioitu lukuaika":"3 minuuttia"},"schema":{"@context":"https:\/\/schema.org","@graph":[{"@type":"WebPage","@id":"https:\/\/slowfoodnordic.com\/fi\/ilmastonmuutos\/","url":"https:\/\/slowfoodnordic.com\/fi\/ilmastonmuutos\/","name":"Ilmastonmuutos - Slow Food in the Nordic Countries","isPartOf":{"@id":"https:\/\/slowfoodnordic.com\/#website"},"datePublished":"2022-08-21T17:03:23+00:00","dateModified":"2022-08-21T17:04:29+00:00","breadcrumb":{"@id":"https:\/\/slowfoodnordic.com\/fi\/ilmastonmuutos\/#breadcrumb"},"inLanguage":"fi","potentialAction":[{"@type":"ReadAction","target":["https:\/\/slowfoodnordic.com\/fi\/ilmastonmuutos\/"]}]},{"@type":"BreadcrumbList","@id":"https:\/\/slowfoodnordic.com\/fi\/ilmastonmuutos\/#breadcrumb","itemListElement":[{"@type":"ListItem","position":1,"name":"Home","item":"https:\/\/slowfoodnordic.com\/fi\/"},{"@type":"ListItem","position":2,"name":"Ilmastonmuutos"}]},{"@type":"WebSite","@id":"https:\/\/slowfoodnordic.com\/#website","url":"https:\/\/slowfoodnordic.com\/","name":"Slow Food in the Nordic Countries","description":"","publisher":{"@id":"https:\/\/slowfoodnordic.com\/#organization"},"potentialAction":[{"@type":"SearchAction","target":{"@type":"EntryPoint","urlTemplate":"https:\/\/slowfoodnordic.com\/?s={search_term_string}"},"query-input":{"@type":"PropertyValueSpecification","valueRequired":true,"valueName":"search_term_string"}}],"inLanguage":"fi"},{"@type":"Organization","@id":"https:\/\/slowfoodnordic.com\/#organization","name":"Slow Food in the Nordic Countries","url":"https:\/\/slowfoodnordic.com\/","logo":{"@type":"ImageObject","inLanguage":"fi","@id":"https:\/\/slowfoodnordic.com\/#\/schema\/logo\/image\/","url":"https:\/\/slowfoodnordic.com\/wp-content\/uploads\/2025\/06\/EN_SF_convivium-in-the-Nordic-Countries.jpg","contentUrl":"https:\/\/slowfoodnordic.com\/wp-content\/uploads\/2025\/06\/EN_SF_convivium-in-the-Nordic-Countries.jpg","width":1375,"height":543,"caption":"Slow Food in the Nordic Countries"},"image":{"@id":"https:\/\/slowfoodnordic.com\/#\/schema\/logo\/image\/"}}]}},"_links":{"self":[{"href":"https:\/\/slowfoodnordic.com\/fi\/wp-json\/wp\/v2\/pages\/6175","targetHints":{"allow":["GET"]}}],"collection":[{"href":"https:\/\/slowfoodnordic.com\/fi\/wp-json\/wp\/v2\/pages"}],"about":[{"href":"https:\/\/slowfoodnordic.com\/fi\/wp-json\/wp\/v2\/types\/page"}],"author":[{"embeddable":true,"href":"https:\/\/slowfoodnordic.com\/fi\/wp-json\/wp\/v2\/users\/5"}],"replies":[{"embeddable":true,"href":"https:\/\/slowfoodnordic.com\/fi\/wp-json\/wp\/v2\/comments?post=6175"}],"version-history":[{"count":2,"href":"https:\/\/slowfoodnordic.com\/fi\/wp-json\/wp\/v2\/pages\/6175\/revisions"}],"predecessor-version":[{"id":6177,"href":"https:\/\/slowfoodnordic.com\/fi\/wp-json\/wp\/v2\/pages\/6175\/revisions\/6177"}],"wp:attachment":[{"href":"https:\/\/slowfoodnordic.com\/fi\/wp-json\/wp\/v2\/media?parent=6175"}],"curies":[{"name":"wp","href":"https:\/\/api.w.org\/{rel}","templated":true}]}}