{"id":6152,"date":"2022-08-21T16:30:57","date_gmt":"2022-08-21T16:30:57","guid":{"rendered":"https:\/\/slowfoodnordic.com\/?page_id=6152"},"modified":"2022-08-21T16:30:57","modified_gmt":"2022-08-21T16:30:57","slug":"toimenpide-ehdotus-pikainen-tarve-hidastamiselle","status":"publish","type":"page","link":"https:\/\/slowfoodnordic.com\/fi\/toimenpide-ehdotus-pikainen-tarve-hidastamiselle\/","title":{"rendered":"Toimenpide-ehdotus: pikainen tarve hidastamiselle"},"content":{"rendered":"<p><strong>&#8212;- Toimenpide-ehdotus:<\/strong><br \/>\nT\u00e4m\u00e4n kirjeen tarkoituksena on saada Slow Food -verkoston kaikki tasot mukaan systematisoimaan ty\u00f6t\u00e4mme sek\u00e4 arvioimaan ja hy\u00f6dynt\u00e4m\u00e4\u00e4n sen vaikutusta paremman maailman luomiseksi.<\/p>\n<p><strong>&#8212;- Aikajana<\/strong><br \/>\nT\u00e4m\u00e4 on asiakirja. Sen sis\u00e4lt\u00e4miin ideoihin tulisi tutustua ja keskustella niist\u00e4 ennen koko verkoston yhteist\u00e4 kansainv\u00e4list\u00e4 Slow Food Congressia, jossa siihen sitoudutaan virallisesti yhteisesti seuraavaksi kriittiseksi toiminnan vuosikymmeneksi.<\/p>\n<p><strong>&#8212;- Ty\u00f6v\u00e4line:<\/strong><br \/>\nT\u00e4m\u00e4 on ty\u00f6v\u00e4line Slow Food -verkoston jokaiselle tasolle yksitt\u00e4isist\u00e4 j\u00e4senist\u00e4 paikallisryhmiin ja kansallisista j\u00e4rjest\u00f6ist\u00e4 paikallisiin ja temaattisiin yhteis\u00f6ihin \u2013 yhteinen ohje, jonka avulla voimme tunnistaa ja asettaa tavoitteet, jotka pit\u00e4v\u00e4t meid\u00e4t vastuullisena toisillemme.<\/p>\n<p>Slow Foodin visiona on maailma, jossa kaikki ihmiset voivat sy\u00f6d\u00e4 ruokaa, joka on hyv\u00e4\u00e4 heille, hyv\u00e4\u00e4 niille, jotka sit\u00e4 kasvattavat ja hyv\u00e4\u00e4 planeetalle.<\/p>\n<p>Slow Food on valinnut seuraavat kolme prioriteettia:<br \/>\n&#8211; Puolustaa biologista ja kulttuurista monimuotoisuutta, jotta useammat ruoanvalmistajat tuottavat&#8230;<br \/>\n&#8211; Kouluttaa, innostaa ja mobilisoida kansalaisia, jotta useammat kansalaiset valitsevat&#8230;<br \/>\n&#8211; Vaikuttaa julkisen ja yksityisen sektorin politiikkaan, jotta useammat yritykset ja instituutiot tukevat&#8230;<\/p>\n<p>Hyv\u00e4\u00e4, puhdasta ja reilua ruokaa kaikille<\/p>\n<p>Toimitaan yhdess\u00e4 ja tehd\u00e4\u00e4n ruoasta reilua ja kest\u00e4v\u00e4\u00e4<\/p>\n<p><a href=\"https:\/\/slowfoodnordic.com\/wp-content\/uploads\/2022\/08\/FI-Call-to-action_full-text.pdf\" target=\"_blank\" rel=\"noopener\"><strong>Read more: Call to action (Finnish)<\/strong><\/a><\/p>\n","protected":false},"excerpt":{"rendered":"<p>&#8212;- Toimenpide-ehdotus: T\u00e4m\u00e4n kirjeen tarkoituksena on saada Slow Food -verkoston kaikki tasot mukaan systematisoimaan ty\u00f6t\u00e4mme sek\u00e4 arvioimaan ja hy\u00f6dynt\u00e4m\u00e4\u00e4n sen vaikutusta paremman maailman luomiseksi. &#8212;- Aikajana T\u00e4m\u00e4 on asiakirja. Sen sis\u00e4lt\u00e4miin ideoihin tulisi tutustua ja keskustella niist\u00e4 ennen koko verkoston yhteist\u00e4 kansainv\u00e4list\u00e4 Slow Food Congressia, jossa siihen sitoudutaan virallisesti yhteisesti seuraavaksi kriittiseksi toiminnan vuosikymmeneksi. &#8212;- [&hellip;]<\/p>\n","protected":false},"author":5,"featured_media":0,"parent":0,"menu_order":1,"comment_status":"closed","ping_status":"closed","template":"","meta":{"footnotes":""},"class_list":["post-6152","page","type-page","status-publish","hentry"],"yoast_head":"<!-- This site is optimized with the Yoast SEO plugin v25.2 - https:\/\/yoast.com\/wordpress\/plugins\/seo\/ -->\n<title>Toimenpide-ehdotus: pikainen tarve hidastamiselle - Slow Food in the Nordic Countries<\/title>\n<meta name=\"robots\" content=\"index, follow, max-snippet:-1, max-image-preview:large, max-video-preview:-1\" \/>\n<link rel=\"canonical\" href=\"https:\/\/slowfoodnordic.com\/fi\/toimenpide-ehdotus-pikainen-tarve-hidastamiselle\/\" \/>\n<meta property=\"og:locale\" content=\"fi_FI\" \/>\n<meta property=\"og:type\" content=\"article\" \/>\n<meta property=\"og:title\" content=\"Toimenpide-ehdotus: pikainen tarve hidastamiselle - Slow Food in the Nordic Countries\" \/>\n<meta property=\"og:description\" content=\"&#8212;- Toimenpide-ehdotus: T\u00e4m\u00e4n kirjeen tarkoituksena on saada Slow Food -verkoston kaikki tasot mukaan systematisoimaan ty\u00f6t\u00e4mme sek\u00e4 arvioimaan ja hy\u00f6dynt\u00e4m\u00e4\u00e4n sen vaikutusta paremman maailman luomiseksi. &#8212;- Aikajana T\u00e4m\u00e4 on asiakirja. Sen sis\u00e4lt\u00e4miin ideoihin tulisi tutustua ja keskustella niist\u00e4 ennen koko verkoston yhteist\u00e4 kansainv\u00e4list\u00e4 Slow Food Congressia, jossa siihen sitoudutaan virallisesti yhteisesti seuraavaksi kriittiseksi toiminnan vuosikymmeneksi. &#8212;- [&hellip;]\" \/>\n<meta property=\"og:url\" content=\"https:\/\/slowfoodnordic.com\/fi\/toimenpide-ehdotus-pikainen-tarve-hidastamiselle\/\" \/>\n<meta property=\"og:site_name\" content=\"Slow Food in the Nordic Countries\" \/>\n<meta name=\"twitter:card\" content=\"summary_large_image\" \/>\n<meta name=\"twitter:label1\" content=\"Arvioitu lukuaika\" \/>\n\t<meta name=\"twitter:data1\" content=\"1 minuutti\" \/>\n<script type=\"application\/ld+json\" class=\"yoast-schema-graph\">{\"@context\":\"https:\/\/schema.org\",\"@graph\":[{\"@type\":\"WebPage\",\"@id\":\"https:\/\/slowfoodnordic.com\/fi\/toimenpide-ehdotus-pikainen-tarve-hidastamiselle\/\",\"url\":\"https:\/\/slowfoodnordic.com\/fi\/toimenpide-ehdotus-pikainen-tarve-hidastamiselle\/\",\"name\":\"Toimenpide-ehdotus: pikainen tarve hidastamiselle - Slow Food in the Nordic Countries\",\"isPartOf\":{\"@id\":\"https:\/\/slowfoodnordic.com\/#website\"},\"datePublished\":\"2022-08-21T16:30:57+00:00\",\"breadcrumb\":{\"@id\":\"https:\/\/slowfoodnordic.com\/fi\/toimenpide-ehdotus-pikainen-tarve-hidastamiselle\/#breadcrumb\"},\"inLanguage\":\"fi\",\"potentialAction\":[{\"@type\":\"ReadAction\",\"target\":[\"https:\/\/slowfoodnordic.com\/fi\/toimenpide-ehdotus-pikainen-tarve-hidastamiselle\/\"]}]},{\"@type\":\"BreadcrumbList\",\"@id\":\"https:\/\/slowfoodnordic.com\/fi\/toimenpide-ehdotus-pikainen-tarve-hidastamiselle\/#breadcrumb\",\"itemListElement\":[{\"@type\":\"ListItem\",\"position\":1,\"name\":\"Home\",\"item\":\"https:\/\/slowfoodnordic.com\/fi\/\"},{\"@type\":\"ListItem\",\"position\":2,\"name\":\"Toimenpide-ehdotus: pikainen tarve hidastamiselle\"}]},{\"@type\":\"WebSite\",\"@id\":\"https:\/\/slowfoodnordic.com\/#website\",\"url\":\"https:\/\/slowfoodnordic.com\/\",\"name\":\"Slow Food in the Nordic Countries\",\"description\":\"\",\"publisher\":{\"@id\":\"https:\/\/slowfoodnordic.com\/#organization\"},\"potentialAction\":[{\"@type\":\"SearchAction\",\"target\":{\"@type\":\"EntryPoint\",\"urlTemplate\":\"https:\/\/slowfoodnordic.com\/?s={search_term_string}\"},\"query-input\":{\"@type\":\"PropertyValueSpecification\",\"valueRequired\":true,\"valueName\":\"search_term_string\"}}],\"inLanguage\":\"fi\"},{\"@type\":\"Organization\",\"@id\":\"https:\/\/slowfoodnordic.com\/#organization\",\"name\":\"Slow Food in the Nordic Countries\",\"url\":\"https:\/\/slowfoodnordic.com\/\",\"logo\":{\"@type\":\"ImageObject\",\"inLanguage\":\"fi\",\"@id\":\"https:\/\/slowfoodnordic.com\/#\/schema\/logo\/image\/\",\"url\":\"https:\/\/slowfoodnordic.com\/wp-content\/uploads\/2025\/06\/EN_SF_convivium-in-the-Nordic-Countries.jpg\",\"contentUrl\":\"https:\/\/slowfoodnordic.com\/wp-content\/uploads\/2025\/06\/EN_SF_convivium-in-the-Nordic-Countries.jpg\",\"width\":1375,\"height\":543,\"caption\":\"Slow Food in the Nordic Countries\"},\"image\":{\"@id\":\"https:\/\/slowfoodnordic.com\/#\/schema\/logo\/image\/\"}}]}<\/script>\n<!-- \/ Yoast SEO plugin. -->","yoast_head_json":{"title":"Toimenpide-ehdotus: pikainen tarve hidastamiselle - Slow Food in the Nordic Countries","robots":{"index":"index","follow":"follow","max-snippet":"max-snippet:-1","max-image-preview":"max-image-preview:large","max-video-preview":"max-video-preview:-1"},"canonical":"https:\/\/slowfoodnordic.com\/fi\/toimenpide-ehdotus-pikainen-tarve-hidastamiselle\/","og_locale":"fi_FI","og_type":"article","og_title":"Toimenpide-ehdotus: pikainen tarve hidastamiselle - Slow Food in the Nordic Countries","og_description":"&#8212;- Toimenpide-ehdotus: T\u00e4m\u00e4n kirjeen tarkoituksena on saada Slow Food -verkoston kaikki tasot mukaan systematisoimaan ty\u00f6t\u00e4mme sek\u00e4 arvioimaan ja hy\u00f6dynt\u00e4m\u00e4\u00e4n sen vaikutusta paremman maailman luomiseksi. &#8212;- Aikajana T\u00e4m\u00e4 on asiakirja. Sen sis\u00e4lt\u00e4miin ideoihin tulisi tutustua ja keskustella niist\u00e4 ennen koko verkoston yhteist\u00e4 kansainv\u00e4list\u00e4 Slow Food Congressia, jossa siihen sitoudutaan virallisesti yhteisesti seuraavaksi kriittiseksi toiminnan vuosikymmeneksi. &#8212;- [&hellip;]","og_url":"https:\/\/slowfoodnordic.com\/fi\/toimenpide-ehdotus-pikainen-tarve-hidastamiselle\/","og_site_name":"Slow Food in the Nordic Countries","twitter_card":"summary_large_image","twitter_misc":{"Arvioitu lukuaika":"1 minuutti"},"schema":{"@context":"https:\/\/schema.org","@graph":[{"@type":"WebPage","@id":"https:\/\/slowfoodnordic.com\/fi\/toimenpide-ehdotus-pikainen-tarve-hidastamiselle\/","url":"https:\/\/slowfoodnordic.com\/fi\/toimenpide-ehdotus-pikainen-tarve-hidastamiselle\/","name":"Toimenpide-ehdotus: pikainen tarve hidastamiselle - Slow Food in the Nordic Countries","isPartOf":{"@id":"https:\/\/slowfoodnordic.com\/#website"},"datePublished":"2022-08-21T16:30:57+00:00","breadcrumb":{"@id":"https:\/\/slowfoodnordic.com\/fi\/toimenpide-ehdotus-pikainen-tarve-hidastamiselle\/#breadcrumb"},"inLanguage":"fi","potentialAction":[{"@type":"ReadAction","target":["https:\/\/slowfoodnordic.com\/fi\/toimenpide-ehdotus-pikainen-tarve-hidastamiselle\/"]}]},{"@type":"BreadcrumbList","@id":"https:\/\/slowfoodnordic.com\/fi\/toimenpide-ehdotus-pikainen-tarve-hidastamiselle\/#breadcrumb","itemListElement":[{"@type":"ListItem","position":1,"name":"Home","item":"https:\/\/slowfoodnordic.com\/fi\/"},{"@type":"ListItem","position":2,"name":"Toimenpide-ehdotus: pikainen tarve hidastamiselle"}]},{"@type":"WebSite","@id":"https:\/\/slowfoodnordic.com\/#website","url":"https:\/\/slowfoodnordic.com\/","name":"Slow Food in the Nordic Countries","description":"","publisher":{"@id":"https:\/\/slowfoodnordic.com\/#organization"},"potentialAction":[{"@type":"SearchAction","target":{"@type":"EntryPoint","urlTemplate":"https:\/\/slowfoodnordic.com\/?s={search_term_string}"},"query-input":{"@type":"PropertyValueSpecification","valueRequired":true,"valueName":"search_term_string"}}],"inLanguage":"fi"},{"@type":"Organization","@id":"https:\/\/slowfoodnordic.com\/#organization","name":"Slow Food in the Nordic Countries","url":"https:\/\/slowfoodnordic.com\/","logo":{"@type":"ImageObject","inLanguage":"fi","@id":"https:\/\/slowfoodnordic.com\/#\/schema\/logo\/image\/","url":"https:\/\/slowfoodnordic.com\/wp-content\/uploads\/2025\/06\/EN_SF_convivium-in-the-Nordic-Countries.jpg","contentUrl":"https:\/\/slowfoodnordic.com\/wp-content\/uploads\/2025\/06\/EN_SF_convivium-in-the-Nordic-Countries.jpg","width":1375,"height":543,"caption":"Slow Food in the Nordic Countries"},"image":{"@id":"https:\/\/slowfoodnordic.com\/#\/schema\/logo\/image\/"}}]}},"_links":{"self":[{"href":"https:\/\/slowfoodnordic.com\/fi\/wp-json\/wp\/v2\/pages\/6152","targetHints":{"allow":["GET"]}}],"collection":[{"href":"https:\/\/slowfoodnordic.com\/fi\/wp-json\/wp\/v2\/pages"}],"about":[{"href":"https:\/\/slowfoodnordic.com\/fi\/wp-json\/wp\/v2\/types\/page"}],"author":[{"embeddable":true,"href":"https:\/\/slowfoodnordic.com\/fi\/wp-json\/wp\/v2\/users\/5"}],"replies":[{"embeddable":true,"href":"https:\/\/slowfoodnordic.com\/fi\/wp-json\/wp\/v2\/comments?post=6152"}],"version-history":[{"count":2,"href":"https:\/\/slowfoodnordic.com\/fi\/wp-json\/wp\/v2\/pages\/6152\/revisions"}],"predecessor-version":[{"id":6173,"href":"https:\/\/slowfoodnordic.com\/fi\/wp-json\/wp\/v2\/pages\/6152\/revisions\/6173"}],"wp:attachment":[{"href":"https:\/\/slowfoodnordic.com\/fi\/wp-json\/wp\/v2\/media?parent=6152"}],"curies":[{"name":"wp","href":"https:\/\/api.w.org\/{rel}","templated":true}]}}