{"id":4953,"date":"2022-04-07T11:34:34","date_gmt":"2022-04-07T11:34:34","guid":{"rendered":"https:\/\/slowfoodnordic.com\/?page_id=4953"},"modified":"2022-04-07T11:34:57","modified_gmt":"2022-04-07T11:34:57","slug":"pohjoismaisen-artesaaniruoan-markkinat","status":"publish","type":"page","link":"https:\/\/slowfoodnordic.com\/fi\/pohjoismaisen-artesaaniruoan-markkinat\/","title":{"rendered":"Pohjoismaisen artesaaniruoan markkinat"},"content":{"rendered":"<h1><strong>2.-3.9.<\/strong><strong>2022 <\/strong><strong>Tukholma<\/strong><\/h1>\n<p>Tervetuloa vuoden ruokatapahtumaan syyskuussa!<\/p>\n<p>P\u00e4ivien aikana j\u00e4rjestet\u00e4\u00e4n markkinoiden lis\u00e4ksi pohjoismaisen artesaaniruoan kilpailu, ty\u00f6pajoja, maistelupajoja sek\u00e4 mielenkiintoisia keskusteluja mm. tulevaisuuden ruokaj\u00e4rjestelm\u00e4st\u00e4. Sinulla on nyt mahdollisuus rekister\u00f6id\u00e4 osallistumisesi Pohjoismaisen artesaaniruoan markkinoille. <strong><em>Paikkoja on rajoitettu m\u00e4\u00e4r\u00e4<\/em><\/strong> ja siksi j\u00e4rjest\u00e4j\u00e4 pid\u00e4tt\u00e4\u00e4 oikeuden jakaa paikkoja tasaisesti Pohjoismaiden ja eri toimialojen kesken.<\/p>\n<h2>ALUSTAVAT AUKIOLOAJAT<\/h2>\n<ul>\n<li>Tapahtuman valmistelu perjantaiaamuna<\/li>\n<li>Perjantai 2.9. klo 12-20<\/li>\n<li>Lauantai 3.9. klo 10-16<\/li>\n<\/ul>\n<h1>K\u00c4YT\u00c4NN\u00d6N TIETOA<\/h1>\n<ul>\n<li>2 metrin p\u00f6yt\u00e4paikka, useampi yritys voi halutessaan jakaa p\u00f6yd\u00e4n.<\/li>\n<li>Hinta: SEK 1500 + ALV per paikka, kalusteet ja s\u00e4ilytys sis\u00e4ltyv\u00e4t hintaan (paikka kylm\u00e4s\u00e4il\u00f6ss\u00e4).<\/li>\n<li>Kaikki osastolla olevat varusteet, kuten j\u00e4\u00e4kaappi, voidaan vuokrata omakustannushintaan.<\/li>\n<li>Y\u00f6vartijat ovat paikalla perjantaista lauantaihin.<\/li>\n<li>Jokainen yritys valitsee oman maksuratkaisunsa. Pohdimme parhaillaan pohjoismaisille osallistujille yhteist\u00e4 ratkaisua.<\/li>\n<\/ul>\n<h1>AKTIVITEETTIMAHDOLLISUUDET<\/h1>\n<p>Markkinatelttojen ulkopuolista aluetta voi k\u00e4ytt\u00e4\u00e4 eri aktiviteetteihin. T\u00e4st\u00e4 toiminnasta on sovittava etuk\u00e4teen projektip\u00e4\u00e4llik\u00f6iden kanssa. Kannustamme torin toimijoita esim. myym\u00e4\u00e4n tuotteistaan koottuja makulautasia.<\/p>\n<h1>PAIKOITUS<\/h1>\n<p>Pys\u00e4k\u00f6inti on mahdollista tapahtumapaikan l\u00e4heisyydess\u00e4, mutta ei ihan markkina-alueen vieress\u00e4. Autojen p\u00e4\u00e4sy itse tapahtuma-alueelle on kielletty. Alueella on paikkoja matkailuautoille.<\/p>\n<h1>OHJELMA P\u00c4IVITT\u00c4IN<\/h1>\n<h2>Torstai 1.9.<\/h2>\n<ul>\n<li>Yhteis\u00f6p\u00e4iv\u00e4<\/li>\n<li>Kilpailun arvioinnit<\/li>\n<li>Ammattilaisaktiviteetteja<\/li>\n<li>Tervetuliaisillallinen<\/li>\n<\/ul>\n<h2>Perjantai 2.9.<\/h2>\n<ul>\n<li>Pohjoismaisen artesaaniruoan markkinat<\/li>\n<li>K\u00e4vij\u00e4aktiviteetteja<\/li>\n<li>Palkintojen jako<\/li>\n<\/ul>\n<h2>Lauantai 3.9.<\/h2>\n<ul>\n<li>Pohjoismaisen artesaaniruoan markkinat<\/li>\n<li>K\u00e4vij\u00e4- sek\u00e4 ruokak\u00e4sity\u00f6l\u00e4isaktiviteetteja<\/li>\n<\/ul>\n<h1>ILMOITA YRITYKSESI\/ALUEESI POHJOISMAISEN ARTESAANIRUOAN MARKKINOILLE<\/h1>\n<p><strong>Yhteyshenkil\u00f6<br \/>\n<\/strong>Jannie Vestergaard <a href=\"mailto:terramadrenordic@gmail.com\"><strong>terramadrenordic@gmail.com<\/strong><\/a> tel. +45 25 47 09 86<\/p>\n<p><strong>Ruotsalaiset yritykset<br \/>\n<\/strong>Sofia Klasson <a href=\"mailto:sofiak@eldrimner.com\"><strong>sofiak@eldrimner.com<\/strong><\/a> tel. +46 70 224 38 45<\/p>\n<p><a href=\"https:\/\/slowfoodnordic.com\/wp-content\/uploads\/2022\/03\/NAFA-TMN-Market.pdf\">Information about the market in PDF<\/a><br \/>\n<a href=\"https:\/\/slowfoodnordic.com\/wp-content\/uploads\/2022\/04\/NAFA-TMN-Market_FI.pdf\">NAFA-TMN Market_FI<\/a><\/p>\n<p><img fetchpriority=\"high\" decoding=\"async\" class=\"alignnone wp-image-4722 size-large\" src=\"https:\/\/slowfoodnordic.com\/wp-content\/uploads\/2022\/03\/DSC_7478-1024x683.jpg\" alt=\"Nordic artisan food market\" width=\"640\" height=\"427\" srcset=\"https:\/\/slowfoodnordic.com\/wp-content\/uploads\/2022\/03\/DSC_7478-1024x683.jpg 1024w, https:\/\/slowfoodnordic.com\/wp-content\/uploads\/2022\/03\/DSC_7478-300x200.jpg 300w, https:\/\/slowfoodnordic.com\/wp-content\/uploads\/2022\/03\/DSC_7478-768x512.jpg 768w, https:\/\/slowfoodnordic.com\/wp-content\/uploads\/2022\/03\/DSC_7478-1536x1024.jpg 1536w, https:\/\/slowfoodnordic.com\/wp-content\/uploads\/2022\/03\/DSC_7478-2048x1365.jpg 2048w\" sizes=\"(max-width: 640px) 100vw, 640px\" \/><\/p>\n<p><img decoding=\"async\" class=\"alignnone size-full wp-image-4742\" src=\"https:\/\/slowfoodnordic.com\/wp-content\/uploads\/2022\/03\/taltexempel3.jpg\" alt=\"\" width=\"640\" height=\"427\" srcset=\"https:\/\/slowfoodnordic.com\/wp-content\/uploads\/2022\/03\/taltexempel3.jpg 640w, https:\/\/slowfoodnordic.com\/wp-content\/uploads\/2022\/03\/taltexempel3-300x200.jpg 300w\" sizes=\"(max-width: 640px) 100vw, 640px\" \/><\/p>\n","protected":false},"excerpt":{"rendered":"<p>2.-3.9.2022 Tukholma Tervetuloa vuoden ruokatapahtumaan syyskuussa! P\u00e4ivien aikana j\u00e4rjestet\u00e4\u00e4n markkinoiden lis\u00e4ksi pohjoismaisen artesaaniruoan kilpailu, ty\u00f6pajoja, maistelupajoja sek\u00e4 mielenkiintoisia keskusteluja mm. tulevaisuuden ruokaj\u00e4rjestelm\u00e4st\u00e4. Sinulla on nyt mahdollisuus rekister\u00f6id\u00e4 osallistumisesi Pohjoismaisen artesaaniruoan markkinoille. Paikkoja on rajoitettu m\u00e4\u00e4r\u00e4 ja siksi j\u00e4rjest\u00e4j\u00e4 pid\u00e4tt\u00e4\u00e4 oikeuden jakaa paikkoja tasaisesti Pohjoismaiden ja eri toimialojen kesken. ALUSTAVAT AUKIOLOAJAT Tapahtuman valmistelu perjantaiaamuna Perjantai 2.9. [&hellip;]<\/p>\n","protected":false},"author":5,"featured_media":0,"parent":0,"menu_order":2,"comment_status":"closed","ping_status":"closed","template":"","meta":{"footnotes":""},"class_list":["post-4953","page","type-page","status-publish","hentry"],"yoast_head":"<!-- This site is optimized with the Yoast SEO plugin v25.2 - https:\/\/yoast.com\/wordpress\/plugins\/seo\/ -->\n<title>Pohjoismaisen artesaaniruoan markkinat - Slow Food in the Nordic Countries<\/title>\n<meta name=\"robots\" content=\"index, follow, max-snippet:-1, max-image-preview:large, max-video-preview:-1\" \/>\n<link rel=\"canonical\" href=\"https:\/\/slowfoodnordic.com\/fi\/pohjoismaisen-artesaaniruoan-markkinat\/\" \/>\n<meta property=\"og:locale\" content=\"fi_FI\" \/>\n<meta property=\"og:type\" content=\"article\" \/>\n<meta property=\"og:title\" content=\"Pohjoismaisen artesaaniruoan markkinat - Slow Food in the Nordic Countries\" \/>\n<meta property=\"og:description\" content=\"2.-3.9.2022 Tukholma Tervetuloa vuoden ruokatapahtumaan syyskuussa! P\u00e4ivien aikana j\u00e4rjestet\u00e4\u00e4n markkinoiden lis\u00e4ksi pohjoismaisen artesaaniruoan kilpailu, ty\u00f6pajoja, maistelupajoja sek\u00e4 mielenkiintoisia keskusteluja mm. tulevaisuuden ruokaj\u00e4rjestelm\u00e4st\u00e4. Sinulla on nyt mahdollisuus rekister\u00f6id\u00e4 osallistumisesi Pohjoismaisen artesaaniruoan markkinoille. Paikkoja on rajoitettu m\u00e4\u00e4r\u00e4 ja siksi j\u00e4rjest\u00e4j\u00e4 pid\u00e4tt\u00e4\u00e4 oikeuden jakaa paikkoja tasaisesti Pohjoismaiden ja eri toimialojen kesken. ALUSTAVAT AUKIOLOAJAT Tapahtuman valmistelu perjantaiaamuna Perjantai 2.9. [&hellip;]\" \/>\n<meta property=\"og:url\" content=\"https:\/\/slowfoodnordic.com\/fi\/pohjoismaisen-artesaaniruoan-markkinat\/\" \/>\n<meta property=\"og:site_name\" content=\"Slow Food in the Nordic Countries\" \/>\n<meta property=\"article:modified_time\" content=\"2022-04-07T11:34:57+00:00\" \/>\n<meta property=\"og:image\" content=\"https:\/\/slowfoodnordic.com\/wp-content\/uploads\/2022\/03\/DSC_7478-1024x683.jpg\" \/>\n<meta name=\"twitter:card\" content=\"summary_large_image\" \/>\n<meta name=\"twitter:label1\" content=\"Arvioitu lukuaika\" \/>\n\t<meta name=\"twitter:data1\" content=\"1 minuutti\" \/>\n<script type=\"application\/ld+json\" class=\"yoast-schema-graph\">{\"@context\":\"https:\/\/schema.org\",\"@graph\":[{\"@type\":\"WebPage\",\"@id\":\"https:\/\/slowfoodnordic.com\/fi\/pohjoismaisen-artesaaniruoan-markkinat\/\",\"url\":\"https:\/\/slowfoodnordic.com\/fi\/pohjoismaisen-artesaaniruoan-markkinat\/\",\"name\":\"Pohjoismaisen artesaaniruoan markkinat - Slow Food in the Nordic Countries\",\"isPartOf\":{\"@id\":\"https:\/\/slowfoodnordic.com\/#website\"},\"primaryImageOfPage\":{\"@id\":\"https:\/\/slowfoodnordic.com\/fi\/pohjoismaisen-artesaaniruoan-markkinat\/#primaryimage\"},\"image\":{\"@id\":\"https:\/\/slowfoodnordic.com\/fi\/pohjoismaisen-artesaaniruoan-markkinat\/#primaryimage\"},\"thumbnailUrl\":\"https:\/\/slowfoodnordic.com\/wp-content\/uploads\/2022\/03\/DSC_7478-1024x683.jpg\",\"datePublished\":\"2022-04-07T11:34:34+00:00\",\"dateModified\":\"2022-04-07T11:34:57+00:00\",\"breadcrumb\":{\"@id\":\"https:\/\/slowfoodnordic.com\/fi\/pohjoismaisen-artesaaniruoan-markkinat\/#breadcrumb\"},\"inLanguage\":\"fi\",\"potentialAction\":[{\"@type\":\"ReadAction\",\"target\":[\"https:\/\/slowfoodnordic.com\/fi\/pohjoismaisen-artesaaniruoan-markkinat\/\"]}]},{\"@type\":\"ImageObject\",\"inLanguage\":\"fi\",\"@id\":\"https:\/\/slowfoodnordic.com\/fi\/pohjoismaisen-artesaaniruoan-markkinat\/#primaryimage\",\"url\":\"https:\/\/slowfoodnordic.com\/wp-content\/uploads\/2022\/03\/DSC_7478-1024x683.jpg\",\"contentUrl\":\"https:\/\/slowfoodnordic.com\/wp-content\/uploads\/2022\/03\/DSC_7478-1024x683.jpg\"},{\"@type\":\"BreadcrumbList\",\"@id\":\"https:\/\/slowfoodnordic.com\/fi\/pohjoismaisen-artesaaniruoan-markkinat\/#breadcrumb\",\"itemListElement\":[{\"@type\":\"ListItem\",\"position\":1,\"name\":\"Home\",\"item\":\"https:\/\/slowfoodnordic.com\/fi\/\"},{\"@type\":\"ListItem\",\"position\":2,\"name\":\"Pohjoismaisen artesaaniruoan markkinat\"}]},{\"@type\":\"WebSite\",\"@id\":\"https:\/\/slowfoodnordic.com\/#website\",\"url\":\"https:\/\/slowfoodnordic.com\/\",\"name\":\"Slow Food in the Nordic Countries\",\"description\":\"\",\"publisher\":{\"@id\":\"https:\/\/slowfoodnordic.com\/#organization\"},\"potentialAction\":[{\"@type\":\"SearchAction\",\"target\":{\"@type\":\"EntryPoint\",\"urlTemplate\":\"https:\/\/slowfoodnordic.com\/?s={search_term_string}\"},\"query-input\":{\"@type\":\"PropertyValueSpecification\",\"valueRequired\":true,\"valueName\":\"search_term_string\"}}],\"inLanguage\":\"fi\"},{\"@type\":\"Organization\",\"@id\":\"https:\/\/slowfoodnordic.com\/#organization\",\"name\":\"Slow Food in the Nordic Countries\",\"url\":\"https:\/\/slowfoodnordic.com\/\",\"logo\":{\"@type\":\"ImageObject\",\"inLanguage\":\"fi\",\"@id\":\"https:\/\/slowfoodnordic.com\/#\/schema\/logo\/image\/\",\"url\":\"https:\/\/slowfoodnordic.com\/wp-content\/uploads\/2025\/06\/EN_SF_convivium-in-the-Nordic-Countries.jpg\",\"contentUrl\":\"https:\/\/slowfoodnordic.com\/wp-content\/uploads\/2025\/06\/EN_SF_convivium-in-the-Nordic-Countries.jpg\",\"width\":1375,\"height\":543,\"caption\":\"Slow Food in the Nordic Countries\"},\"image\":{\"@id\":\"https:\/\/slowfoodnordic.com\/#\/schema\/logo\/image\/\"}}]}<\/script>\n<!-- \/ Yoast SEO plugin. -->","yoast_head_json":{"title":"Pohjoismaisen artesaaniruoan markkinat - Slow Food in the Nordic Countries","robots":{"index":"index","follow":"follow","max-snippet":"max-snippet:-1","max-image-preview":"max-image-preview:large","max-video-preview":"max-video-preview:-1"},"canonical":"https:\/\/slowfoodnordic.com\/fi\/pohjoismaisen-artesaaniruoan-markkinat\/","og_locale":"fi_FI","og_type":"article","og_title":"Pohjoismaisen artesaaniruoan markkinat - Slow Food in the Nordic Countries","og_description":"2.-3.9.2022 Tukholma Tervetuloa vuoden ruokatapahtumaan syyskuussa! P\u00e4ivien aikana j\u00e4rjestet\u00e4\u00e4n markkinoiden lis\u00e4ksi pohjoismaisen artesaaniruoan kilpailu, ty\u00f6pajoja, maistelupajoja sek\u00e4 mielenkiintoisia keskusteluja mm. tulevaisuuden ruokaj\u00e4rjestelm\u00e4st\u00e4. Sinulla on nyt mahdollisuus rekister\u00f6id\u00e4 osallistumisesi Pohjoismaisen artesaaniruoan markkinoille. Paikkoja on rajoitettu m\u00e4\u00e4r\u00e4 ja siksi j\u00e4rjest\u00e4j\u00e4 pid\u00e4tt\u00e4\u00e4 oikeuden jakaa paikkoja tasaisesti Pohjoismaiden ja eri toimialojen kesken. ALUSTAVAT AUKIOLOAJAT Tapahtuman valmistelu perjantaiaamuna Perjantai 2.9. [&hellip;]","og_url":"https:\/\/slowfoodnordic.com\/fi\/pohjoismaisen-artesaaniruoan-markkinat\/","og_site_name":"Slow Food in the Nordic Countries","article_modified_time":"2022-04-07T11:34:57+00:00","og_image":[{"url":"https:\/\/slowfoodnordic.com\/wp-content\/uploads\/2022\/03\/DSC_7478-1024x683.jpg","type":"","width":"","height":""}],"twitter_card":"summary_large_image","twitter_misc":{"Arvioitu lukuaika":"1 minuutti"},"schema":{"@context":"https:\/\/schema.org","@graph":[{"@type":"WebPage","@id":"https:\/\/slowfoodnordic.com\/fi\/pohjoismaisen-artesaaniruoan-markkinat\/","url":"https:\/\/slowfoodnordic.com\/fi\/pohjoismaisen-artesaaniruoan-markkinat\/","name":"Pohjoismaisen artesaaniruoan markkinat - Slow Food in the Nordic Countries","isPartOf":{"@id":"https:\/\/slowfoodnordic.com\/#website"},"primaryImageOfPage":{"@id":"https:\/\/slowfoodnordic.com\/fi\/pohjoismaisen-artesaaniruoan-markkinat\/#primaryimage"},"image":{"@id":"https:\/\/slowfoodnordic.com\/fi\/pohjoismaisen-artesaaniruoan-markkinat\/#primaryimage"},"thumbnailUrl":"https:\/\/slowfoodnordic.com\/wp-content\/uploads\/2022\/03\/DSC_7478-1024x683.jpg","datePublished":"2022-04-07T11:34:34+00:00","dateModified":"2022-04-07T11:34:57+00:00","breadcrumb":{"@id":"https:\/\/slowfoodnordic.com\/fi\/pohjoismaisen-artesaaniruoan-markkinat\/#breadcrumb"},"inLanguage":"fi","potentialAction":[{"@type":"ReadAction","target":["https:\/\/slowfoodnordic.com\/fi\/pohjoismaisen-artesaaniruoan-markkinat\/"]}]},{"@type":"ImageObject","inLanguage":"fi","@id":"https:\/\/slowfoodnordic.com\/fi\/pohjoismaisen-artesaaniruoan-markkinat\/#primaryimage","url":"https:\/\/slowfoodnordic.com\/wp-content\/uploads\/2022\/03\/DSC_7478-1024x683.jpg","contentUrl":"https:\/\/slowfoodnordic.com\/wp-content\/uploads\/2022\/03\/DSC_7478-1024x683.jpg"},{"@type":"BreadcrumbList","@id":"https:\/\/slowfoodnordic.com\/fi\/pohjoismaisen-artesaaniruoan-markkinat\/#breadcrumb","itemListElement":[{"@type":"ListItem","position":1,"name":"Home","item":"https:\/\/slowfoodnordic.com\/fi\/"},{"@type":"ListItem","position":2,"name":"Pohjoismaisen artesaaniruoan markkinat"}]},{"@type":"WebSite","@id":"https:\/\/slowfoodnordic.com\/#website","url":"https:\/\/slowfoodnordic.com\/","name":"Slow Food in the Nordic Countries","description":"","publisher":{"@id":"https:\/\/slowfoodnordic.com\/#organization"},"potentialAction":[{"@type":"SearchAction","target":{"@type":"EntryPoint","urlTemplate":"https:\/\/slowfoodnordic.com\/?s={search_term_string}"},"query-input":{"@type":"PropertyValueSpecification","valueRequired":true,"valueName":"search_term_string"}}],"inLanguage":"fi"},{"@type":"Organization","@id":"https:\/\/slowfoodnordic.com\/#organization","name":"Slow Food in the Nordic Countries","url":"https:\/\/slowfoodnordic.com\/","logo":{"@type":"ImageObject","inLanguage":"fi","@id":"https:\/\/slowfoodnordic.com\/#\/schema\/logo\/image\/","url":"https:\/\/slowfoodnordic.com\/wp-content\/uploads\/2025\/06\/EN_SF_convivium-in-the-Nordic-Countries.jpg","contentUrl":"https:\/\/slowfoodnordic.com\/wp-content\/uploads\/2025\/06\/EN_SF_convivium-in-the-Nordic-Countries.jpg","width":1375,"height":543,"caption":"Slow Food in the Nordic Countries"},"image":{"@id":"https:\/\/slowfoodnordic.com\/#\/schema\/logo\/image\/"}}]}},"_links":{"self":[{"href":"https:\/\/slowfoodnordic.com\/fi\/wp-json\/wp\/v2\/pages\/4953","targetHints":{"allow":["GET"]}}],"collection":[{"href":"https:\/\/slowfoodnordic.com\/fi\/wp-json\/wp\/v2\/pages"}],"about":[{"href":"https:\/\/slowfoodnordic.com\/fi\/wp-json\/wp\/v2\/types\/page"}],"author":[{"embeddable":true,"href":"https:\/\/slowfoodnordic.com\/fi\/wp-json\/wp\/v2\/users\/5"}],"replies":[{"embeddable":true,"href":"https:\/\/slowfoodnordic.com\/fi\/wp-json\/wp\/v2\/comments?post=4953"}],"version-history":[{"count":2,"href":"https:\/\/slowfoodnordic.com\/fi\/wp-json\/wp\/v2\/pages\/4953\/revisions"}],"predecessor-version":[{"id":4961,"href":"https:\/\/slowfoodnordic.com\/fi\/wp-json\/wp\/v2\/pages\/4953\/revisions\/4961"}],"wp:attachment":[{"href":"https:\/\/slowfoodnordic.com\/fi\/wp-json\/wp\/v2\/media?parent=4953"}],"curies":[{"name":"wp","href":"https:\/\/api.w.org\/{rel}","templated":true}]}}